{"id":9827,"date":"2025-08-25T16:16:23","date_gmt":"2025-08-25T19:16:23","guid":{"rendered":"https:\/\/internacional.ufpr.br\/portal\/?page_id=9827"},"modified":"2026-04-01T14:09:44","modified_gmt":"2026-04-01T17:09:44","slug":"disciplinas-coil","status":"publish","type":"page","link":"https:\/\/internacional.ufpr.br\/portal\/disciplinas-internacionais\/disciplinas-coil\/","title":{"rendered":"Interc\u00e2mbio Virtual de Aprendizagem \u2013 COIL"},"content":{"rendered":"\n<p><br><span style=\"color: #1c1c1c;\"><span style=\"font-family: Sans Serif Collection, sans-serif;\"><span style=\"font-size: medium;\">\u00c9 a conex\u00e3o virtual de docentes e estudantes de institui\u00e7\u00f5es ao redor do mundo para a cria\u00e7\u00e3o de experi\u00eancias de ensino e aprendizagem colaborativas e interculturais, integradas ao planejamento das aulas de uma disciplina da gradua\u00e7\u00e3o ou da p\u00f3s-gradua\u00e7\u00e3o.<\/span><\/span><\/span> <br><br><\/p>\n\n\n\n<div class=\"wp-block-media-text is-stacked-on-mobile\"><figure class=\"wp-block-media-text__media\"><img loading=\"lazy\" decoding=\"async\" width=\"670\" height=\"447\" src=\"https:\/\/internacional.ufpr.br\/portal\/wp-content\/uploads\/2026\/03\/Im25.png\" alt=\"\" class=\"wp-image-12820 size-full\" srcset=\"https:\/\/internacional.ufpr.br\/portal\/wp-content\/uploads\/2026\/03\/Im25.png 670w, https:\/\/internacional.ufpr.br\/portal\/wp-content\/uploads\/2026\/03\/Im25-300x200.png 300w, https:\/\/internacional.ufpr.br\/portal\/wp-content\/uploads\/2026\/03\/Im25-15x10.png 15w\" sizes=\"auto, (max-width: 670px) 100vw, 670px\" \/><\/figure><div class=\"wp-block-media-text__content\">\n<p>O conceito de Interc\u00e2mbio Virtual de Aprendizagem \u2014 COIL remete aos referenciais te\u00f3ricos que evidenciam a import\u00e2ncia do interc\u00e2mbio virtual (<em>Virtual Exchange<\/em> &#8211; VE) e da internacionaliza\u00e7\u00e3o em casa (Beelen; Jones, 2015; Calvo <em>et al<\/em>., 2025).<br>Adiciona-se a esses conceitos, a abordagem COIL (<em>Collaborative Online International Learning<\/em>) cujo objetivo \u00e9 unir, por um determinado prazo, docentes e estudantes de duas ou mais disciplinas de institui\u00e7\u00f5es e de pa\u00edses distintos (Healy; Kennedy, 2020; O&#8217;Dowd, 2017).<br><\/p>\n\n\n\n<p><\/p>\n<\/div><\/div>\n\n\n<div class=\"wp-block-image\">\n<figure class=\"aligncenter size-large is-resized\"><img loading=\"lazy\" decoding=\"async\" width=\"483\" height=\"1024\" src=\"https:\/\/internacional.ufpr.br\/portal\/wp-content\/uploads\/2026\/03\/Infografico-Intercambio-Virtual-COIL-483x1024.png\" alt=\"\" class=\"wp-image-12479\" style=\"width:483px;height:auto\" srcset=\"https:\/\/internacional.ufpr.br\/portal\/wp-content\/uploads\/2026\/03\/Infografico-Intercambio-Virtual-COIL-483x1024.png 483w, https:\/\/internacional.ufpr.br\/portal\/wp-content\/uploads\/2026\/03\/Infografico-Intercambio-Virtual-COIL-141x300.png 141w, https:\/\/internacional.ufpr.br\/portal\/wp-content\/uploads\/2026\/03\/Infografico-Intercambio-Virtual-COIL-768x1629.png 768w, https:\/\/internacional.ufpr.br\/portal\/wp-content\/uploads\/2026\/03\/Infografico-Intercambio-Virtual-COIL-724x1536.png 724w, https:\/\/internacional.ufpr.br\/portal\/wp-content\/uploads\/2026\/03\/Infografico-Intercambio-Virtual-COIL-5x10.png 5w, https:\/\/internacional.ufpr.br\/portal\/wp-content\/uploads\/2026\/03\/Infografico-Intercambio-Virtual-COIL.png 943w\" sizes=\"auto, (max-width: 483px) 100vw, 483px\" \/><\/figure>\n<\/div>\n\n<div class=\"wp-block-image\">\n<figure class=\"alignleft size-thumbnail is-resized\"><img loading=\"lazy\" decoding=\"async\" width=\"150\" height=\"150\" src=\"https:\/\/internacional.ufpr.br\/portal\/wp-content\/uploads\/2026\/03\/Imagem_Rede-tecnologica-global-e-conectada-150x150.png\" alt=\"\" class=\"wp-image-12428\" style=\"object-fit:cover;width:112px;height:auto\" srcset=\"https:\/\/internacional.ufpr.br\/portal\/wp-content\/uploads\/2026\/03\/Imagem_Rede-tecnologica-global-e-conectada-150x150.png 150w, https:\/\/internacional.ufpr.br\/portal\/wp-content\/uploads\/2026\/03\/Imagem_Rede-tecnologica-global-e-conectada-300x300.png 300w, https:\/\/internacional.ufpr.br\/portal\/wp-content\/uploads\/2026\/03\/Imagem_Rede-tecnologica-global-e-conectada-768x768.png 768w, https:\/\/internacional.ufpr.br\/portal\/wp-content\/uploads\/2026\/03\/Imagem_Rede-tecnologica-global-e-conectada-10x10.png 10w, https:\/\/internacional.ufpr.br\/portal\/wp-content\/uploads\/2026\/03\/Imagem_Rede-tecnologica-global-e-conectada.png 1024w\" sizes=\"auto, (max-width: 150px) 100vw, 150px\" \/><\/figure>\n<\/div>\n\n\n<p class=\"has-vivid-cyan-blue-color has-text-color has-link-color wp-elements-52803ceea614ddf88080251fb64d2b4f\" style=\"font-size:20px;font-style:normal;font-weight:700;text-decoration:underline\"><br>Sistema de Colabora\u00e7\u00e3o COIL<strong><br><\/strong><\/p>\n\n\n\n<p><br><br>Caso tenha interesse em participar:<\/p>\n\n\n\n<ul class=\"wp-block-list\">\n<li style=\"font-size:15px\"><strong>Docente da UFPR<\/strong>:&nbsp;<br>&#8211; Observe os editais de chamamento publicados pelo ERI UFPR;<br>&#8211; Preencha, em qualquer tempo, o formul\u00e1rio de interesses para encontrarmos um parceiro COIL e viabilizarmos a oferta da sua disciplina:<br>&#x1f4cb;<a href=\"https:\/\/forms.office.com\/r\/CagMZd4LfR\" target=\"_blank\" rel=\"noreferrer noopener\"><strong>Formul\u00e1rio de \u00e1rea de interesse<\/strong><\/a><br><br><\/li>\n\n\n\n<li style=\"font-size:15px\"><strong>Estudante<\/strong>:&nbsp;<br>&#8211; Inscreva-se nas ofertas dispon\u00edveis. Experi\u00eancias em disciplinas internacionais na UFPR v\u00e3o te ajudar a pontuar mais em editais espec\u00edficos de internacionaliza\u00e7\u00e3o.<\/li>\n<\/ul>\n\n\n<div class=\"wp-block-image\">\n<figure class=\"alignleft size-large is-resized\"><img loading=\"lazy\" decoding=\"async\" width=\"1024\" height=\"751\" src=\"https:\/\/internacional.ufpr.br\/portal\/wp-content\/uploads\/2026\/03\/Imagem_mais-1024x751.jpg\" alt=\"\" class=\"wp-image-12706\" style=\"aspect-ratio:1.3635326045603267;width:58px;height:auto\" srcset=\"https:\/\/internacional.ufpr.br\/portal\/wp-content\/uploads\/2026\/03\/Imagem_mais-1024x751.jpg 1024w, https:\/\/internacional.ufpr.br\/portal\/wp-content\/uploads\/2026\/03\/Imagem_mais-300x220.jpg 300w, https:\/\/internacional.ufpr.br\/portal\/wp-content\/uploads\/2026\/03\/Imagem_mais-768x563.jpg 768w, https:\/\/internacional.ufpr.br\/portal\/wp-content\/uploads\/2026\/03\/Imagem_mais-1536x1126.jpg 1536w, https:\/\/internacional.ufpr.br\/portal\/wp-content\/uploads\/2026\/03\/Imagem_mais-2048x1501.jpg 2048w, https:\/\/internacional.ufpr.br\/portal\/wp-content\/uploads\/2026\/03\/Imagem_mais-14x10.jpg 14w\" sizes=\"auto, (max-width: 1024px) 100vw, 1024px\" \/><\/figure>\n<\/div>\n\n\n<p class=\"has-vivid-cyan-blue-color has-text-color has-link-color wp-elements-c5c898b4741dbee7724c2eb9683a4e59\" style=\"font-size:17px;font-style:normal;font-weight:700\"><br>Saiba mais!<br><br><\/p>\n\n\n<ul>\n<li><a href=\"https:\/\/internacional.ufpr.br\/portal\/wp-content\/uploads\/2025\/08\/SEI_8104115_Oficio_51.pdf\" target=\"_blank\" rel=\"noopener\">Of\u00edcio 51\/2025<\/a><\/li>\n<\/ul>\n\n\n<hr class=\"wp-block-separator has-alpha-channel-opacity is-style-dots\"\/>\n\n\n<div class=\"wp-block-image is-style-default\">\n<figure class=\"alignleft size-thumbnail is-resized\"><img loading=\"lazy\" decoding=\"async\" width=\"150\" height=\"150\" src=\"https:\/\/internacional.ufpr.br\/portal\/wp-content\/uploads\/2026\/03\/EDITAL-150x150.png\" alt=\"\" class=\"wp-image-12368\" style=\"width:92px;height:auto\" srcset=\"https:\/\/internacional.ufpr.br\/portal\/wp-content\/uploads\/2026\/03\/EDITAL-150x150.png 150w, https:\/\/internacional.ufpr.br\/portal\/wp-content\/uploads\/2026\/03\/EDITAL-10x10.png 10w, https:\/\/internacional.ufpr.br\/portal\/wp-content\/uploads\/2026\/03\/EDITAL.png 244w\" sizes=\"auto, (max-width: 150px) 100vw, 150px\" \/><\/figure>\n<\/div>\n\n\n<h5 class=\"wp-block-heading\">&nbsp;<\/h5>\n\n\n\n<h5 class=\"wp-block-heading has-vivid-cyan-blue-color has-text-color has-link-color wp-elements-a35f6076283b19b7082bed948a05e30a\" style=\"font-size:17px;font-style:normal;font-weight:700\"><span style=\"color: #0000ff;\"><span class=\"TextRun SCXW98023501 BCX0\" lang=\"PT-BR\" xml:lang=\"PT-BR\" data-contrast=\"none\"><span class=\"NormalTextRun SCXW98023501 BCX0\">Editais COIL<\/span><\/span><\/span><\/h5>\n\n\n\n<p>&nbsp;<\/p>\n\n\n\n<p><br><a href=\"https:\/\/internacional.ufpr.br\/portal\/wp-content\/uploads\/2026\/03\/Edital-COIL-1.pdf\" target=\"_blank\" rel=\"noopener\">Edital 4\/2026<\/a> &#8211; Edital com a <em>Universidad Nacional de Misiones<\/em> (Argentina)&nbsp;<br><a href=\"https:\/\/internacional.ufpr.br\/portal\/wp-content\/uploads\/2025\/08\/SEI_8086416_Edital_1.pdf\" target=\"_blank\" rel=\"noopener\">Edital 2\/2025<\/a>&nbsp;&#8211; Edital com o <em>Instituto Tecnol\u00f3gico de Sonora<\/em> (M\u00e9xico)&nbsp;<\/p>\n\n\n\n<p>&nbsp;<\/p>\n\n\n\n<hr class=\"wp-block-separator has-alpha-channel-opacity is-style-dots\"\/>\n\n\n<div class=\"wp-block-image\">\n<figure class=\"alignleft size-full is-resized\"><img loading=\"lazy\" decoding=\"async\" width=\"339\" height=\"580\" src=\"https:\/\/internacional.ufpr.br\/portal\/wp-content\/uploads\/2026\/03\/insiracaofinal-1.png\" alt=\"\" class=\"wp-image-12484\" style=\"aspect-ratio:0.75;object-fit:cover;width:102px;height:auto\" srcset=\"https:\/\/internacional.ufpr.br\/portal\/wp-content\/uploads\/2026\/03\/insiracaofinal-1.png 339w, https:\/\/internacional.ufpr.br\/portal\/wp-content\/uploads\/2026\/03\/insiracaofinal-1-175x300.png 175w, https:\/\/internacional.ufpr.br\/portal\/wp-content\/uploads\/2026\/03\/insiracaofinal-1-6x10.png 6w\" sizes=\"auto, (max-width: 339px) 100vw, 339px\" \/><\/figure>\n<\/div>\n\n\n<h5 class=\"wp-block-heading\">&nbsp;<\/h5>\n\n\n\n<h5 class=\"wp-block-heading\">&nbsp;&nbsp;<\/h5>\n\n\n\n<h5 class=\"wp-block-heading has-vivid-cyan-blue-color has-text-color has-link-color wp-elements-b6eb41c6c094c4351657b0690080a887\" style=\"font-size:17px;font-style:normal;font-weight:700\"><span style=\"color: #0000ff;\">Inspire-se<\/span> e inspire!<\/h5>\n\n\n\n<p>&nbsp;<\/p>\n\n\n\n<p>&nbsp;<\/p>\n\n\n\n<ul class=\"wp-block-list\">\n<li style=\"font-size:15px\">Pr\u00e1ticas de Interc\u00e2mbio Virtual &#8211; COIL:<br><a href=\"https:\/\/www.fmb.unesp.br\/#!\/noticias\/v\/id::2178\/brave-brazilian-virtual-exchange---internacionalizacao-em-casa\/\" target=\"_blank\" rel=\"noopener\">Sistemas de sa\u00fade e situa\u00e7\u00e3o epidemiol\u00f3gica<\/a><br><a href=\"https:\/\/www.youtube.com\/watch?v=Yohbztls4ZU\" target=\"_blank\" rel=\"noopener\">Prote\u00ednas plasm\u00e1ticas seminais &#8211; atividade colaborativa<\/a><br><a href=\"https:\/\/www2.uepg.br\/eri\/coil-ppgcsa\/\" target=\"_blank\" rel=\"noopener\">Desenvolvimento rural e agroindustrial<\/a><br><a href=\"https:\/\/www.fc.unesp.br\/#!\/noticias\/v\/id::1278\/programa-brave---coil-unesp-unam-mexico\/\" target=\"_blank\" rel=\"noopener\">Desenvolvimento humano e afetividade na rela\u00e7\u00e3o pedag\u00f3gica<\/a><br><br><\/li>\n\n\n\n<li style=\"font-size:15px\">Sugest\u00f5es de sites para parcerias de Interc\u00e2mbio Virtual de Aprendizagem &#8211; COIL:<br><a href=\"https:\/\/coilconnect.org\/\" target=\"_blank\" rel=\"noreferrer noopener\">COIL Connect<\/a><br><a href=\"https:\/\/globaledgeucation.psu.edu\/faqs\/\" target=\"_blank\" rel=\"noreferrer noopener\">Experiential Digital Global Engagement (EDGE)<\/a><br><a href=\"https:\/\/erasmus-plus.ec.europa.eu\/programme-guide\/part-b\/key-action-1\/virtual-exchanges\" target=\"_blank\" rel=\"noreferrer noopener\">Erasmus &#8211; Virtual Exchange<\/a><br><br><\/li>\n\n\n\n<li style=\"font-size:15px\">Compartilhe sua experi\u00eancia de Interc\u00e2mbio Virtual de Aprendizagem &#8211; COIL no formul\u00e1rio a seguir e inspire outras pessoas:<br>&#x1f4e2;<strong>&nbsp;<\/strong><a href=\"https:\/\/forms.office.com\/r\/YMbVc2eU4b\" target=\"_blank\" rel=\"noreferrer noopener\"><strong>Formul\u00e1rio de relato de experi\u00eancia COIL<\/strong><\/a><\/li>\n<\/ul>\n\n\n\n<p>&nbsp;<\/p>\n\n\n\n<hr class=\"wp-block-separator has-alpha-channel-opacity is-style-dots\"\/>\n\n\n\n<p><\/p>\n","protected":false},"excerpt":{"rendered":"<p>\u00c9 a conex\u00e3o virtual de docentes e estudantes de institui\u00e7\u00f5es ao redor do mundo para a cria\u00e7\u00e3o de experi\u00eancias de ensino e aprendizagem colaborativas e interculturais, integradas ao planejamento das aulas de uma disciplina da gradua\u00e7\u00e3o ou da p\u00f3s-gradua\u00e7\u00e3o. O conceito de Interc\u00e2mbio Virtual de Aprendizagem \u2014 COIL remete aos referenciais te\u00f3ricos que evidenciam a [&hellip;]<\/p>\n","protected":false},"author":12,"featured_media":0,"parent":9834,"menu_order":0,"comment_status":"closed","ping_status":"closed","template":"","meta":{"_acf_changed":false,"footnotes":""},"class_list":["post-9827","page","type-page","status-publish","hentry"],"acf":[],"_links":{"self":[{"href":"https:\/\/internacional.ufpr.br\/portal\/wp-json\/wp\/v2\/pages\/9827","targetHints":{"allow":["GET"]}}],"collection":[{"href":"https:\/\/internacional.ufpr.br\/portal\/wp-json\/wp\/v2\/pages"}],"about":[{"href":"https:\/\/internacional.ufpr.br\/portal\/wp-json\/wp\/v2\/types\/page"}],"author":[{"embeddable":true,"href":"https:\/\/internacional.ufpr.br\/portal\/wp-json\/wp\/v2\/users\/12"}],"replies":[{"embeddable":true,"href":"https:\/\/internacional.ufpr.br\/portal\/wp-json\/wp\/v2\/comments?post=9827"}],"version-history":[{"count":101,"href":"https:\/\/internacional.ufpr.br\/portal\/wp-json\/wp\/v2\/pages\/9827\/revisions"}],"predecessor-version":[{"id":12864,"href":"https:\/\/internacional.ufpr.br\/portal\/wp-json\/wp\/v2\/pages\/9827\/revisions\/12864"}],"up":[{"embeddable":true,"href":"https:\/\/internacional.ufpr.br\/portal\/wp-json\/wp\/v2\/pages\/9834"}],"wp:attachment":[{"href":"https:\/\/internacional.ufpr.br\/portal\/wp-json\/wp\/v2\/media?parent=9827"}],"curies":[{"name":"wp","href":"https:\/\/api.w.org\/{rel}","templated":true}]}}