{"id":9502,"date":"2025-08-15T14:04:08","date_gmt":"2025-08-15T17:04:08","guid":{"rendered":"https:\/\/internacional.ufpr.br\/portal\/?page_id=9502"},"modified":"2025-08-15T16:11:29","modified_gmt":"2025-08-15T19:11:29","slug":"noticias","status":"publish","type":"page","link":"https:\/\/internacional.ufpr.br\/portal\/noticias\/","title":{"rendered":"Not\u00edcias"},"content":{"rendered":"\n<p>Favor n\u00e3o excluir ou alterar essa p\u00e1gina. Ela utiliza o modelo Not\u00edcias e \u00e9 chamada no &#8220;ver mais&#8221; da parte de Not\u00edcias na home page.<\/p>\n","protected":false},"excerpt":{"rendered":"<p>Favor n\u00e3o excluir ou alterar essa p\u00e1gina. Ela utiliza o modelo Not\u00edcias e \u00e9 chamada no &#8220;ver mais&#8221; da parte de Not\u00edcias na home page.<\/p>\n","protected":false},"author":24,"featured_media":0,"parent":0,"menu_order":0,"comment_status":"closed","ping_status":"closed","template":"noticias.php","meta":{"_acf_changed":false,"footnotes":""},"class_list":["post-9502","page","type-page","status-publish","hentry"],"acf":[],"_links":{"self":[{"href":"https:\/\/internacional.ufpr.br\/portal\/wp-json\/wp\/v2\/pages\/9502","targetHints":{"allow":["GET"]}}],"collection":[{"href":"https:\/\/internacional.ufpr.br\/portal\/wp-json\/wp\/v2\/pages"}],"about":[{"href":"https:\/\/internacional.ufpr.br\/portal\/wp-json\/wp\/v2\/types\/page"}],"author":[{"embeddable":true,"href":"https:\/\/internacional.ufpr.br\/portal\/wp-json\/wp\/v2\/users\/24"}],"replies":[{"embeddable":true,"href":"https:\/\/internacional.ufpr.br\/portal\/wp-json\/wp\/v2\/comments?post=9502"}],"version-history":[{"count":4,"href":"https:\/\/internacional.ufpr.br\/portal\/wp-json\/wp\/v2\/pages\/9502\/revisions"}],"predecessor-version":[{"id":9567,"href":"https:\/\/internacional.ufpr.br\/portal\/wp-json\/wp\/v2\/pages\/9502\/revisions\/9567"}],"wp:attachment":[{"href":"https:\/\/internacional.ufpr.br\/portal\/wp-json\/wp\/v2\/media?parent=9502"}],"curies":[{"name":"wp","href":"https:\/\/api.w.org\/{rel}","templated":true}]}}