{"id":9383,"date":"2025-08-12T15:44:11","date_gmt":"2025-08-12T18:44:11","guid":{"rendered":"https:\/\/internacional.ufpr.br\/portal\/?page_id=9383"},"modified":"2026-03-16T16:52:27","modified_gmt":"2026-03-16T19:52:27","slug":"linguas-como-meio-de-instrucao-para-docentes","status":"publish","type":"page","link":"https:\/\/internacional.ufpr.br\/portal\/linguas-como-meio-de-instrucao-para-docentes\/","title":{"rendered":"L\u00ednguas como Meio de Instru\u00e7\u00e3o para Docentes"},"content":{"rendered":"\n<p><a href=\"https:\/\/internacional.ufpr.br\/portal\/2026\/03\/16\/%f0%9f%8c%90-inscricoes-para-o-curso-linguas-como-meio-de-instrucao-e-intercambio-virtual-ate-22-03-para-professores-universitarios\/\" data-type=\"link\" data-id=\"https:\/\/internacional.ufpr.br\/portal\/2026\/03\/16\/%f0%9f%8c%90-inscricoes-para-o-curso-linguas-como-meio-de-instrucao-e-intercambio-virtual-ate-22-03-para-professores-universitarios\/\" target=\"_blank\" rel=\"noreferrer noopener\">&#x1f310;Inscri\u00e7\u00f5es para o curso \u201cL\u00ednguas como Meio de Instru\u00e7\u00e3o e Interc\u00e2mbio Virtual\u201d at\u00e9 22\/03 para professores universit\u00e1rios<\/a><br><br><a href=\"https:\/\/internacional.ufpr.br\/portal\/2025\/08\/22\/edital-para-docentes-da-ufpr-curso-de-linguas-de-instrucao-para-fomentar-a-oferta-de-disciplinas-internacionais\/\">Edital para docentes da UFPR: Cursos de L\u00ednguas de Instru\u00e7\u00e3o para fomentar a oferta de disciplinas internacionais<\/a><\/p>\n\n\n\n<p>A PROPG, a PROGEPE e a Coordenadoria de Pol\u00edticas Lingu\u00edsticas (CPL) do ERI abrem edital de sele\u00e7\u00e3o de professoras e professores ativas(os) da UFPR para cursos de forma\u00e7\u00e3o continuada, com o objetivo de incentivar a oferta de disciplinas internacionais. Haver\u00e1 cursos de Ingl\u00eas, Espanhol e Franc\u00eas como L\u00edngua de Instru\u00e7\u00e3o. <strong>As inscri\u00e7\u00f5es v\u00e3o at\u00e9 dia 08 de setembro de 2025<\/strong>. Importante ler o&nbsp;<a href=\"https:\/\/internacional.ufpr.br\/portal\/wp-content\/uploads\/2025\/08\/Oficio-50-Linguas-de-instrucao.pdf\">Of\u00edcio<\/a>&nbsp;a respeito desta forma\u00e7\u00e3o e o&nbsp;<a href=\"https:\/\/internacional.ufpr.br\/portal\/wp-content\/uploads\/2025\/08\/Edital-selecao-docentes-para-cursos-de-Linguas-de-Instrucao.pdf\">Edital.<\/a><\/p>\n\n\n\n<p><a href=\"https:\/\/internacional.ufpr.br\/portal\/2025\/09\/09\/prorrogacao-de-prazo-de-inscricao-e-retificacao-do-edital-para-docentes-da-ufpr-cursos-de-linguas-de-instrucao-para-fomentar-a-oferta-de-disciplinas-internacionais\/\" data-type=\"link\" data-id=\"https:\/\/internacional.ufpr.br\/portal\/2025\/09\/09\/prorrogacao-de-prazo-de-inscricao-e-retificacao-do-edital-para-docentes-da-ufpr-cursos-de-linguas-de-instrucao-para-fomentar-a-oferta-de-disciplinas-internacionais\/\" target=\"_blank\" rel=\"noreferrer noopener\">Prorroga\u00e7\u00e3o de prazo de inscri\u00e7\u00e3o e retifica\u00e7\u00e3o do Edital para docentes da UFPR: Cursos de L\u00ednguas de Instru\u00e7\u00e3o para fomentar a oferta de disciplinas internacionais<\/a><\/p>\n\n\n\n<p><a href=\"https:\/\/internacional.ufpr.br\/portal\/2025\/09\/23\/cursos-de-linguas-de-instrucao-edital-de-resultado-de-selecao\/\" target=\"_blank\" rel=\"noreferrer noopener\">Edital de resultado de Sele\u00e7\u00e3o de docentes para os Cursos de L\u00ednguas como Meio de Instru\u00e7\u00e3o 2025.<\/a><\/p>\n","protected":false},"excerpt":{"rendered":"<p>&#x1f310;Inscri\u00e7\u00f5es para o curso \u201cL\u00ednguas como Meio de Instru\u00e7\u00e3o e Interc\u00e2mbio Virtual\u201d at\u00e9 22\/03 para professores universit\u00e1rios Edital para docentes da UFPR: Cursos de L\u00ednguas de Instru\u00e7\u00e3o para fomentar a oferta de disciplinas internacionais A PROPG, a PROGEPE e a Coordenadoria de Pol\u00edticas Lingu\u00edsticas (CPL) do ERI abrem edital de sele\u00e7\u00e3o de professoras e professores [&hellip;]<\/p>\n","protected":false},"author":24,"featured_media":0,"parent":0,"menu_order":0,"comment_status":"closed","ping_status":"closed","template":"","meta":{"_acf_changed":false,"footnotes":""},"class_list":["post-9383","page","type-page","status-publish","hentry"],"acf":[],"_links":{"self":[{"href":"https:\/\/internacional.ufpr.br\/portal\/wp-json\/wp\/v2\/pages\/9383","targetHints":{"allow":["GET"]}}],"collection":[{"href":"https:\/\/internacional.ufpr.br\/portal\/wp-json\/wp\/v2\/pages"}],"about":[{"href":"https:\/\/internacional.ufpr.br\/portal\/wp-json\/wp\/v2\/types\/page"}],"author":[{"embeddable":true,"href":"https:\/\/internacional.ufpr.br\/portal\/wp-json\/wp\/v2\/users\/24"}],"replies":[{"embeddable":true,"href":"https:\/\/internacional.ufpr.br\/portal\/wp-json\/wp\/v2\/comments?post=9383"}],"version-history":[{"count":10,"href":"https:\/\/internacional.ufpr.br\/portal\/wp-json\/wp\/v2\/pages\/9383\/revisions"}],"predecessor-version":[{"id":12652,"href":"https:\/\/internacional.ufpr.br\/portal\/wp-json\/wp\/v2\/pages\/9383\/revisions\/12652"}],"wp:attachment":[{"href":"https:\/\/internacional.ufpr.br\/portal\/wp-json\/wp\/v2\/media?parent=9383"}],"curies":[{"name":"wp","href":"https:\/\/api.w.org\/{rel}","templated":true}]}}