{"id":9379,"date":"2025-08-12T15:43:23","date_gmt":"2025-08-12T18:43:23","guid":{"rendered":"https:\/\/internacional.ufpr.br\/portal\/?page_id=9379"},"modified":"2025-08-29T14:59:38","modified_gmt":"2025-08-29T17:59:38","slug":"linguas-para-internacionalizacao","status":"publish","type":"page","link":"https:\/\/internacional.ufpr.br\/portal\/linguas-para-internacionalizacao\/","title":{"rendered":"L\u00ednguas para Internacionaliza\u00e7\u00e3o"},"content":{"rendered":"\n<div style=\"height:15px\" aria-hidden=\"true\" class=\"wp-block-spacer\"><\/div>\n\n\n\n<div class=\"wp-block-columns is-layout-flex wp-container-core-columns-is-layout-9d6595d7 wp-block-columns-is-layout-flex\">\n<div class=\"wp-block-column is-layout-flow wp-block-column-is-layout-flow\" style=\"flex-basis:20%\">\n<div class=\"wp-block-columns is-not-stacked-on-mobile is-layout-flex wp-container-core-columns-is-layout-9d6595d7 wp-block-columns-is-layout-flex\">\n<div class=\"wp-block-column has-text-color has-link-color wp-elements-7c267d2ad4f0bc3d4cbd5d610dc7354e is-layout-flow wp-block-column-is-layout-flow\" style=\"color:#003c71\"><\/div>\n<\/div>\n<\/div>\n\n\n\n<div class=\"wp-block-column is-layout-flow wp-block-column-is-layout-flow\" style=\"flex-basis:60%\">\n<div class=\"wp-block-columns is-not-stacked-on-mobile is-layout-flex wp-container-core-columns-is-layout-9d6595d7 wp-block-columns-is-layout-flex\">\n<div class=\"wp-block-column has-text-color has-link-color wp-elements-c4f27309928b65cbeeb25faaa15c56be is-layout-flow wp-block-column-is-layout-flow\" style=\"color:#003c71\"><div class=\"wp-block-image is-style-default\">\n<figure class=\"aligncenter size-full is-resized\"><a href=\"https:\/\/internacional.ufpr.br\/portal\/isf-idiomas-sem-fronteiras\/\"><img loading=\"lazy\" decoding=\"async\" width=\"249\" height=\"202\" src=\"https:\/\/internacional.ufpr.br\/portal\/wp-content\/uploads\/2025\/08\/IdiomasSemFronteiras.png\" alt=\"\" class=\"wp-image-10236\" style=\"width:120px\" srcset=\"https:\/\/internacional.ufpr.br\/portal\/wp-content\/uploads\/2025\/08\/IdiomasSemFronteiras.png 249w, https:\/\/internacional.ufpr.br\/portal\/wp-content\/uploads\/2025\/08\/IdiomasSemFronteiras-12x10.png 12w\" sizes=\"auto, (max-width: 249px) 100vw, 249px\" \/><\/a><\/figure>\n<\/div>\n\n\n<p class=\"has-text-align-center has-text-color has-link-color wp-elements-d42947e32d1014d1367aa1630a02271e\" style=\"color:#0d518c;font-size:14px\"><a href=\"https:\/\/internacional.ufpr.br\/portal\/isf-idiomas-sem-fronteiras\/\"><strong>Idiomas sem Fronteiras <\/strong><br><strong>Rede Andifes IsF<\/strong><\/a><\/p>\n<\/div>\n\n\n\n<div class=\"wp-block-column has-text-color has-link-color wp-elements-b73ee3485545365a2af494f3f16b1ed1 is-layout-flow wp-block-column-is-layout-flow\" style=\"color:#003c71\">\n<div style=\"height:5px\" aria-hidden=\"true\" class=\"wp-block-spacer\"><\/div>\n\n\n<div class=\"wp-block-image is-style-default\">\n<figure class=\"aligncenter size-full is-resized\"><a href=\"https:\/\/internacional.ufpr.br\/portal\/editais-isf\/\"><img loading=\"lazy\" decoding=\"async\" width=\"512\" height=\"512\" src=\"https:\/\/internacional.ufpr.br\/portal\/wp-content\/uploads\/2025\/08\/Icone_DocumentosMao_Verde_Eri.png\" alt=\"\" class=\"wp-image-9779\" style=\"object-fit:cover;width:70px;height:70px\" srcset=\"https:\/\/internacional.ufpr.br\/portal\/wp-content\/uploads\/2025\/08\/Icone_DocumentosMao_Verde_Eri.png 512w, https:\/\/internacional.ufpr.br\/portal\/wp-content\/uploads\/2025\/08\/Icone_DocumentosMao_Verde_Eri-300x300.png 300w, https:\/\/internacional.ufpr.br\/portal\/wp-content\/uploads\/2025\/08\/Icone_DocumentosMao_Verde_Eri-150x150.png 150w, https:\/\/internacional.ufpr.br\/portal\/wp-content\/uploads\/2025\/08\/Icone_DocumentosMao_Verde_Eri-10x10.png 10w\" sizes=\"auto, (max-width: 512px) 100vw, 512px\" \/><\/a><\/figure>\n<\/div>\n\n\n<p class=\"has-text-align-center has-text-color has-link-color wp-elements-a441c37bb0a3b3f2a6aaed58ae669ac7\" style=\"color:#0d518c;font-size:14px\"><strong><a href=\"https:\/\/internacional.ufpr.br\/portal\/editais-isf\/\">Editais IsF<\/a><\/strong><\/p>\n<\/div>\n<\/div>\n<\/div>\n\n\n\n<div class=\"wp-block-column is-layout-flow wp-block-column-is-layout-flow\" style=\"flex-basis:20%\">\n<div class=\"wp-block-columns is-not-stacked-on-mobile is-layout-flex wp-container-core-columns-is-layout-9d6595d7 wp-block-columns-is-layout-flex\">\n<div class=\"wp-block-column has-text-color has-link-color wp-elements-7c267d2ad4f0bc3d4cbd5d610dc7354e is-layout-flow wp-block-column-is-layout-flow\" style=\"color:#003c71\"><\/div>\n<\/div>\n<\/div>\n<\/div>\n\n\n\n<p><\/p>\n","protected":false},"excerpt":{"rendered":"<p>Idiomas sem Fronteiras Rede Andifes IsF Editais IsF<\/p>\n","protected":false},"author":24,"featured_media":0,"parent":0,"menu_order":0,"comment_status":"closed","ping_status":"closed","template":"","meta":{"_acf_changed":false,"footnotes":""},"class_list":["post-9379","page","type-page","status-publish","hentry"],"acf":[],"_links":{"self":[{"href":"https:\/\/internacional.ufpr.br\/portal\/wp-json\/wp\/v2\/pages\/9379","targetHints":{"allow":["GET"]}}],"collection":[{"href":"https:\/\/internacional.ufpr.br\/portal\/wp-json\/wp\/v2\/pages"}],"about":[{"href":"https:\/\/internacional.ufpr.br\/portal\/wp-json\/wp\/v2\/types\/page"}],"author":[{"embeddable":true,"href":"https:\/\/internacional.ufpr.br\/portal\/wp-json\/wp\/v2\/users\/24"}],"replies":[{"embeddable":true,"href":"https:\/\/internacional.ufpr.br\/portal\/wp-json\/wp\/v2\/comments?post=9379"}],"version-history":[{"count":24,"href":"https:\/\/internacional.ufpr.br\/portal\/wp-json\/wp\/v2\/pages\/9379\/revisions"}],"predecessor-version":[{"id":10267,"href":"https:\/\/internacional.ufpr.br\/portal\/wp-json\/wp\/v2\/pages\/9379\/revisions\/10267"}],"wp:attachment":[{"href":"https:\/\/internacional.ufpr.br\/portal\/wp-json\/wp\/v2\/media?parent=9379"}],"curies":[{"name":"wp","href":"https:\/\/api.w.org\/{rel}","templated":true}]}}