{"id":8664,"date":"2025-07-11T16:31:45","date_gmt":"2025-07-11T19:31:45","guid":{"rendered":"https:\/\/internacional.ufpr.br\/portal\/?page_id=8664"},"modified":"2025-09-11T14:25:13","modified_gmt":"2025-09-11T17:25:13","slug":"telefone-celular","status":"publish","type":"page","link":"https:\/\/internacional.ufpr.br\/portal\/informacoes-para-estrangeiros\/telefone-celular\/","title":{"rendered":"Telefone celular"},"content":{"rendered":"\n<figure class=\"wp-block-image size-large\"><img loading=\"lazy\" decoding=\"async\" width=\"1024\" height=\"106\" src=\"https:\/\/internacional.ufpr.br\/portal\/wp-content\/uploads\/2025\/04\/Site-ERI-10-1024x106.png\" alt=\"\" class=\"wp-image-8382\" srcset=\"https:\/\/internacional.ufpr.br\/portal\/wp-content\/uploads\/2025\/04\/Site-ERI-10-1024x106.png 1024w, https:\/\/internacional.ufpr.br\/portal\/wp-content\/uploads\/2025\/04\/Site-ERI-10-300x31.png 300w, https:\/\/internacional.ufpr.br\/portal\/wp-content\/uploads\/2025\/04\/Site-ERI-10-768x80.png 768w, https:\/\/internacional.ufpr.br\/portal\/wp-content\/uploads\/2025\/04\/Site-ERI-10-40x4.png 40w, https:\/\/internacional.ufpr.br\/portal\/wp-content\/uploads\/2025\/04\/Site-ERI-10.png 1281w\" sizes=\"auto, (max-width: 1024px) 100vw, 1024px\" \/><\/figure>\n\n\n\n<p>No Brasil, as principais empresas de telefone celular s\u00e3o: TIM, CLARO e VIVO. Para comprar um n\u00famero de telefone, voc\u00ea deve ir a uma loja de uma dessas operadoras e solicitar um chip com um n\u00famero para o seu celular. L\u00e1 na loja, o chip ser\u00e1 ativado, voc\u00ea vai fazer o pagamento mensal deste chip e j\u00e1 vai poder usar o seu n\u00famero novo.<\/p>\n\n\n\n<p>Dica: Caso voc\u00ea n\u00e3o queira comprar na loja, existe a op\u00e7\u00e3o de comprar um chip chamado de \u201cpr\u00e9-pago\u201d em qualquer banca da cidade, onde se vendem jornais e revistas. H\u00e1 chips pr\u00e9-pagos nos valores de R$ 20 e R$ 30.<\/p>\n\n\n\n<div class=\"wp-block-media-text is-stacked-on-mobile is-vertically-aligned-bottom\"><figure class=\"wp-block-media-text__media\"><img loading=\"lazy\" decoding=\"async\" width=\"338\" height=\"287\" src=\"https:\/\/internacional.ufpr.br\/portal\/wp-content\/uploads\/2025\/07\/Site-ERI-11-edited.png\" alt=\"\" class=\"wp-image-8385 size-full\" srcset=\"https:\/\/internacional.ufpr.br\/portal\/wp-content\/uploads\/2025\/07\/Site-ERI-11-edited.png 338w, https:\/\/internacional.ufpr.br\/portal\/wp-content\/uploads\/2025\/07\/Site-ERI-11-edited-300x255.png 300w, https:\/\/internacional.ufpr.br\/portal\/wp-content\/uploads\/2025\/07\/Site-ERI-11-edited-12x10.png 12w\" sizes=\"auto, (max-width: 338px) 100vw, 338px\" \/><\/figure><div class=\"wp-block-media-text__content\">\n<p style=\"font-size:15px\">BANCA DA PRA\u00c7A OS\u00d3RIO, onde \u00e9 poss\u00edvel comprar CHIP PR\u00c9 PAGO<br>(Foto: :Luiz Costa\/SMCS)<\/p>\n<\/div><\/div>\n\n\n\n<p>MAS ATEN\u00c7\u00c3O: para o chip pr\u00e9-pago continuar funcionando, voc\u00ea precisa pagar por novos cr\u00e9ditos, por isso fique atento ao vencimento dos cr\u00e9ditos para n\u00e3o perder o n\u00famero comprado. Normalmente voc\u00ea precisa colocar cr\u00e9ditos a cada 90 dias.<\/p>\n","protected":false},"excerpt":{"rendered":"<p>No Brasil, as principais empresas de telefone celular s\u00e3o: TIM, CLARO e VIVO. Para comprar um n\u00famero de telefone, voc\u00ea deve ir a uma loja de uma dessas operadoras e solicitar um chip com um n\u00famero para o seu celular. L\u00e1 na loja, o chip ser\u00e1 ativado, voc\u00ea vai fazer o pagamento mensal deste chip [&hellip;]<\/p>\n","protected":false},"author":12,"featured_media":0,"parent":8595,"menu_order":0,"comment_status":"closed","ping_status":"closed","template":"","meta":{"_acf_changed":false,"footnotes":""},"class_list":["post-8664","page","type-page","status-publish","hentry"],"acf":[],"_links":{"self":[{"href":"https:\/\/internacional.ufpr.br\/portal\/wp-json\/wp\/v2\/pages\/8664","targetHints":{"allow":["GET"]}}],"collection":[{"href":"https:\/\/internacional.ufpr.br\/portal\/wp-json\/wp\/v2\/pages"}],"about":[{"href":"https:\/\/internacional.ufpr.br\/portal\/wp-json\/wp\/v2\/types\/page"}],"author":[{"embeddable":true,"href":"https:\/\/internacional.ufpr.br\/portal\/wp-json\/wp\/v2\/users\/12"}],"replies":[{"embeddable":true,"href":"https:\/\/internacional.ufpr.br\/portal\/wp-json\/wp\/v2\/comments?post=8664"}],"version-history":[{"count":4,"href":"https:\/\/internacional.ufpr.br\/portal\/wp-json\/wp\/v2\/pages\/8664\/revisions"}],"predecessor-version":[{"id":10366,"href":"https:\/\/internacional.ufpr.br\/portal\/wp-json\/wp\/v2\/pages\/8664\/revisions\/10366"}],"up":[{"embeddable":true,"href":"https:\/\/internacional.ufpr.br\/portal\/wp-json\/wp\/v2\/pages\/8595"}],"wp:attachment":[{"href":"https:\/\/internacional.ufpr.br\/portal\/wp-json\/wp\/v2\/media?parent=8664"}],"curies":[{"name":"wp","href":"https:\/\/api.w.org\/{rel}","templated":true}]}}