{"id":8626,"date":"2025-07-11T15:59:41","date_gmt":"2025-07-11T18:59:41","guid":{"rendered":"https:\/\/internacional.ufpr.br\/portal\/?page_id=8626"},"modified":"2025-09-11T14:11:04","modified_gmt":"2025-09-11T17:11:04","slug":"transporte-publico","status":"publish","type":"page","link":"https:\/\/internacional.ufpr.br\/portal\/informacoes-para-estrangeiros\/transporte-publico\/","title":{"rendered":"Transporte P\u00fablico"},"content":{"rendered":"<div class=\"wp-block-image\">\n<figure class=\"alignleft size-large is-resized\"><img loading=\"lazy\" decoding=\"async\" width=\"776\" height=\"436\" src=\"https:\/\/internacional.ufpr.br\/portal\/wp-content\/uploads\/2025\/07\/Site-ERI-20-edited.png\" alt=\"\" class=\"wp-image-8456\" style=\"width:450px;height:auto\" srcset=\"https:\/\/internacional.ufpr.br\/portal\/wp-content\/uploads\/2025\/07\/Site-ERI-20-edited.png 776w, https:\/\/internacional.ufpr.br\/portal\/wp-content\/uploads\/2025\/07\/Site-ERI-20-edited-300x169.png 300w, https:\/\/internacional.ufpr.br\/portal\/wp-content\/uploads\/2025\/07\/Site-ERI-20-edited-768x432.png 768w, https:\/\/internacional.ufpr.br\/portal\/wp-content\/uploads\/2025\/07\/Site-ERI-20-edited-580x326.png 580w, https:\/\/internacional.ufpr.br\/portal\/wp-content\/uploads\/2025\/07\/Site-ERI-20-edited-18x10.png 18w, https:\/\/internacional.ufpr.br\/portal\/wp-content\/uploads\/2025\/07\/Site-ERI-20-edited-160x90.png 160w\" sizes=\"auto, (max-width: 776px) 100vw, 776px\" \/><\/figure>\n<\/div>\n\n\n<p class=\"has-text-align-center\">O transporte p\u00fablico em Curitiba \u00e9 eficiente e a passagem custa R$6,00.<\/p>\n\n\n\n<p class=\"has-text-align-right\">A maioria dos \u00f4nibus s\u00f3 aceita cart\u00e3o de transporte e\/ou cart\u00e3o de d\u00e9bito\/cr\u00e9dito.<\/p>\n\n\n\n<p class=\"has-text-align-right\">Para os pagamentos no cr\u00e9dito\/d\u00e9bito \u00e9 cobrado um adicional de alguns centavos.<\/p>\n\n\n\n<p class=\"has-text-align-right\">Dinheiro (valor m\u00e1ximo de R$ 20) \u00e9 aceito nos terminais de \u00f4nibus e nas chamadas Esta\u00e7\u00f5es Tubo.<\/p>\n\n\n\n<p class=\"has-text-align-right\">O cart\u00e3o transporte de Curitiba \u00e9 feito na empresa Urbs. Para mais informa\u00e7\u00f5es, acessar:<\/p>\n\n\n\n<p class=\"has-text-align-right\"><a href=\"https:\/\/www.urbs.curitiba.pr.gov.br\/utilidades\/cartao-transporte\">https:\/\/www.urbs.curitiba.pr.gov.br\/utilidades\/cartao-transporte<\/a><\/p>\n\n\n\n<p>Curitiba tem v\u00e1rias de linhas \u00f4nibus que se conectam por terminais de \u00f4nibus e, nestas conex\u00f5es, voc\u00ea paga apenas uma passagem. Mas aten\u00e7\u00e3o: para a regi\u00e3o metropolitana, voc\u00ea ir\u00e1 pagar outra passagem.<\/p>\n\n\n\n<figure class=\"wp-block-image size-large is-resized\"><img loading=\"lazy\" decoding=\"async\" width=\"1024\" height=\"447\" src=\"https:\/\/internacional.ufpr.br\/portal\/wp-content\/uploads\/2025\/04\/Site-ERI-21-1024x447.png\" alt=\"\" class=\"wp-image-8457\" style=\"width:725px;height:auto\" srcset=\"https:\/\/internacional.ufpr.br\/portal\/wp-content\/uploads\/2025\/04\/Site-ERI-21-1024x447.png 1024w, https:\/\/internacional.ufpr.br\/portal\/wp-content\/uploads\/2025\/04\/Site-ERI-21-300x131.png 300w, https:\/\/internacional.ufpr.br\/portal\/wp-content\/uploads\/2025\/04\/Site-ERI-21-768x335.png 768w, https:\/\/internacional.ufpr.br\/portal\/wp-content\/uploads\/2025\/04\/Site-ERI-21-23x10.png 23w, https:\/\/internacional.ufpr.br\/portal\/wp-content\/uploads\/2025\/04\/Site-ERI-21.png 1205w\" sizes=\"auto, (max-width: 1024px) 100vw, 1024px\" \/><\/figure>\n\n\n\n<div class=\"wp-block-group is-nowrap is-layout-flex wp-container-core-group-is-layout-ad2f72ca wp-block-group-is-layout-flex\">\n<p>\u00d4nibus Biarticulado (Foto: thglphoto)            TERMINAL PINHEIRINHO (Foto: Wikimedia Commons)<\/p>\n<\/div>\n\n\n\n<p>A cidade possui tamb\u00e9m uma ampla cobertura de transporte por aplicativos (como Uber e 99) e tem, ainda, diversos t\u00e1xis.<\/p>\n\n\n\n<p>Al\u00e9m disso, Curitiba conta com a Rodovi\u00e1ria, localizada no centro da cidade, que \u00e9 o lugar em que saem os \u00f4nibus para outras cidades.<\/p>\n\n\n<div class=\"wp-block-image\">\n<figure class=\"aligncenter size-large is-resized\"><img loading=\"lazy\" decoding=\"async\" width=\"1024\" height=\"576\" src=\"https:\/\/internacional.ufpr.br\/portal\/wp-content\/uploads\/2025\/04\/Site-ERI-22-1024x576.png\" alt=\"\" class=\"wp-image-8458\" style=\"width:460px;height:auto\" srcset=\"https:\/\/internacional.ufpr.br\/portal\/wp-content\/uploads\/2025\/04\/Site-ERI-22-1024x576.png 1024w, https:\/\/internacional.ufpr.br\/portal\/wp-content\/uploads\/2025\/04\/Site-ERI-22-300x169.png 300w, https:\/\/internacional.ufpr.br\/portal\/wp-content\/uploads\/2025\/04\/Site-ERI-22-768x432.png 768w, https:\/\/internacional.ufpr.br\/portal\/wp-content\/uploads\/2025\/04\/Site-ERI-22-580x326.png 580w, https:\/\/internacional.ufpr.br\/portal\/wp-content\/uploads\/2025\/04\/Site-ERI-22-18x10.png 18w, https:\/\/internacional.ufpr.br\/portal\/wp-content\/uploads\/2025\/04\/Site-ERI-22-160x90.png 160w, https:\/\/internacional.ufpr.br\/portal\/wp-content\/uploads\/2025\/04\/Site-ERI-22.png 1366w\" sizes=\"auto, (max-width: 1024px) 100vw, 1024px\" \/><\/figure>\n<\/div>\n\n\n<p>Na Rodovi\u00e1ria, voc\u00ea encontra dois tipos de \u00f4nibus:<\/p>\n\n\n\n<div class=\"wp-block-group is-nowrap is-layout-flex wp-container-core-group-is-layout-ad2f72ca wp-block-group-is-layout-flex\">\n<p>\u2022 \u00d4nibus estaduais: v\u00e3o para cidades do interior do Paran\u00e1 ou para o litoral do estado.<\/p>\n\n\n\n<ul class=\"wp-block-list\">\n<li>\u00d4nibus interestaduais: fazem viagens para outros estados, como Santa Catarina, Rio Grande do Sul e S\u00e3o Paulo.<\/li>\n<\/ul>\n<\/div>\n\n\n\n<p>V\u00e1rias empresas de \u00f4nibus oferecem diferentes hor\u00e1rios e pre\u00e7os.<\/p>\n\n\n\n<p>Para saber mais informa\u00e7\u00f5es sobre destinos e pre\u00e7o das passagens, acesse: <a href=\"https:\/\/rodoviariacuritiba.com.br\" target=\"_blank\" rel=\"noreferrer noopener\">rodoviariacuritiba.com.br<\/a><\/p>\n\n\n<div class=\"wp-block-image\">\n<figure class=\"aligncenter size-full is-resized\"><img loading=\"lazy\" decoding=\"async\" width=\"800\" height=\"533\" src=\"https:\/\/internacional.ufpr.br\/portal\/wp-content\/uploads\/2025\/04\/00363118.jpg\" alt=\"\" class=\"wp-image-8933\" style=\"width:617px;height:auto\" srcset=\"https:\/\/internacional.ufpr.br\/portal\/wp-content\/uploads\/2025\/04\/00363118.jpg 800w, https:\/\/internacional.ufpr.br\/portal\/wp-content\/uploads\/2025\/04\/00363118-300x200.jpg 300w, https:\/\/internacional.ufpr.br\/portal\/wp-content\/uploads\/2025\/04\/00363118-768x512.jpg 768w, https:\/\/internacional.ufpr.br\/portal\/wp-content\/uploads\/2025\/04\/00363118-15x10.jpg 15w\" sizes=\"auto, (max-width: 800px) 100vw, 800px\" \/><figcaption class=\"wp-element-caption\">Vista geral da Rodovi\u00e1ria de Curitiba, administrada pela URBS &#8211; Curitiba, 31\/10\/2022 &#8211; Foto: Daniel Castellano \/ SMCS<br><\/figcaption><\/figure>\n<\/div>","protected":false},"excerpt":{"rendered":"<p>O transporte p\u00fablico em Curitiba \u00e9 eficiente e a passagem custa R$6,00. A maioria dos \u00f4nibus s\u00f3 aceita cart\u00e3o de transporte e\/ou cart\u00e3o de d\u00e9bito\/cr\u00e9dito. Para os pagamentos no cr\u00e9dito\/d\u00e9bito \u00e9 cobrado um adicional de alguns centavos. Dinheiro (valor m\u00e1ximo de R$ 20) \u00e9 aceito nos terminais de \u00f4nibus e nas chamadas Esta\u00e7\u00f5es Tubo. O [&hellip;]<\/p>\n","protected":false},"author":12,"featured_media":0,"parent":8595,"menu_order":0,"comment_status":"closed","ping_status":"closed","template":"","meta":{"_acf_changed":false,"footnotes":""},"class_list":["post-8626","page","type-page","status-publish","hentry"],"acf":[],"_links":{"self":[{"href":"https:\/\/internacional.ufpr.br\/portal\/wp-json\/wp\/v2\/pages\/8626","targetHints":{"allow":["GET"]}}],"collection":[{"href":"https:\/\/internacional.ufpr.br\/portal\/wp-json\/wp\/v2\/pages"}],"about":[{"href":"https:\/\/internacional.ufpr.br\/portal\/wp-json\/wp\/v2\/types\/page"}],"author":[{"embeddable":true,"href":"https:\/\/internacional.ufpr.br\/portal\/wp-json\/wp\/v2\/users\/12"}],"replies":[{"embeddable":true,"href":"https:\/\/internacional.ufpr.br\/portal\/wp-json\/wp\/v2\/comments?post=8626"}],"version-history":[{"count":4,"href":"https:\/\/internacional.ufpr.br\/portal\/wp-json\/wp\/v2\/pages\/8626\/revisions"}],"predecessor-version":[{"id":10359,"href":"https:\/\/internacional.ufpr.br\/portal\/wp-json\/wp\/v2\/pages\/8626\/revisions\/10359"}],"up":[{"embeddable":true,"href":"https:\/\/internacional.ufpr.br\/portal\/wp-json\/wp\/v2\/pages\/8595"}],"wp:attachment":[{"href":"https:\/\/internacional.ufpr.br\/portal\/wp-json\/wp\/v2\/media?parent=8626"}],"curies":[{"name":"wp","href":"https:\/\/api.w.org\/{rel}","templated":true}]}}