{"id":80,"date":"2017-09-13T14:20:58","date_gmt":"2017-09-13T17:20:58","guid":{"rendered":"http:\/\/internacional.ufpr.br\/portal\/?page_id=80"},"modified":"2018-09-14T17:53:08","modified_gmt":"2018-09-14T20:53:08","slug":"noticias","status":"publish","type":"page","link":"https:\/\/internacional.ufpr.br\/portal\/a-agencia-ufpr-internacional\/noticias\/","title":{"rendered":"Not\u00edcias"},"content":{"rendered":"<h1 style=\"text-align: center;\"><span style=\"color: #0000ff;\"><strong>ESCALA DOCENTE AUGM<\/strong><\/span><\/h1>\n<h2 style=\"text-align: center;\"><strong>CONVOCAT\u00d3RIA 2019<\/strong><\/h2>\n<p>A Ag\u00eancia UFPR Internacional (AUI) inicia na pr\u00f3xima segunda-feira, 17 de Setembro, o recebimento de candidaturas de docentes da UFPR interessados em realizar mobilidade internacional de curta dura\u00e7\u00e3o no marco do programa ESCALA Docente da Associa\u00e7\u00e3o de Universidades do Grupo Montevid\u00e9u (AUGM).<\/p>\n<p>O prazo final para apresenta\u00e7\u00e3o de candidatura \u00e9 o dia 29 de Outubro pr\u00f3ximo, com as mobilidades aprovadas sendo efetivadas entre os meses de Mar\u00e7o \u00e0 Novembro de 2019.<\/p>\n<p>As condi\u00e7\u00f5es juntamente com os documentos necess\u00e1rios encontram-se em &#8220;EDITAIS&#8221; no lado direito do s\u00edtio-web da AUI.<\/p>\n<p>D\u00favidas: E-mail: augm@ufpr.br ou R. 5474 ou presencialmente, na sede da AUI, de 2\u00aa \u00e0 6\u00aa feira, das 14:00 \u00e0s 20:00h, com Antonio, secret\u00e1rio dos programas ESCALA AUGM na AUI\/UFPR.<\/p>\n","protected":false},"excerpt":{"rendered":"<p>ESCALA DOCENTE AUGM CONVOCAT\u00d3RIA 2019 A Ag\u00eancia UFPR Internacional (AUI) inicia na pr\u00f3xima segunda-feira, 17 de Setembro, o recebimento de candidaturas de docentes da UFPR interessados em realizar mobilidade internacional de curta dura\u00e7\u00e3o no marco do programa ESCALA Docente da Associa\u00e7\u00e3o de Universidades do Grupo Montevid\u00e9u (AUGM). O prazo final para apresenta\u00e7\u00e3o de candidatura \u00e9 [&hellip;]<\/p>\n","protected":false},"author":12,"featured_media":0,"parent":15,"menu_order":0,"comment_status":"closed","ping_status":"closed","template":"noticias.php","meta":{"_acf_changed":false,"footnotes":""},"class_list":["post-80","page","type-page","status-publish","hentry"],"acf":[],"_links":{"self":[{"href":"https:\/\/internacional.ufpr.br\/portal\/wp-json\/wp\/v2\/pages\/80","targetHints":{"allow":["GET"]}}],"collection":[{"href":"https:\/\/internacional.ufpr.br\/portal\/wp-json\/wp\/v2\/pages"}],"about":[{"href":"https:\/\/internacional.ufpr.br\/portal\/wp-json\/wp\/v2\/types\/page"}],"author":[{"embeddable":true,"href":"https:\/\/internacional.ufpr.br\/portal\/wp-json\/wp\/v2\/users\/12"}],"replies":[{"embeddable":true,"href":"https:\/\/internacional.ufpr.br\/portal\/wp-json\/wp\/v2\/comments?post=80"}],"version-history":[{"count":2,"href":"https:\/\/internacional.ufpr.br\/portal\/wp-json\/wp\/v2\/pages\/80\/revisions"}],"predecessor-version":[{"id":3613,"href":"https:\/\/internacional.ufpr.br\/portal\/wp-json\/wp\/v2\/pages\/80\/revisions\/3613"}],"up":[{"embeddable":true,"href":"https:\/\/internacional.ufpr.br\/portal\/wp-json\/wp\/v2\/pages\/15"}],"wp:attachment":[{"href":"https:\/\/internacional.ufpr.br\/portal\/wp-json\/wp\/v2\/media?parent=80"}],"curies":[{"name":"wp","href":"https:\/\/api.w.org\/{rel}","templated":true}]}}