{"id":7680,"date":"2025-02-05T23:30:41","date_gmt":"2025-02-06T02:30:41","guid":{"rendered":"https:\/\/internacional.ufpr.br\/portal\/?page_id=7680"},"modified":"2025-07-11T17:27:29","modified_gmt":"2025-07-11T20:27:29","slug":"editais-pmi","status":"publish","type":"page","link":"https:\/\/internacional.ufpr.br\/portal\/editais-pmi\/","title":{"rendered":"Editais MAI"},"content":{"rendered":"\n<p>Sa\u00edda 2026\/1<br><a href=\"https:\/\/internacional.ufpr.br\/portal\/2025\/07\/11\/mobilidade-academica-internacional-resultado-final-saida-2026-1\/\" data-type=\"link\" data-id=\"https:\/\/internacional.ufpr.br\/portal\/2025\/07\/11\/mobilidade-academica-internacional-resultado-final-saida-2026-1\/\">MOBILIDADE ACAD\u00caMICA INTERNACIONAL: Resultado Final (Sa\u00edda 2026\/1)<\/a><\/p>\n\n\n\n<p>Sa\u00edda 2025\/2<br><a href=\"https:\/\/internacional.ufpr.br\/portal\/2024\/09\/27\/mobilidade-academica-internacional-cronograma-de-entrevistas-saida-2025-2\/\" target=\"_blank\" rel=\"noreferrer noopener\">MOBILIDADE ACAD\u00caMICA INTERNACIONAL: Cronograma de Entrevistas (Sa\u00edda 2025\/2)<\/a><br><a href=\"https:\/\/internacional.ufpr.br\/portal\/2024\/08\/14\/mobilidade-academica-internacional-chamada-regular-saida-2025-02\/\" target=\"_blank\" rel=\"noreferrer noopener\">MOBILIDADE ACAD\u00caMICA INTERNACIONAL: Chamada Regular (Sa\u00edda 2025\/02)<\/a><\/p>\n\n\n\n<p>Sa\u00edda 2025\/1<br><a href=\"https:\/\/internacional.ufpr.br\/portal\/2024\/12\/06\/mobilidade-academica-internacional-resultado-da-selecao-saida-2025-1-2\/\" target=\"_blank\" rel=\"noreferrer noopener\">MOBILIDADE ACAD\u00caMICA INTERNACIONAL: Resultado da sele\u00e7\u00e3o (Sa\u00edda 2025\/1)<\/a><br><a href=\"https:\/\/internacional.ufpr.br\/portal\/2024\/05\/02\/mobilidade-academica-internacional-agendamento-das-entrevistas-2025-1\/\">MOBILIDADE ACAD\u00caMICA INTERNACIONAL: Agendamento das Entrevistas (2025\/1)<\/a><br><a href=\"https:\/\/internacional.ufpr.br\/portal\/2024\/03\/18\/mobilidade-academica-internacional-chamada-regular-saida-2025-01\/\" target=\"_blank\" rel=\"noreferrer noopener\">MOBILIDADE ACAD\u00caMICA INTERNACIONAL: Chamada Regular (Sa\u00edda 2025\/01)<\/a><\/p>\n\n\n\n<p>Sa\u00edda 2024\/2<br><a href=\"https:\/\/internacional.ufpr.br\/portal\/2023\/12\/12\/mobilidade-internacional-regular-resultado-da-selecao-saida-2024-02\/\">MOBILIDADE ACAD\u00caMICA INTERNACIONAL: Resultado da sele\u00e7\u00e3o (Sa\u00edda 2024\/2)<\/a><br><a href=\"https:\/\/internacional.ufpr.br\/portal\/2023\/11\/20\/mobilidade-academica-internacional-edital-de-selecao-saida-2024-2-aviso-de-prorrogacao\/\">MOBILIDADE ACAD\u00caMICA INTERNACIONAL: Edital de sele\u00e7\u00e3o (Sa\u00edda 2024\/2) \u2013 AVISO DE PRORROGA\u00c7\u00c3O<\/a><br><a href=\"https:\/\/internacional.ufpr.br\/portal\/2023\/10\/06\/mobilidade-academica-internacional-2024-02-agendamento-das-entrevistas\/\">MOBILIDADE ACAD\u00caMICA INTERNACIONAL: Agendamento das Entrevistas (2024\/2)<\/a><br><a href=\"https:\/\/internacional.ufpr.br\/portal\/2023\/08\/16\/mobilidade-academica-internacional-edital-de-selecao-saida-2024-2\/\">MOBILIDADE ACAD\u00caMICA INTERNACIONAL: Edital de sele\u00e7\u00e3o (Sa\u00edda 2024\/2)<\/a><\/p>\n\n\n\n<p>2024\/1<br><a href=\"https:\/\/internacional.ufpr.br\/portal\/2023\/07\/12\/mobilidade-academica-internacional-resultado-final-edital-de-selecao-2023-01-2\/\">MOBILIDADE ACAD\u00caMICA INTERNACIONAL: Resultado Final \u2013 Edital de sele\u00e7\u00e3o (2024\/01)<\/a><br><a href=\"https:\/\/internacional.ufpr.br\/portal\/2023\/05\/10\/mobilidade-academica-internacional-2024-01-agendamento-das-entrevistas\/\">MOBILIDADE ACAD\u00caMICA INTERNACIONAL (2024\/01):&nbsp;Agendamento das Entrevistas<\/a><br><a href=\"https:\/\/internacional.ufpr.br\/portal\/2023\/03\/14\/mobilidade-academica-internacional-edital-de-selecao-saida-2024-1\/\">MOBILIDADE ACAD\u00caMICA INTERNACIONAL: Edital de sele\u00e7\u00e3o (Sa\u00edda 2024\/1)<\/a><\/p>\n\n\n\n<p>2023\/2<br><a href=\"https:\/\/internacional.ufpr.br\/portal\/2022\/12\/07\/mobilidade-academica-internacional-saida-2023-02-resultado-da-selecao\/\">MOBILIDADE ACAD\u00caMICA INTERNACIONAL: Resultado (Sa\u00edda 2023\/02)<\/a><br><a href=\"https:\/\/internacional.ufpr.br\/portal\/2022\/10\/05\/mobilidade-academica-internacional-saida-2o-sem-2023-calendario-de-entrevistas\/\">MOBILIDADE ACAD\u00caMICA INTERNACIONAL: Calend\u00e1rio de Entrevistas (sa\u00edda 2023\/2)<\/a><br><a href=\"https:\/\/internacional.ufpr.br\/portal\/2022\/08\/15\/mobilidade-academica-internacional-edital-saida-2023-02\/\">MOBILIDADE ACAD\u00caMICA INTERNACIONAL: Edital de sa\u00edda 2023\/02<\/a><\/p>\n\n\n\n<p>2023\/1<br><a href=\"https:\/\/internacional.ufpr.br\/portal\/2022\/10\/05\/mobilidade-academica-nacional-edital-de-selecao-saida-1o-sem-2023\/\">MOBILIDADE ACAD\u00caMICA INTERNACIONAL: Edital de sele\u00e7\u00e3o (sa\u00edda 2023\/1)<\/a><br><a href=\"https:\/\/internacional.ufpr.br\/portal\/2022\/07\/05\/mobilidade-academica-internacional-resultado-final-edital-de-selecao-2023-01\/\">MOBILIDADE ACAD\u00caMICA INTERNACIONAL: Resultado Final \u2013 Edital de sele\u00e7\u00e3o (2023\/01)<\/a><br><a href=\"https:\/\/internacional.ufpr.br\/portal\/2022\/05\/06\/edital-agendamento-das-entrevistas\/\">MOBILIDADE ACAD\u00caMICA INTERNACIONAL: Agendamento das Entrevistas (sa\u00edda 2023\/01)<\/a><br><a href=\"https:\/\/internacional.ufpr.br\/portal\/2022\/03\/07\/edital-de-mobilidade-saida-2023-01\/\">MOBILIDADE ACAD\u00caMICA INTERNACIONAL: Edital de Sele\u00e7\u00e3o (2023\/01)<\/a><\/p>\n\n\n\n<p>2022\/2<br><a href=\"https:\/\/internacional.ufpr.br\/portal\/2021\/11\/10\/mobilidade-academica-internacional-edital-de-selecao-2022-2\/\">MOBILIDADE ACAD\u00caMICA INTERNACIONAL: Resultado Final \u2013 Edital de sele\u00e7\u00e3o (2022\/2)<\/a><br><a href=\"https:\/\/internacional.ufpr.br\/portal\/2021\/10\/11\/mobilidade-academica-internacional-cronograma-de-entrevistas-saida-2022-2\/\">MOBILIDADE ACAD\u00caMICA INTERNACIONAL: Cronograma de Entrevistas (Sa\u00edda 2022\/2)<\/a><br><\/p>\n\n\n\n<p>2022\/1<br><a href=\"https:\/\/internacional.ufpr.br\/portal\/2021\/06\/28\/mobilidade-academica-internacional-edital-de-selecao-2022-1\/\">MOBILIDADE ACAD\u00caMICA INTERNACIONAL: Resultado Final \u2013 Edital de sele\u00e7\u00e3o (2022\/1)<\/a><br><a href=\"https:\/\/internacional.ufpr.br\/portal\/2021\/04\/27\/mobilidade-academica-internacional-cronograma-de-entrevistas-saida-2021-2-2\/\">MOBILIDADE ACAD\u00caMICA INTERNACIONAL: Cronograma de Entrevistas (Sa\u00edda 2022\/1)<\/a><br><a href=\"https:\/\/internacional.ufpr.br\/portal\/2020\/10\/16\/mobilidade-academica-internacional-bolsistas-aui-saida-2021-1\/\">MOBILIDADE ACAD\u00caMICA INTERNACIONAL: Bolsistas AUI (Sa\u00edda 2021\/1)<\/a><\/p>\n\n\n\n<p>2021\/2<br><a href=\"https:\/\/internacional.ufpr.br\/portal\/2020\/12\/07\/mobilidade-academica-internacional-edital-de-selecao-2021-2\/\">MOBILIDADE ACAD\u00caMICA INTERNACIONAL: Resultado Final \u2013 Edital de sele\u00e7\u00e3o (2021\/2)<\/a><br><a href=\"https:\/\/internacional.ufpr.br\/portal\/2020\/09\/28\/mobilidade-academica-internacional-cronograma-de-entrevistas-saida-2021-2\/\">MOBILIDADE ACAD\u00caMICA INTERNACIONAL: Cronograma de Entrevistas (Sa\u00edda 2021\/2)<\/a><\/p>\n\n\n\n<p>2021\/1<\/p>\n\n\n\n<p>2019\/2<br><\/p>\n\n\n\n<p><a href=\"http:\/\/internacional.ufpr.br\/portal\/2018\/08\/29\/mobilidade-internacional-ufpr-edital-de-selecao-2019-2\/\" target=\"_blank\" rel=\"noreferrer noopener\">Edital de sele\u00e7\u00e3o (sa\u00edda em 2019\/2)<\/a>&nbsp;\u2013&nbsp;<strong>ENCERRADO<\/strong><\/p>\n\n\n\n<p><a href=\"http:\/\/internacional.ufpr.br\/portal\/2018\/05\/29\/mobilidade-ufpr-internacional-edital-de-selecao-20191-2\/\" target=\"_blank\" rel=\"noreferrer noopener\">Edital de sele\u00e7\u00e3o (sa\u00edda em 2019\/1)<\/a>&nbsp;\u2013&nbsp;<strong>ENCERRADO<\/strong><\/p>\n\n\n\n<p>2019\/1<\/p>\n\n\n\n<p>2018\/2<br><a href=\"https:\/\/internacional.ufpr.br\/portal\/2017\/09\/04\/cronograma-das-entrevistas-saidas-20182-2\/\">MOBILIDADE ACAD\u00caMICA INTERNACIONAL: Cronograma das Entrevistas (Sa\u00edda 2018\/2)<\/a><\/p>\n\n\n\n<p><\/p>\n\n\n\n<p><\/p>\n\n\n\n<p><a href=\"https:\/\/internacional.ufpr.br\/portal\/2017\/10\/23\/resultado-final-mobilidade-ufpr-2018-2\/\" target=\"_blank\" rel=\"noreferrer noopener\">Edital de sele\u00e7\u00e3o (sa\u00edda em 2018\/2)<\/a>&nbsp;\u2013&nbsp;<strong>ENCERRADO<\/strong><\/p>\n\n\n\n<p><a href=\"https:\/\/internacional.ufpr.br\/portal\/2017\/05\/08\/resultado-final-mobilidade-ufpr-2018-1\/\" target=\"_blank\" rel=\"noreferrer noopener\">Edital de sele\u00e7\u00e3o (sa\u00edda em 2018\/1)<\/a>&nbsp;\u2013&nbsp;<strong>ENCERRADO<\/strong><\/p>\n\n\n\n<p><a href=\"https:\/\/internacional.ufpr.br\/portal\/2016\/11\/07\/resultado-final-mobilidade-ufpr-2017-2\/\" target=\"_blank\" rel=\"noreferrer noopener\">Edital de sele\u00e7\u00e3o (sa\u00edda em 2017\/2)<\/a>&nbsp;\u2013&nbsp;<strong>ENCERRADO<\/strong><\/p>\n\n\n\n<p><a href=\"https:\/\/internacional.ufpr.br\/portal\/2016\/06\/01\/resultado-final-mobilidade-ufpr-2017-1\/\" target=\"_blank\" rel=\"noreferrer noopener\">Edital de sele\u00e7\u00e3o (sa\u00edda em 2017\/1)<\/a>&nbsp;\u2013&nbsp;<strong>ENCERRADO<\/strong><\/p>\n\n\n\n<p><a href=\"https:\/\/internacional.ufpr.br\/portal\/2016\/03\/16\/resultado-final-mobilidade-ufpr-2016-2\/\" target=\"_blank\" rel=\"noreferrer noopener\">Edital de sele\u00e7\u00e3o (sa\u00edda em 2016\/2)<\/a>&nbsp;\u2013&nbsp;<strong>ENCERRADO<\/strong><\/p>\n\n\n\n<p><a href=\"https:\/\/internacional.ufpr.br\/portal\/2015\/10\/10\/resultado-final-mobilidade-ufpr-2016-1\/\" target=\"_blank\" rel=\"noreferrer noopener\">Edital de sele\u00e7\u00e3o (sa\u00edda em 2016\/1)<\/a>&nbsp;\u2013&nbsp;<strong>ENCERRADO<\/strong><\/p>\n\n\n\n<p><a href=\"https:\/\/internacional.ufpr.br\/portal\/2015\/01\/30\/resultado-final-mobilidade-academica-ufpr-2015-2\/\" target=\"_blank\" rel=\"noreferrer noopener\">Edital de sele\u00e7\u00e3o (sa\u00edda em 2015\/2)<\/a>&nbsp;\u2013&nbsp;<strong>ENCERRADO<\/strong><\/p>\n\n\n\n<p><a href=\"https:\/\/internacional.ufpr.br\/portal\/2014\/07\/15\/resultado-do-processo-de-mobilidade-ufpr-saidas-em-2015-1\/\" target=\"_blank\" rel=\"noreferrer noopener\">Edital de sele\u00e7\u00e3o (sa\u00edda em 2015\/1)<\/a>&nbsp;\u2013&nbsp;<strong>ENCERRADO<\/strong><\/p>\n","protected":false},"excerpt":{"rendered":"<p>Sa\u00edda 2026\/1MOBILIDADE ACAD\u00caMICA INTERNACIONAL: Resultado Final (Sa\u00edda 2026\/1) Sa\u00edda 2025\/2MOBILIDADE ACAD\u00caMICA INTERNACIONAL: Cronograma de Entrevistas (Sa\u00edda 2025\/2)MOBILIDADE ACAD\u00caMICA INTERNACIONAL: Chamada Regular (Sa\u00edda 2025\/02) Sa\u00edda 2025\/1MOBILIDADE ACAD\u00caMICA INTERNACIONAL: Resultado da sele\u00e7\u00e3o (Sa\u00edda 2025\/1)MOBILIDADE ACAD\u00caMICA INTERNACIONAL: Agendamento das Entrevistas (2025\/1)MOBILIDADE ACAD\u00caMICA INTERNACIONAL: Chamada Regular (Sa\u00edda 2025\/01) Sa\u00edda 2024\/2MOBILIDADE ACAD\u00caMICA INTERNACIONAL: Resultado da sele\u00e7\u00e3o (Sa\u00edda 2024\/2)MOBILIDADE ACAD\u00caMICA INTERNACIONAL: [&hellip;]<\/p>\n","protected":false},"author":14,"featured_media":0,"parent":0,"menu_order":0,"comment_status":"closed","ping_status":"closed","template":"","meta":{"_acf_changed":false,"footnotes":""},"class_list":["post-7680","page","type-page","status-publish","hentry"],"acf":[],"_links":{"self":[{"href":"https:\/\/internacional.ufpr.br\/portal\/wp-json\/wp\/v2\/pages\/7680","targetHints":{"allow":["GET"]}}],"collection":[{"href":"https:\/\/internacional.ufpr.br\/portal\/wp-json\/wp\/v2\/pages"}],"about":[{"href":"https:\/\/internacional.ufpr.br\/portal\/wp-json\/wp\/v2\/types\/page"}],"author":[{"embeddable":true,"href":"https:\/\/internacional.ufpr.br\/portal\/wp-json\/wp\/v2\/users\/14"}],"replies":[{"embeddable":true,"href":"https:\/\/internacional.ufpr.br\/portal\/wp-json\/wp\/v2\/comments?post=7680"}],"version-history":[{"count":10,"href":"https:\/\/internacional.ufpr.br\/portal\/wp-json\/wp\/v2\/pages\/7680\/revisions"}],"predecessor-version":[{"id":8688,"href":"https:\/\/internacional.ufpr.br\/portal\/wp-json\/wp\/v2\/pages\/7680\/revisions\/8688"}],"wp:attachment":[{"href":"https:\/\/internacional.ufpr.br\/portal\/wp-json\/wp\/v2\/media?parent=7680"}],"curies":[{"name":"wp","href":"https:\/\/api.w.org\/{rel}","templated":true}]}}