{"id":735,"date":"2018-03-29T18:01:56","date_gmt":"2018-03-29T21:01:56","guid":{"rendered":"http:\/\/internacional.ufpr.br\/portal\/?page_id=735"},"modified":"2025-08-29T10:37:24","modified_gmt":"2025-08-29T13:37:24","slug":"mobilidade-augm","status":"publish","type":"page","link":"https:\/\/internacional.ufpr.br\/portal\/mobilidade-augm\/","title":{"rendered":"Mobilidade AUGM"},"content":{"rendered":"\n<div style=\"height:15px\" aria-hidden=\"true\" class=\"wp-block-spacer\"><\/div>\n\n\n\n<div class=\"wp-block-columns is-layout-flex wp-container-core-columns-is-layout-9d6595d7 wp-block-columns-is-layout-flex\">\n<div class=\"wp-block-column is-layout-flow wp-block-column-is-layout-flow\" style=\"flex-basis:15%\"><div class=\"wp-block-image\">\n<figure class=\"aligncenter size-full\"><img loading=\"lazy\" decoding=\"async\" width=\"120\" height=\"150\" src=\"https:\/\/internacional.ufpr.br\/portal\/wp-content\/uploads\/2025\/02\/logo_augm.png\" alt=\"\" class=\"wp-image-7665\" srcset=\"https:\/\/internacional.ufpr.br\/portal\/wp-content\/uploads\/2025\/02\/logo_augm.png 120w, https:\/\/internacional.ufpr.br\/portal\/wp-content\/uploads\/2025\/02\/logo_augm-8x10.png 8w\" sizes=\"auto, (max-width: 120px) 100vw, 120px\" \/><\/figure>\n<\/div><\/div>\n\n\n\n<div class=\"wp-block-column is-layout-flow wp-block-column-is-layout-flow\" style=\"flex-basis:64%\">\n<p><strong>O que \u00e9?<\/strong><\/p>\n\n\n\n<p>A AUGM (Associa\u00e7\u00e3o das Universidades do Grupo Montevid\u00e9u) consiste em um Programa de Mobilidade Estudantil, Docente e de Pesquisa no \u00e2mbito do Mercosul.<\/p>\n\n\n\n<p>O objetivo \u00e9 contribuir para o fortalecimento e consolida\u00e7\u00e3o da Educa\u00e7\u00e3o Superior da regi\u00e3o bem como na consolida\u00e7\u00e3o da investiga\u00e7\u00e3o cient\u00edfica e tecnol\u00f3gica. Ao todo s\u00e3o 28 as universidades participantes, dos seguintes pa\u00edses: Brasil, Argentina, Chile, Paraguai, Uruguai e Bol\u00edvia, que participam ativamente de diferentes atividades de mobilidade acad\u00eamica e de pesquisa.<\/p>\n\n\n\n<p>A AUGM, hoje, \u00e9 um cons\u00f3rcio de universidades reconhecido internacionalmente gra\u00e7as \u00e0 cria\u00e7\u00e3o de um espa\u00e7o acad\u00eamico comum consolidado, onde os desafios regionais s\u00e3o discutidos.<\/p>\n\n\n\n<p>Contato:<\/p>\n\n\n\n<p>Email:&nbsp;<a href=\"mailto:gestor.augm@ufpr.br\">augm@ufpr.br<\/a><\/p>\n\n\n\n<p><strong>Alunos estrangeiros recebidos pela UFPR<\/strong><\/p>\n\n\n\n<p><strong>Sou estudante de outro pa\u00eds. O que fazer quando chegar ao Brasil?<\/strong><\/p>\n\n\n\n<p>1 \u2013 Ap\u00f3s a chegada ao Brasil, o estudante proveniente de outro pa\u00eds deve apresentar-se na Central AUGM-UFPR, localizada no endere\u00e7o do Escrit\u00f3rio de Rela\u00e7\u00f5es Internacionais UFPR.<\/p>\n\n\n\n<p>2 \u2013 Providenciar um Cadastro de Pessoa F\u00edsica (CPF). O formul\u00e1rio necess\u00e1rio para fazer o CPF est\u00e1 dispon\u00edvel em todas as Ag\u00eancias dos Correios, mediante a apresenta\u00e7\u00e3o do passaporte e o pagamento de uma taxa.<\/p>\n\n\n\n<p>3 \u2013 Ap\u00f3s fazer o CPF, apresent\u00e1-lo na Central AUGM, para que a sua matr\u00edcula na Universidade Federal do Paran\u00e1 possa ser realizada.<\/p>\n\n\n\n<p>4 \u2013 Ap\u00f3s a chegada ao Brasil, o estudante tem um m\u00eas para regularizar sua situa\u00e7\u00e3o como Aluno Estrangeiro, junto \u00e0 Pol\u00edcia Federal ou diretamente na Receita Federal. \u00c9 imprescind\u00edvel que o aluno fa\u00e7a isso, caso contr\u00e1rio, corre o risco de ser considerado ilegal no pa\u00eds. Lembrando que h\u00e1 cobran\u00e7a de taxa.<\/p>\n\n\n\n<p>Para mais informa\u00e7\u00f5es acerca do processo de regulariza\u00e7\u00e3o e sobre a documenta\u00e7\u00e3o necess\u00e1ria, entrar em contato com a Pol\u00edcia Federal (lembrando que h\u00e1 um formul\u00e1rio para estrangeiros no site da Pol\u00edcia Federal, que dever\u00e1 ser preenchido pelos alunos estrangeiros):<\/p>\n\n\n\n<p><strong>Superintend\u00eancia Regional do Paran\u00e1<\/strong><\/p>\n\n\n\n<p>Superintendente: DPF Jos\u00e9 Alberto de Freitas Iegas<\/p>\n\n\n\n<p>Endere\u00e7o: Rua Professora Sand\u00e1lia Monzon, 210 \u2013 Santa C\u00e2ndida \u2013 Curitiba \u2013 Paran\u00e1<br>CEP: 82640 \u2013 040<\/p>\n\n\n\n<p>Telefone Geral: (41) 3251 \u2013 7500<\/p>\n\n\n\n<p>Fax: (41) 3257 \u2013 2738<\/p>\n\n\n\n<p>Plant\u00e3o: (41) 3251 \u2013 7501<\/p>\n\n\n\n<p>E-mail:&nbsp;<a href=\"mailto:gab.srpr@dpf.gov.br\">gab.srpr@dpf.gov.br<\/a><\/p>\n\n\n\n<p>Site:&nbsp;<a href=\"http:\/\/www.dpf.gov.br\/\">www.dpf.gov.br<\/a><\/p>\n\n\n\n<p><strong>O estudante AUGM poder\u00e1 utilizar os Restaurantes Universit\u00e1rios (RU\u00b4s) e as Bibliotecas da UFPR?<\/strong><\/p>\n\n\n\n<p>Sim, os estudantes AUGM poder\u00e3o utilizar os Restaurantes Universit\u00e1rios, gratuitamente, mediante a apresenta\u00e7\u00e3o da Carteirinha de Estudante. O mesmo ocorre com o uso das Bibliotecas. Quando existe demora para emiss\u00e3o da Carteirinha, o aluno ainda assim pode utilizar estes servi\u00e7os, mediante a apresenta\u00e7\u00e3o de um of\u00edcio emitido pelo ERI.<\/p>\n\n\n\n<p><strong>Como providenciar a Carteirinha de Estudante?<\/strong><\/p>\n\n\n\n<p>A Carteirinha de Estudante \u00e9 importante n\u00e3o apenas para que os estudantes AUGM possam frequentar os Restaurantes Universit\u00e1rios, mas para que tenham acesso, tamb\u00e9m, \u00e0s Bibliotecas da UFPR. Para providenci\u00e1-la, o estudante deve levar o comprovante de matr\u00edcula e uma foto 3&#215;4 para a Pr\u00f3-Reitoria de Assuntos Estudantis (PRAE), situada no Edif\u00edcio D. Pedro II, primeiro andar, no Complexo da Reitoria.<\/p>\n\n\n\n<p><strong>O aluno ter\u00e1 aulas de L\u00edngua Portuguesa?<\/strong><\/p>\n\n\n\n<p>A participa\u00e7\u00e3o no curso de L\u00edngua Portuguesa \u00e9 gratuito para os alunos AUGM. As aulas acontecem no Celin (Centro de L\u00ednguas e Interculturalidade), localizado no seguinte endere\u00e7o:<\/p>\n\n\n\n<p><strong>Celin &#8211; Sede XV de Novembro<\/strong><\/p>\n\n\n\n<p>Rua XV de Novembro, 1441 (pr\u00f3ximo \u00e0 Reitoria da UFPR)<\/p>\n\n\n\n<p>CEP: 80060-000 &#8211; Curitiba &#8211; Paran\u00e1<\/p>\n\n\n\n<p>Telefone: +55 41 3363-3354<\/p>\n\n\n\n<p><strong>Como receber a bolsa-aux\u00edlio?<\/strong><\/p>\n\n\n\n<p>Para receber a bolsa aux\u00edlio mensal, no valor de R$ 700,00, o estudante AUGM deve apresentar o passaporte e a Ordem de Pagamento, disponibilizada na Central AUGM, em qualquer ag\u00eancia do Banco do Brasil.<\/p>\n\n\n\n<p>Aconselhamos os estudantes AUGM a se precaverem, trazendo para o Brasil uma quantia extra de dinheiro, tendo em vista que o pagamento da bolsa aux\u00edlio mensal n\u00e3o \u00e9 liberado antes do dia 10 de cada m\u00eas.<\/p>\n\n\n\n<p><strong>A Universidade disponibiliza transporte?<\/strong><\/p>\n\n\n\n<p>A UFPR conta com uma frota de \u00f4nibus \u201cINTERCAMPI\u201d, que realiza o transporte entre os diferentes Campi da Universidade e que pode ser utilizada gratuitamente pelos estudantes AUGM. Voc\u00ea pode encontrar os hor\u00e1rios e locais do servi\u00e7o, aqui:&nbsp;<a href=\"http:\/\/www.prae.ufpr.br\/links\/intercampi.htm\" target=\"_blank\" rel=\"noreferrer noopener\">http:\/\/www.prae.ufpr.br\/links\/intercampi.htm<\/a><\/p>\n\n\n\n<p><strong>Existe a possibilidade de realizar trocas de mat\u00e9rias, quando houver o interesse?<\/strong><\/p>\n\n\n\n<p>O Programa Escala Estudantil AUGM permite que o aluno fa\u00e7a trocas de mat\u00e9rias, caso haja interesse e autoriza\u00e7\u00e3o do Coordenador do Curso na UFPR., atrav\u00e9s do Formul\u00e1rio EE-3, dispon\u00edvel no portal AUGM no seguinte endere\u00e7o eletr\u00f4nico:&nbsp;<a href=\"http:\/\/www.augm.ufpr.br\/\">www.augm.ufpr.br<\/a>&nbsp;.<\/p>\n\n\n\n<p><strong>O estudante AUGM tem acesso a servi\u00e7os m\u00e9dicos?<\/strong><\/p>\n\n\n\n<p>Todos os alunos AUGM podem utilizar, gratuitamente, os servi\u00e7os m\u00e9dicos e odontol\u00f3gicos nos Centros de Aten\u00e7\u00e3o \u00e0 Sa\u00fade, CASA 3 e CASA 4, localizados nos seguintes endere\u00e7os:<\/p>\n\n\n\n<p><strong>CASA 3<\/strong><strong>&nbsp;\u2013&nbsp;<\/strong>Centro Polit\u00e9cnico \u2013 Avenida Coronel Francisco Her\u00e1clito dos Santos, 210 \u2013 Jardim das Am\u00e9ricas.<\/p>\n\n\n\n<p>Telefones: (41) 3361-3066 e (41) 3361-3643<\/p>\n\n\n\n<p><strong>CASA 4&nbsp;<\/strong><strong>&#8211;&nbsp;<\/strong>Setor de Ci\u00eancias Agr\u00e1rias \u2013 Rua dos Funcion\u00e1rios, 1540 \u2013 Cabral.<\/p>\n\n\n\n<p>Telefone: (41) 3350-5776<\/p>\n\n\n\n<p>Hor\u00e1rio de atendimento: das 07:30 \u00e0s 17:30 hrs, ininterruptamente.<\/p>\n\n\n\n<p>Agendamento: Por telefone ou pessoalmente.<\/p>\n\n\n\n<p><strong>Al\u00e9m disso, os alunos podem utilizar os servi\u00e7os da rede p\u00fablica de sa\u00fade, disponibilzados pela prefeitura, e espalhados por toda a cidade.<\/strong><\/p>\n\n\n\n<p><strong>Alunos da UFPR de sa\u00edda para outros pa\u00edses<\/strong><\/p>\n\n\n\n<p><strong>Sou estudante da UFPR e gostaria de ingressar no programa de interc\u00e2mbio AUGM. O que devo fazer?<\/strong><\/p>\n\n\n\n<p>Antes de tudo, voc\u00ea deve ficar constantemente atento ao nosso portal na internet, para saber a data do edital. Isto \u00e9 &nbsp;primordial, pois as datas podem variar muito de edital para edital. Feita a inscri\u00e7\u00e3o, o aluno pode ou n\u00e3o ser selecionado. Se selecionado, o ERI entra em contato e explica tudo sobre os documentos &nbsp;e formul\u00e1rios (inclusive sobre os formul\u00e1rios EE1-EE2) que o aluno dever\u00e1 providenciar.<\/p>\n\n\n\n<p><strong>\u00c9 necess\u00e1rio ter passaporte?<\/strong><\/p>\n\n\n\n<p>Sim. Caso o aluno n\u00e3o tenha o documento, deve pedir, junto \u00e0 Assessoria de Rela\u00e7\u00f5es Internacionais, uma declara\u00e7\u00e3o para emiss\u00e3o com urg\u00eancia do passaporte.<\/p>\n\n\n\n<p><strong>Quem arca com os custos da passagem? E o seguro sa\u00fade?<\/strong><\/p>\n\n\n\n<p>Os alunos da UFPR ganham o valor das passagens, tanto de ida como de volta, que devem ser compradas pelo pr\u00f3prio estudante. \u00c9 muito importante que os alunos observem as datas de in\u00edcio e fim das suas aulas na Universidade de Destino, pois s\u00e3o segundo estas que as passagens dever\u00e3o ser compradas. Caso haja erro na hora de marcar as datas, a UFPR n\u00e3o se encarrega do pagamento das taxas de altera\u00e7\u00e3o das mesmas.<\/p>\n\n\n\n<p><strong>Obs<\/strong>: as datas das passagens devem ser concomitantes \u00e0s datas do seguro sa\u00fade. Este, por sua vez, dever\u00e1 ser providenciado pelo pr\u00f3prio aluno.<\/p>\n\n\n\n<p><strong>Como funciona a hospedagem e a alimenta\u00e7\u00e3o no pa\u00eds de destino?<\/strong><\/p>\n\n\n\n<p>A universidade de destino fornecer\u00e1 a alimenta\u00e7\u00e3o e alojamento.<\/p>\n\n\n\n<p><strong>Que outros procedimentos devo tomar?<\/strong><\/p>\n\n\n\n<p>Um m\u00eas antes da viagem (isto porque o documento emitido ter\u00e1 validade de um m\u00eas), o aluno deve ir at\u00e9 a Pol\u00edcia Federal (localizada no bairro Santa C\u00e2ndida) para solicitar a Certid\u00e3o de Antecedentes Criminais, informando que nada consta, e perguntar aonde o escriv\u00e3o que assinou o documento tem sua firma reconhecida em Curitiba.<\/p>\n\n\n\n<p>Ap\u00f3s isto, reconhecer firma no cart\u00f3rio de Curitiba e, depois, na chancelaria de Florian\u00f3polis, localizada no seguinte endere\u00e7o:<\/p>\n\n\n\n<p>ERESC &#8211; ESCRIT\u00d3RIO DE REPRESENTA\u00c7\u00c3O EM SANTA CATARINA<\/p>\n\n\n\n<p>Av. Rio Branco, 387 &#8211;&nbsp;5\u00ba andar. Edif\u00edcio Rio Branco. Centro.<\/p>\n\n\n\n<p>CEP: 88015-201<\/p>\n\n\n\n<p>Florian\u00f3polis &#8211; Santa Catarina<\/p>\n\n\n\n<p>Tel: (48) 3225 &#8211; 9469<\/p>\n\n\n\n<p>AVISO: O aluno n\u00e3o deve ir com roupa de praia.<\/p>\n\n\n\n<p><strong>Aonde o visto ser\u00e1 retirado?<\/strong><\/p>\n\n\n\n<p>Sobre o visto, &nbsp;o aluno dever\u00e1 informar-se junto ao consulado do pa\u00eds da Universidade de Destino, em Curitiba.<\/p>\n\n\n\n<p><strong>Outros documentos:<\/strong><\/p>\n\n\n\n<p>Entregar na Assessoria de Rela\u00e7\u00f5es Internacionais uma c\u00f3pia do cabe\u00e7alho do extrato do banco em que o aluno tem conta, que informe o nome do banco, o nome do aluno, o n\u00famero da ag\u00eancia e o n\u00famero da conta. Na mesma folha, anexar tamb\u00e9m a c\u00f3pia de um documento que contenha o n\u00famero do seu CPF. Este documento dever\u00e1 ser entregue no ERI juntamente com o formul\u00e1rio EE1-EE2.<\/p>\n\n\n\n<p>Aten\u00e7\u00e3o: contas conjuntas ou abertas para fins espec\u00edficos de recebimento d\u00e3o problema na hora do recebimento.<\/p>\n\n\n\n<p>A AUGM (Associa\u00e7\u00e3o das Universidades do Grupo Montevid\u00e9u) consiste em um Programa de Mobilidade Estudantil, Docente e de Pesquisa no \u00e2mbito do Mercosul.<\/p>\n\n\n\n<p>O objetivo \u00e9 contribuir para o fortalecimento e consolida\u00e7\u00e3o da Educa\u00e7\u00e3o Superior da regi\u00e3o bem como na consolida\u00e7\u00e3o da investiga\u00e7\u00e3o cient\u00edfica e tecnol\u00f3gica. Ao todo s\u00e3o 28 as universidades participantes, dos seguintes pa\u00edses: Brasil, Argentina, Chile, Paraguai, Uruguai e Bol\u00edvia, que participam ativamente de diferentes atividades de mobilidade acad\u00eamica e de pesquisa.<\/p>\n\n\n\n<p>A AUGM, hoje, \u00e9 um cons\u00f3rcio de universidades reconhecido internacionalmente gra\u00e7as \u00e0 cria\u00e7\u00e3o de um espa\u00e7o acad\u00eamico comum consolidado, onde os desafios regionais s\u00e3o discutidos.<\/p>\n\n\n\n<p>Contato:<\/p>\n\n\n\n<p>Site:&nbsp;<a href=\"http:\/\/www.augm.ufpr.br\/\" target=\"_blank\" rel=\"noreferrer noopener\">www.augm.ufpr.br<\/a><\/p>\n\n\n\n<p>Email:&nbsp;<a href=\"mailto:gestor.augm@ufpr.br\">augm@ufpr.br<\/a><\/p>\n\n\n\n<h3 class=\"wp-block-heading\"><strong>Alunos estrangeiros recebidos pela UFPR<\/strong><\/h3>\n\n\n\n<p><strong><em>O que fazer quando chegar ao Brasil?<\/em><\/strong><\/p>\n\n\n\n<p>1 \u2013 Ap\u00f3s a chegada ao Brasil, o estudante proveniente de outro pa\u00eds deve apresentar-se na Central AUGM-UFPR, localizada no endere\u00e7o da Ag\u00eancia UFPR Internacional.<\/p>\n\n\n\n<p>2 \u2013 Providenciar um Cadastro de Pessoa F\u00edsica (CPF). O formul\u00e1rio necess\u00e1rio para fazer o CPF est\u00e1 dispon\u00edvel em todas as Ag\u00eancias dos Correios, mediante a apresenta\u00e7\u00e3o do passaporte e o pagamento de uma taxa de R$ 6,00 (seis Reais).<\/p>\n\n\n\n<p>3 \u2013 Ap\u00f3s fazer o CPF, apresent\u00e1-lo na Central AUGM, para que a sua matr\u00edcula na Universidade Federal do Paran\u00e1 possa ser realizada.<\/p>\n\n\n\n<p>4 \u2013 Ap\u00f3s a chegada ao Brasil, o estudante tem um m\u00eas para regularizar sua situa\u00e7\u00e3o como Aluno Estrangeiro, junto \u00e0 Pol\u00edcia Federal ou diretamente na Receita Federal. \u00c9 imprescind\u00edvel que o aluno fa\u00e7a isso, caso contr\u00e1rio, corre o risco de ser considerado ilegal no pa\u00eds. Lembrando que se cobra uma taxa de, em m\u00e9dia, R$ 195,00 para tal.<\/p>\n\n\n\n<p>Para mais informa\u00e7\u00f5es acerca do processo de regulariza\u00e7\u00e3o e sobre a documenta\u00e7\u00e3o necess\u00e1ria, entrar em contato com a Pol\u00edcia Federal (lembrando que h\u00e1 um formul\u00e1rio para estrangeiros no site da Pol\u00edcia Federal, que dever\u00e1 ser preenchido pelos alunos estrangeiros):<\/p>\n\n\n\n<p><strong>Superintend\u00eancia Regional do Paran\u00e1<\/strong><\/p>\n\n\n\n<p>Superintendente: DPF Jos\u00e9 Alberto de Freitas Iegas<\/p>\n\n\n\n<p>Endere\u00e7o: Rua Professora Sand\u00e1lia Monzon, 210 \u2013 Santa C\u00e2ndida \u2013 Curitiba \u2013 Paran\u00e1<\/p>\n\n\n\n<p>CEP: 82640 \u2013 040<\/p>\n\n\n\n<p>Telefone Geral: (41) 3251 \u2013 7500<\/p>\n\n\n\n<p>Fax: (41) 3257 \u2013 2738<\/p>\n\n\n\n<p>Plant\u00e3o: (41) 3251 \u2013 7501<\/p>\n\n\n\n<p>E-mail:&nbsp;<a href=\"mailto:gab.srpr@dpf.gov.br\">gab.srpr@dpf.gov.br<\/a><\/p>\n\n\n\n<p>Site:&nbsp;<a href=\"http:\/\/www.dpf.gov.br\/\" target=\"_blank\" rel=\"noreferrer noopener\">www.dpf.gov.br<\/a><\/p>\n\n\n\n<p><strong><em>O estudante AUGM poder\u00e1 utilizar os Restaurantes Universit\u00e1rios (RU\u00b4s) e as Bibliotecas da UFPR?<\/em><\/strong><\/p>\n\n\n\n<p>Sim, os estudantes AUGM poder\u00e3o utilizar os Restaurantes Universit\u00e1rios, gratuitamente, mediante a apresenta\u00e7\u00e3o da Carteirinha de Estudante. O mesmo ocorre com o uso das Bibliotecas. Quando existe demora para emiss\u00e3o da Carteirinha, o aluno ainda assim pode utilizar estes servi\u00e7os, mediante a apresenta\u00e7\u00e3o de um of\u00edcio emitido pela ARI.<\/p>\n\n\n\n<p><strong><em>Como providenciar a Carteirinha de Estudante?<\/em><\/strong><\/p>\n\n\n\n<p>A Carteirinha de Estudante \u00e9 importante n\u00e3o apenas para que os estudantes AUGM possam frequentar os Restaurantes Universit\u00e1rios, mas para que tenham acesso, tamb\u00e9m, \u00e0s Bibliotecas da UFPR. Para providenci\u00e1-la, o estudante deve levar o comprovante de matr\u00edcula e uma foto 3&#215;4 para o NAA &#8211; N\u00facleo de Assuntos Acad\u00eamicos da UFPR, no pr\u00e9dio Hist\u00f3rico, Pra\u00e7a Santos Andrade.<\/p>\n\n\n\n<p><strong><em>O aluno ter\u00e1 aulas de L\u00edngua Portuguesa?<\/em><\/strong><\/p>\n\n\n\n<p>A participa\u00e7\u00e3o no curso de L\u00edngua Portuguesa \u00e9 gratuito para os alunos AUGM. As aulas acontecem no Celin (Centro de L\u00ednguas e Interculturalidade), localizado no seguinte endere\u00e7o:&nbsp;Rua XV de Novembro, 1441 (pr\u00f3ximo \u00e0 Reitoria da UFPR) \/&nbsp;Telefone: +55 41 3363-3354<\/p>\n\n\n\n<p><strong><em>Como receber a bolsa-aux\u00edlio?<\/em><\/strong><\/p>\n\n\n\n<p>Para receber a bolsa aux\u00edlio mensal, no valor de R$ 700,00, o estudante AUGM deve apresentar o passaporte e a Ordem de Pagamento, disponibilizada na Central AUGM, em qualquer ag\u00eancia do Banco do Brasil.<\/p>\n\n\n\n<p>Aconselhamos os estudantes AUGM a se precaverem, trazendo para o Brasil uma quantia extra de dinheiro, tendo em vista que o pagamento da bolsa aux\u00edlio mensal n\u00e3o \u00e9 liberado antes do dia 10 de cada m\u00eas.<\/p>\n\n\n\n<p><strong><em>A Universidade disponibiliza transporte?<\/em><\/strong><\/p>\n\n\n\n<p>A UFPR conta com uma frota de \u00f4nibus \u201cINTERCAMPI\u201d, que realiza o transporte entre os diferentes Campi da Universidade e que pode ser utilizada gratuitamente pelos estudantes AUGM. Voc\u00ea pode encontrar os hor\u00e1rios e locais do servi\u00e7o, aqui:&nbsp;<a href=\"http:\/\/www.prae.ufpr.br\/links\/intercampi.htm\" target=\"_blank\" rel=\"noreferrer noopener\">http:\/\/www.prae.ufpr.br\/links\/intercampi.htm<\/a><\/p>\n\n\n\n<p><em><strong>Existe a possibilidade de realizar trocas de mat\u00e9rias, quando houver o interesse?<\/strong><\/em><\/p>\n\n\n\n<p>O Programa Escala Estudantil AUGM permite que o aluno fa\u00e7a trocas de mat\u00e9rias, caso haja interesse e autoriza\u00e7\u00e3o do Coordenador do Curso na UFPR, atrav\u00e9s do Formul\u00e1rio EE-3, dispon\u00edvel no portal AUGM no seguinte endere\u00e7o eletr\u00f4nico:&nbsp;<a href=\"http:\/\/www.augm.ufpr.br\/\">www.augm.ufpr.br<\/a>&nbsp;.<\/p>\n\n\n\n<p><em><strong>O estudante AUGM tem acesso a servi\u00e7os m\u00e9dicos?<\/strong><\/em><\/p>\n\n\n\n<p>Todos os alunos AUGM podem utilizar, gratuitamente, os servi\u00e7os m\u00e9dicos e odontol\u00f3gicos nos Centros de Aten\u00e7\u00e3o \u00e0 Sa\u00fade, CASA 3 e CASA 4, localizados nos seguintes endere\u00e7os:<\/p>\n\n\n\n<p><strong>CASA 3<\/strong><strong>&nbsp;\u2013&nbsp;<\/strong>Centro Polit\u00e9cnico \u2013 Avenida Coronel Francisco Her\u00e1clito dos Santos, 210 \u2013 Jardim das Am\u00e9ricas.<\/p>\n\n\n\n<p>Telefones: (41) 3361-3066 e (41) 3361-3643<\/p>\n\n\n\n<p><strong>CASA 4&nbsp;<\/strong><strong>&#8211;&nbsp;<\/strong>Setor de Ci\u00eancias Agr\u00e1rias \u2013 Rua dos Funcion\u00e1rios, 1540 \u2013 Cabral.<\/p>\n\n\n\n<p>Telefone: (41) 3350-5776<\/p>\n\n\n\n<p>Hor\u00e1rio de atendimento: das 07:30 \u00e0s 17:30 hrs, ininterruptamente.<\/p>\n\n\n\n<p>Agendamento: Por telefone ou pessoalmente.<\/p>\n\n\n\n<p><strong>Al\u00e9m disso, os alunos podem utilizar os servi\u00e7os da rede p\u00fablica de sa\u00fade, disponibilzados pela prefeitura, e espalhados por toda a cidade.<\/strong><\/p>\n\n\n\n<h3 class=\"wp-block-heading\"><strong>Alunos da UFPR de sa\u00edda para outros pa\u00edses<\/strong><\/h3>\n\n\n\n<p><em><strong>Sou estudante da UFPR e gostaria de ingressar no programa de interc\u00e2mbio AUGM. O que devo fazer?<\/strong><\/em><\/p>\n\n\n\n<p>Antes de tudo, voc\u00ea deve ficar constantemente atento ao nosso portal na internet, para saber a data do edital. Isto \u00e9 &nbsp;primordial, pois as datas podem variar muito de edital para edital. Feita a inscri\u00e7\u00e3o, o aluno pode ou n\u00e3o ser selecionado. Se selecionado, o ERI entra em contato e explica tudo sobre os documentos &nbsp;e formul\u00e1rios (inclusive sobre os formul\u00e1rios EE1-EE2) que o aluno dever\u00e1 providenciar.<\/p>\n\n\n\n<p><em><strong>\u00c9 necess\u00e1rio ter passaporte?<\/strong><\/em><\/p>\n\n\n\n<p>Sim. Caso o aluno n\u00e3o tenha o documento, deve pedir, junto \u00e0 Ag\u00eancia UFPR Internacional, uma declara\u00e7\u00e3o para emiss\u00e3o com urg\u00eancia do passaporte.<\/p>\n\n\n\n<p><em><strong>Quem arca com os custos da passagem? E o seguro sa\u00fade?<\/strong><\/em><\/p>\n\n\n\n<p>Os alunos da UFPR ganham o valor das passagens, tanto de ida como de volta, que devem ser compradas pelo pr\u00f3prio estudante. \u00c9 muito importante que os alunos observem as datas de in\u00edcio e fim das suas aulas na Universidade de Destino, pois s\u00e3o segundo estas que as passagens dever\u00e3o ser compradas. Caso haja erro na hora de marcar as datas, a UFPR n\u00e3o se encarrega do pagamento das taxas de altera\u00e7\u00e3o das mesmas.<\/p>\n\n\n\n<p><strong>Obs<\/strong>: as datas das passagens devem ser concomitantes \u00e0s datas do seguro sa\u00fade. Este, por sua vez, dever\u00e1 ser providenciado pelo pr\u00f3prio aluno.<\/p>\n\n\n\n<p><em><strong>Como funciona a hospedagem e a alimenta\u00e7\u00e3o no pa\u00eds de destino?<\/strong><\/em><\/p>\n\n\n\n<p>A universidade de destino fornecer\u00e1 a alimenta\u00e7\u00e3o e alojamento.<\/p>\n\n\n\n<p><em><strong>Que outros procedimentos devo tomar?<\/strong><\/em><\/p>\n\n\n\n<p>Um m\u00eas antes da viagem (isto porque o documento emitido ter\u00e1 validade de um m\u00eas), o aluno deve ir at\u00e9 a Pol\u00edcia Federal (localizada no bairro Santa C\u00e2ndida) para solicitar a Certid\u00e3o de Antecedentes Criminais, informando que nada consta, e perguntar aonde o escriv\u00e3o que assinou o documento tem sua firma reconhecida em Curitiba.<\/p>\n\n\n\n<p>Ap\u00f3s isto, reconhecer firma no cart\u00f3rio de Curitiba e, depois, na chancelaria de Florian\u00f3polis, localizada no seguinte endere\u00e7o:<\/p>\n\n\n\n<p><em><strong>Aonde o visto ser\u00e1 retirado?<\/strong><\/em><\/p>\n\n\n\n<p>Sobre o visto, &nbsp;o aluno dever\u00e1 informar-se junto ao consulado do pa\u00eds da Universidade de Destino, em Curitiba.<\/p>\n\n\n\n<p><em><strong>Outros documentos:<\/strong><\/em><\/p>\n\n\n\n<p>Entregar na Ag\u00eancia UFPR Internacional uma c\u00f3pia do cabe\u00e7alho do extrato do banco em que o aluno tem conta, que informe o nome do banco, o nome do aluno, o n\u00famero da ag\u00eancia e o n\u00famero da conta. Na mesma folha, anexar tamb\u00e9m a c\u00f3pia de um documento que contenha o n\u00famero do seu CPF. Este documento dever\u00e1 ser entregue no ERI juntamente com o formul\u00e1rio EE1-EE2.<\/p>\n\n\n\n<p>Aten\u00e7\u00e3o: contas conjuntas ou abertas para fins espec\u00edficos de recebimento d\u00e3o problema na hora do recebimento.<\/p>\n<\/div>\n\n\n\n<div class=\"wp-block-column is-layout-flow wp-block-column-is-layout-flow\" style=\"flex-basis:1%\"><\/div>\n\n\n\n<div class=\"wp-block-column has-text-color has-link-color wp-elements-e44d6d3df4529e5a8241b5334d590fc8 is-layout-flow wp-block-column-is-layout-flow\" style=\"color:#003c71;flex-basis:20%\">\n<div class=\"wp-block-columns has-background is-layout-flex wp-container-core-columns-is-layout-9d6595d7 wp-block-columns-is-layout-flex\" style=\"background-color:#f2f2f2\">\n<div class=\"wp-block-column has-background is-layout-flow wp-block-column-is-layout-flow\" style=\"background-color:#f2f2f2;flex-basis:100%\">\n<h4 class=\"wp-block-heading\">Conhe\u00e7a Tamb\u00e9m<\/h4>\n\n\n\n<div style=\"height:10px\" aria-hidden=\"true\" class=\"wp-block-spacer\"><\/div>\n\n\n\n<div class=\"wp-block-columns is-not-stacked-on-mobile is-layout-flex wp-container-core-columns-is-layout-9d6595d7 wp-block-columns-is-layout-flex\">\n<div class=\"wp-block-column has-white-background-color has-text-color has-background has-link-color wp-elements-d26636fb2f88f8dc05546e0b45e948a8 is-layout-flow wp-block-column-is-layout-flow\" style=\"color:#003c71\">\n<div style=\"height:20px\" aria-hidden=\"true\" class=\"wp-block-spacer\"><\/div>\n\n\n<div class=\"wp-block-image is-style-default\">\n<figure class=\"aligncenter size-full is-resized\" id=\"topo\"><a href=\"https:\/\/programamarca.siu.edu.ar\/programa_marca\/index.html\" target=\"_blank\" rel=\"noreferrer noopener\"><img loading=\"lazy\" decoding=\"async\" width=\"342\" height=\"95\" src=\"https:\/\/internacional.ufpr.br\/portal\/wp-content\/uploads\/2025\/08\/marca_1.png\" alt=\"\" class=\"wp-image-9665\" style=\"width:200px\" srcset=\"https:\/\/internacional.ufpr.br\/portal\/wp-content\/uploads\/2025\/08\/marca_1.png 342w, https:\/\/internacional.ufpr.br\/portal\/wp-content\/uploads\/2025\/08\/marca_1-300x83.png 300w, https:\/\/internacional.ufpr.br\/portal\/wp-content\/uploads\/2025\/08\/marca_1-36x10.png 36w\" sizes=\"auto, (max-width: 342px) 100vw, 342px\" \/><\/a><\/figure>\n<\/div>\n\n\n<div style=\"height:10px\" aria-hidden=\"true\" class=\"wp-block-spacer\"><\/div>\n<\/div>\n<\/div>\n<\/div>\n<\/div>\n<\/div>\n<\/div>\n","protected":false},"excerpt":{"rendered":"<p>O que \u00e9? A AUGM (Associa\u00e7\u00e3o das Universidades do Grupo Montevid\u00e9u) consiste em um Programa de Mobilidade Estudantil, Docente e de Pesquisa no \u00e2mbito do Mercosul. O objetivo \u00e9 contribuir para o fortalecimento e consolida\u00e7\u00e3o da Educa\u00e7\u00e3o Superior da regi\u00e3o bem como na consolida\u00e7\u00e3o da investiga\u00e7\u00e3o cient\u00edfica e tecnol\u00f3gica. Ao todo s\u00e3o 28 as universidades [&hellip;]<\/p>\n","protected":false},"author":12,"featured_media":0,"parent":0,"menu_order":0,"comment_status":"closed","ping_status":"closed","template":"","meta":{"_acf_changed":false,"footnotes":""},"class_list":["post-735","page","type-page","status-publish","hentry"],"acf":[],"_links":{"self":[{"href":"https:\/\/internacional.ufpr.br\/portal\/wp-json\/wp\/v2\/pages\/735","targetHints":{"allow":["GET"]}}],"collection":[{"href":"https:\/\/internacional.ufpr.br\/portal\/wp-json\/wp\/v2\/pages"}],"about":[{"href":"https:\/\/internacional.ufpr.br\/portal\/wp-json\/wp\/v2\/types\/page"}],"author":[{"embeddable":true,"href":"https:\/\/internacional.ufpr.br\/portal\/wp-json\/wp\/v2\/users\/12"}],"replies":[{"embeddable":true,"href":"https:\/\/internacional.ufpr.br\/portal\/wp-json\/wp\/v2\/comments?post=735"}],"version-history":[{"count":9,"href":"https:\/\/internacional.ufpr.br\/portal\/wp-json\/wp\/v2\/pages\/735\/revisions"}],"predecessor-version":[{"id":10163,"href":"https:\/\/internacional.ufpr.br\/portal\/wp-json\/wp\/v2\/pages\/735\/revisions\/10163"}],"wp:attachment":[{"href":"https:\/\/internacional.ufpr.br\/portal\/wp-json\/wp\/v2\/media?parent=735"}],"curies":[{"name":"wp","href":"https:\/\/api.w.org\/{rel}","templated":true}]}}