{"id":6898,"date":"2024-01-17T18:24:56","date_gmt":"2024-01-17T21:24:56","guid":{"rendered":"https:\/\/internacional.ufpr.br\/portal\/?page_id=6898"},"modified":"2025-02-05T23:28:28","modified_gmt":"2025-02-06T02:28:28","slug":"emerging-leaders-in-the-americas-program-elap","status":"publish","type":"page","link":"https:\/\/internacional.ufpr.br\/portal\/emerging-leaders-in-the-americas-program-elap\/","title":{"rendered":"Programa Emerging Leaders in the Americas Program (ELAP)"},"content":{"rendered":"<div class=\"wp-block-image\">\n<figure class=\"alignleft size-full is-resized\"><img loading=\"lazy\" decoding=\"async\" width=\"294\" height=\"172\" src=\"https:\/\/internacional.ufpr.br\/portal\/wp-content\/uploads\/2024\/09\/image-1.png\" alt=\"\" class=\"wp-image-7425\" style=\"width:324px;height:auto\" srcset=\"https:\/\/internacional.ufpr.br\/portal\/wp-content\/uploads\/2024\/09\/image-1.png 294w, https:\/\/internacional.ufpr.br\/portal\/wp-content\/uploads\/2024\/09\/image-1-17x10.png 17w\" sizes=\"auto, (max-width: 294px) 100vw, 294px\" \/><\/figure>\n<\/div>\n\n\n<p>O programa Emerging Leaders in the Americas Program (ELAP) \u00e9 uma iniciativa governamental do Canad\u00e1 que anualmente concede bolsas para interc\u00e2mbio gratuito no pa\u00eds a estudantes provenientes de pa\u00edses em desenvolvimento, incluindo o Brasil. Destinado a estudantes matriculados em institui\u00e7\u00f5es de ensino superior brasileiras, podem participar do ELAP estudantes de gradua\u00e7\u00e3o, mestrado e doutorado. O principal objetivo do programa \u00e9 oferecer oportunidades de interc\u00e2mbio acad\u00eamico de curta dura\u00e7\u00e3o, com foco no desenvolvimento de futuros l\u00edderes das Am\u00e9ricas.<\/p>\n\n\n\n<p>As bolsas para interc\u00e2mbio no Canad\u00e1 t\u00eam dura\u00e7\u00e3o de quatro a seis meses, com valores que variam de de 8.200 d\u00f3lares canadenses a 11.100 d\u00f3lares canadenses (2025). Esses montantes englobam despesas como passagem a\u00e9rea, visto, seguro-sa\u00fade, livros e moradia. Para outras informa\u00e7\u00f5es, acessar o <a href=\"https:\/\/www.educanada.ca\/scholarships-bourses\/can\/institutions\/elap-pfla.aspx?lang=eng\" data-type=\"link\" data-id=\"https:\/\/www.educanada.ca\/scholarships-bourses\/can\/institutions\/elap-pfla.aspx?lang=eng\" target=\"_blank\" rel=\"noreferrer noopener\">site do Programa.<\/a><\/p>\n\n\n\n<p>Um aspecto fundamental do programa ELAP \u00e9 a exig\u00eancia de um acordo bilateral entre a universidade de origem do estudante, como a Universidade Federal do Paran\u00e1 (UFPR), e a universidade canadense de destino.<\/p>\n\n\n\n<p><strong>Gradua\u00e7\u00e3o \u2013 Estudos<\/strong><\/p>\n\n\n\n<p>O processo de inscri\u00e7\u00e3o e sele\u00e7\u00e3o para a bolsa ELAP no Canad\u00e1 \u00e9 conduzido diretamente pela universidade canadense. Dessa forma, estudantes que participaram do <a href=\"https:\/\/internacional.ufpr.br\/portal\/mobilidade-internacional-ufpr\/\" data-type=\"link\" data-id=\"https:\/\/internacional.ufpr.br\/portal\/mobilidade-internacional-ufpr\/\" target=\"_blank\" rel=\"noreferrer noopener\">Programa de Mobilidade Internacional da UFPR<\/a> e foram selecionados para estudar em universidades canadenses podem ser convidados a se candidatar \u00e0 bolsa, dependendo de seu perfil acad\u00eamico.<\/p>\n\n\n\n<p><strong>Gradua\u00e7\u00e3o \u2013 Pesquisa<\/strong><\/p>\n\n\n\n<p>Para o interc\u00e2mbio na modalidade de pesquisa, \u00e9 imprescind\u00edvel que o candidato obtenha aceita\u00e7\u00e3o de um professor de uma universidade canadense, que atuar\u00e1 como seu orientador durante o per\u00edodo do interc\u00e2mbio. Esse fator \u00e9 decisivo na sele\u00e7\u00e3o, uma vez que uma aceita\u00e7\u00e3o pr\u00e9via fortalece significativamente a candidatura do estudante. Com a carta em m\u00e3os, o aluno deve entrar em contato com o Escrit\u00f3rio de Rela\u00e7\u00f5es Internacionais da UFPR para a tramita\u00e7\u00e3o documental e a submiss\u00e3o da candidatura para a Universidade canadense de sua escolha, segundo crit\u00e9rios da mesma.<\/p>\n\n\n\n<p class=\"has-black-color has-text-color has-link-color wp-elements-c34ad38b1ecfbf12e82c0cc12e48aaf9\">Eventualmente, as universidades canadenses, parceiras da UFPR, manifestam interesse em receber alunos para est\u00e1gios de pesquisa na gradua\u00e7\u00e3o em \u00e1reas espec\u00edficas. A partir disso, o ERI conduz um processo seletivo entre os estudantes vinculados aos programas de Inicia\u00e7\u00e3o Cient\u00edfica da UFPR. Importante ressaltar, que embora a sele\u00e7\u00e3o preliminar seja realizada pela UFPR, a decis\u00e3o final sobre a concess\u00e3o da bolsa cabe ao governo canadense. As universidades canadenses analisam os perfis dos candidatos nomeados e encaminham as candidaturas ao governo do Canad\u00e1, que avalia os perfis recebidos e seleciona os estudantes contemplados com a bolsa, de acordo com seus crit\u00e9rios e \u00e1reas de interesse.<br><br><strong>Editais UFPR para sele\u00e7ao interna (gradua\u00e7\u00e3o):<\/strong><br><strong><a href=\"https:\/\/internacional.ufpr.br\/portal\/2023\/12\/27\/elap-processo-seletivo-discente-saida-2024-2\/\" data-type=\"link\" data-id=\"https:\/\/internacional.ufpr.br\/portal\/2023\/12\/27\/elap-processo-seletivo-discente-saida-2024-2\/\" target=\"_blank\" rel=\"noreferrer noopener\">Edital 2024\/2025<\/a> &#8211; ENCERRADO<\/strong><br><a href=\"https:\/\/internacional.ufpr.br\/portal\/2025\/02\/05\/elap-processo-seletivo-discente-saida-2025-2\/\" target=\"_blank\" rel=\"noreferrer noopener\">Edital 2025\/2026 <\/a>&#8211; ABERTO<\/p>\n\n\n\n<p><strong>P\u00f3s-Gradua\u00e7\u00e3o<\/strong><\/p>\n\n\n\n<p>Seguindo o modelo das vagas de pesquisa para graduandos, o estudante de p\u00f3s-gradua\u00e7\u00e3o tamb\u00e9m deve encontrar um professor canadense que o aceite como orientando. Esse professor pode ser um novo colaborador ou algu\u00e9m com quem j\u00e1 exista uma parceria entre as institui\u00e7\u00f5es. Com a carta em m\u00e3os, o aluno deve entrar em contato com o Escrit\u00f3rio de Rela\u00e7\u00f5es Internacionais da UFPR para a tramita\u00e7\u00e3o documental e a submiss\u00e3o da candidatura para a Universidade canadense de sua escolha, segundo crit\u00e9rios da mesma.<\/p>\n\n\n\n<p>Os crit\u00e9rios de sele\u00e7\u00e3o do ELAP incluem a relev\u00e2ncia da pesquisa a ser desenvolvida no Canad\u00e1, os benef\u00edcios para a institui\u00e7\u00e3o de origem e para a universidade canadense, a import\u00e2ncia dos la\u00e7os acad\u00eamicos estabelecidos durante o interc\u00e2mbio, al\u00e9m de crit\u00e9rios espec\u00edficos determinados pela institui\u00e7\u00e3o canadense em seu pr\u00f3prio processo seletivo.<\/p>\n","protected":false},"excerpt":{"rendered":"<p>O programa Emerging Leaders in the Americas Program (ELAP) \u00e9 uma iniciativa governamental do Canad\u00e1 que anualmente concede bolsas para interc\u00e2mbio gratuito no pa\u00eds a estudantes provenientes de pa\u00edses em desenvolvimento, incluindo o Brasil. Destinado a estudantes matriculados em institui\u00e7\u00f5es de ensino superior brasileiras, podem participar do ELAP estudantes de gradua\u00e7\u00e3o, mestrado e doutorado. O [&hellip;]<\/p>\n","protected":false},"author":12,"featured_media":0,"parent":0,"menu_order":0,"comment_status":"closed","ping_status":"closed","template":"","meta":{"_acf_changed":false,"footnotes":""},"class_list":["post-6898","page","type-page","status-publish","hentry"],"acf":[],"_links":{"self":[{"href":"https:\/\/internacional.ufpr.br\/portal\/wp-json\/wp\/v2\/pages\/6898","targetHints":{"allow":["GET"]}}],"collection":[{"href":"https:\/\/internacional.ufpr.br\/portal\/wp-json\/wp\/v2\/pages"}],"about":[{"href":"https:\/\/internacional.ufpr.br\/portal\/wp-json\/wp\/v2\/types\/page"}],"author":[{"embeddable":true,"href":"https:\/\/internacional.ufpr.br\/portal\/wp-json\/wp\/v2\/users\/12"}],"replies":[{"embeddable":true,"href":"https:\/\/internacional.ufpr.br\/portal\/wp-json\/wp\/v2\/comments?post=6898"}],"version-history":[{"count":19,"href":"https:\/\/internacional.ufpr.br\/portal\/wp-json\/wp\/v2\/pages\/6898\/revisions"}],"predecessor-version":[{"id":7679,"href":"https:\/\/internacional.ufpr.br\/portal\/wp-json\/wp\/v2\/pages\/6898\/revisions\/7679"}],"wp:attachment":[{"href":"https:\/\/internacional.ufpr.br\/portal\/wp-json\/wp\/v2\/media?parent=6898"}],"curies":[{"name":"wp","href":"https:\/\/api.w.org\/{rel}","templated":true}]}}