{"id":6861,"date":"2024-01-05T08:41:08","date_gmt":"2024-01-05T11:41:08","guid":{"rendered":"https:\/\/internacional.ufpr.br\/portal\/?page_id=6861"},"modified":"2024-01-17T18:27:23","modified_gmt":"2024-01-17T21:27:23","slug":"estagio-curriculares-no-exterior","status":"publish","type":"page","link":"https:\/\/internacional.ufpr.br\/portal\/estagio-curriculares-no-exterior\/","title":{"rendered":"Est\u00e1gio no Exterior"},"content":{"rendered":"\n<p>Estudantes UFPR podem realizar seu est\u00e1gio curricular obrigat\u00f3rio no exterior desde que obedecido o disposto no <a rel=\"noreferrer noopener\" href=\"https:\/\/internacional.ufpr.br\/portal\/wp-content\/uploads\/2024\/01\/02-12.pdf\" data-type=\"URL\" data-id=\"https:\/\/internacional.ufpr.br\/portal\/wp-content\/uploads\/2024\/01\/02-12.pdf\" target=\"_blank\">Instru\u00e7\u00e3o Normativa 02\/12-CEPE.<\/a><\/p>\n\n\n\n<p>Para os est\u00e1gios no exterior, n\u00e3o obrigat\u00f3rio, \u00e9 v\u00e1lida a <a rel=\"noreferrer noopener\" href=\"https:\/\/internacional.ufpr.br\/portal\/wp-content\/uploads\/2024\/01\/01-12.pdf\" data-type=\"URL\" data-id=\"https:\/\/internacional.ufpr.br\/portal\/wp-content\/uploads\/2024\/01\/01-12.pdf\" target=\"_blank\">Instru\u00e7\u00e3o Normativa 01\/12 \u2013 CEPE<\/a>.<\/p>\n\n\n\n<p>Demais informa\u00e7\u00f5es podem ser obtidas junto \u00e0 <strong>Unidade&nbsp;de Est\u00e1gios \u2013 COAFE\/UE<\/strong> (<a href=\"mailto:estagio@ufpr.br\">estagio@ufpr.br<\/a>) e\/ou a Coordena\u00e7\u00e3o de Curso.<\/p>\n\n\n\n<p><\/p>\n","protected":false},"excerpt":{"rendered":"<p>Estudantes UFPR podem realizar seu est\u00e1gio curricular obrigat\u00f3rio no exterior desde que obedecido o disposto no Instru\u00e7\u00e3o Normativa 02\/12-CEPE. Para os est\u00e1gios no exterior, n\u00e3o obrigat\u00f3rio, \u00e9 v\u00e1lida a Instru\u00e7\u00e3o Normativa 01\/12 \u2013 CEPE. Demais informa\u00e7\u00f5es podem ser obtidas junto \u00e0 Unidade&nbsp;de Est\u00e1gios \u2013 COAFE\/UE (estagio@ufpr.br) e\/ou a Coordena\u00e7\u00e3o de Curso.<\/p>\n","protected":false},"author":12,"featured_media":0,"parent":0,"menu_order":0,"comment_status":"closed","ping_status":"closed","template":"","meta":{"_acf_changed":false,"footnotes":""},"class_list":["post-6861","page","type-page","status-publish","hentry"],"acf":[],"_links":{"self":[{"href":"https:\/\/internacional.ufpr.br\/portal\/wp-json\/wp\/v2\/pages\/6861","targetHints":{"allow":["GET"]}}],"collection":[{"href":"https:\/\/internacional.ufpr.br\/portal\/wp-json\/wp\/v2\/pages"}],"about":[{"href":"https:\/\/internacional.ufpr.br\/portal\/wp-json\/wp\/v2\/types\/page"}],"author":[{"embeddable":true,"href":"https:\/\/internacional.ufpr.br\/portal\/wp-json\/wp\/v2\/users\/12"}],"replies":[{"embeddable":true,"href":"https:\/\/internacional.ufpr.br\/portal\/wp-json\/wp\/v2\/comments?post=6861"}],"version-history":[{"count":3,"href":"https:\/\/internacional.ufpr.br\/portal\/wp-json\/wp\/v2\/pages\/6861\/revisions"}],"predecessor-version":[{"id":6902,"href":"https:\/\/internacional.ufpr.br\/portal\/wp-json\/wp\/v2\/pages\/6861\/revisions\/6902"}],"wp:attachment":[{"href":"https:\/\/internacional.ufpr.br\/portal\/wp-json\/wp\/v2\/media?parent=6861"}],"curies":[{"name":"wp","href":"https:\/\/api.w.org\/{rel}","templated":true}]}}