{"id":6639,"date":"2023-09-05T14:25:26","date_gmt":"2023-09-05T17:25:26","guid":{"rendered":"https:\/\/internacional.ufpr.br\/portal\/?page_id=6639"},"modified":"2023-10-27T08:40:39","modified_gmt":"2023-10-27T11:40:39","slug":"undergraduate-programs","status":"publish","type":"page","link":"https:\/\/internacional.ufpr.br\/portal\/undergraduate-programs\/","title":{"rendered":"Undergraduate Programs"},"content":{"rendered":"\n<figure class=\"wp-block-table\"><table><tbody><tr><td class=\"has-text-align-center\" data-align=\"center\"><strong>Cursos de Gradua\u00e7\u00e3o<\/strong><\/td><td class=\"has-text-align-center\" data-align=\"center\"><strong>Undergraduate Programs<\/strong><\/td><td class=\"has-text-align-center\" data-align=\"center\"><strong>City<\/strong><\/td><\/tr><tr><td class=\"has-text-align-center\" data-align=\"center\">Ci\u00eancias Cont\u00e1beis<\/td><td class=\"has-text-align-center\" data-align=\"center\">Accounting<\/td><td class=\"has-text-align-center\" data-align=\"center\">Curitiba<\/td><\/tr><tr><td class=\"has-text-align-center\" data-align=\"center\">Publicidade e Propaganda<\/td><td class=\"has-text-align-center\" data-align=\"center\">Advertising<\/td><td class=\"has-text-align-center\" data-align=\"center\">Curitiba<\/td><\/tr><tr><td class=\"has-text-align-center\" data-align=\"center\">Engenharia Agr\u00edcola<\/td><td class=\"has-text-align-center\" data-align=\"center\">Agricultural Engineering<\/td><td class=\"has-text-align-center\" data-align=\"center\">Jandaia do Sul<\/td><\/tr><tr><td class=\"has-text-align-center\" data-align=\"center\">Agroecologia<\/td><td class=\"has-text-align-center\" data-align=\"center\">Agroecology<\/td><td class=\"has-text-align-center\" data-align=\"center\">Matinhos<\/td><\/tr><tr><td class=\"has-text-align-center\" data-align=\"center\">Agronomia<\/td><td class=\"has-text-align-center\" data-align=\"center\">Agronomy<\/td><td class=\"has-text-align-center\" data-align=\"center\">Curitiba<\/td><\/tr><tr><td class=\"has-text-align-center\" data-align=\"center\">Agronomia<\/td><td class=\"has-text-align-center\" data-align=\"center\">Agronomy<\/td><td class=\"has-text-align-center\" data-align=\"center\">Palotina<\/td><\/tr><tr><td class=\"has-text-align-center\" data-align=\"center\">Engenharia de Aquicultura<\/td><td class=\"has-text-align-center\" data-align=\"center\">Aquaculture and Fisheries<\/td><td class=\"has-text-align-center\" data-align=\"center\">Palotina<\/td><\/tr><tr><td class=\"has-text-align-center\" data-align=\"center\">Engenharia Aquicultura<\/td><td class=\"has-text-align-center\" data-align=\"center\">Aquaculture and Fisheries<\/td><td class=\"has-text-align-center\" data-align=\"center\">Pontal do Paran\u00e1<\/td><\/tr><tr><td class=\"has-text-align-center\" data-align=\"center\">Arquitetura e Urbanismo<\/td><td class=\"has-text-align-center\" data-align=\"center\">Architecture and Urban Planning<\/td><td class=\"has-text-align-center\" data-align=\"center\">Curitiba<\/td><\/tr><tr><td class=\"has-text-align-center\" data-align=\"center\">Artes, Licenciatura<\/td><td class=\"has-text-align-center\" data-align=\"center\">Art Teaching<\/td><td class=\"has-text-align-center\" data-align=\"center\">Matinhos<\/td><\/tr><tr><td class=\"has-text-align-center\" data-align=\"center\">Artes<\/td><td class=\"has-text-align-center\" data-align=\"center\">Art Teaching<\/td><td class=\"has-text-align-center\" data-align=\"center\">Matinhos<\/td><\/tr><tr><td class=\"has-text-align-center\" data-align=\"center\">Ci\u00eancias Biol\u00f3gicas<\/td><td class=\"has-text-align-center\" data-align=\"center\">Biological Sciences<\/td><td class=\"has-text-align-center\" data-align=\"center\">Curitiba<\/td><\/tr><tr><td class=\"has-text-align-center\" data-align=\"center\">Ci\u00eancias Biol\u00f3gicas<\/td><td class=\"has-text-align-center\" data-align=\"center\">Biological Sciences<\/td><td class=\"has-text-align-center\" data-align=\"center\">Palotina<\/td><\/tr><tr><td class=\"has-text-align-center\" data-align=\"center\">Inform\u00e1tica Biom\u00e9dica<\/td><td class=\"has-text-align-center\" data-align=\"center\">Biomedical Computation<\/td><td class=\"has-text-align-center\" data-align=\"center\">Curitiba<\/td><\/tr><tr><td class=\"has-text-align-center\" data-align=\"center\">Biomedicina<\/td><td class=\"has-text-align-center\" data-align=\"center\">Biomedical Sciences<\/td><td class=\"has-text-align-center\" data-align=\"center\">Curitiba<\/td><\/tr><tr><td class=\"has-text-align-center\" data-align=\"center\">Engenharia de Bioprocessos e Biotecnologia<\/td><td class=\"has-text-align-center\" data-align=\"center\">Biotechnology and Biomanufacturing<\/td><td class=\"has-text-align-center\" data-align=\"center\">Curitiba<\/td><\/tr><tr><td class=\"has-text-align-center\" data-align=\"center\">Engenharia de Bioprocessos e Biotecnologia<\/td><td class=\"has-text-align-center\" data-align=\"center\">Biotechnology and Biomanufacturing<\/td><td class=\"has-text-align-center\" data-align=\"center\">Palotina<\/td><\/tr><tr><td class=\"has-text-align-center\" data-align=\"center\">Administra\u00e7\u00e3o<\/td><td class=\"has-text-align-center\" data-align=\"center\">Business Administration<\/td><td class=\"has-text-align-center\" data-align=\"center\">Curitiba<\/td><\/tr><tr><td class=\"has-text-align-center\" data-align=\"center\">Administra\u00e7\u00e3o<\/td><td class=\"has-text-align-center\" data-align=\"center\">Business Administration<\/td><td class=\"has-text-align-center\" data-align=\"center\">Online<\/td><\/tr><tr><td class=\"has-text-align-center\" data-align=\"center\">Engenharia Qu\u00edmica<\/td><td class=\"has-text-align-center\" data-align=\"center\">Chemical Engineering<\/td><td class=\"has-text-align-center\" data-align=\"center\">Curitiba<\/td><\/tr><tr><td class=\"has-text-align-center\" data-align=\"center\">Qu\u00edmica<\/td><td class=\"has-text-align-center\" data-align=\"center\">Chemistry<\/td><td class=\"has-text-align-center\" data-align=\"center\">Curitiba<\/td><\/tr><tr><td class=\"has-text-align-center\" data-align=\"center\">Engenharia Civil<\/td><td class=\"has-text-align-center\" data-align=\"center\">Civil Engineering<\/td><td class=\"has-text-align-center\" data-align=\"center\">Curitiba<\/td><\/tr><tr><td class=\"has-text-align-center\" data-align=\"center\">Engenharia Civil<\/td><td class=\"has-text-align-center\" data-align=\"center\">Civil Engineering<\/td><td class=\"has-text-align-center\" data-align=\"center\">Pontal do Paran\u00e1<\/td><\/tr><tr><td class=\"has-text-align-center\" data-align=\"center\">Sa\u00fade Coletiva<\/td><td class=\"has-text-align-center\" data-align=\"center\">Collective Health<\/td><td class=\"has-text-align-center\" data-align=\"center\">Matinhos<\/td><\/tr><tr><td class=\"has-text-align-center\" data-align=\"center\">Ci\u00eancias da Computa\u00e7\u00e3o<\/td><td class=\"has-text-align-center\" data-align=\"center\">Computer Sciences<\/td><td class=\"has-text-align-center\" data-align=\"center\">Curitiba<\/td><\/tr><tr><td class=\"has-text-align-center\" data-align=\"center\">Computa\u00e7\u00e3o<\/td><td class=\"has-text-align-center\" data-align=\"center\">Computing<\/td><td class=\"has-text-align-center\" data-align=\"center\">Jandaia do Sul<\/td><\/tr><tr><td class=\"has-text-align-center\" data-align=\"center\">Computa\u00e7\u00e3o<\/td><td class=\"has-text-align-center\" data-align=\"center\">Computing<\/td><td class=\"has-text-align-center\" data-align=\"center\">Palotina<\/td><\/tr><tr><td class=\"has-text-align-center\" data-align=\"center\">Odontologia<\/td><td class=\"has-text-align-center\" data-align=\"center\">Dentistry<\/td><td class=\"has-text-align-center\" data-align=\"center\">Curitiba<\/td><\/tr><tr><td class=\"has-text-align-center\" data-align=\"center\">Express\u00e3o Gr\u00e1fica<\/td><td class=\"has-text-align-center\" data-align=\"center\">Design &amp; Computing<\/td><td class=\"has-text-align-center\" data-align=\"center\">Curitiba<\/td><\/tr><tr><td class=\"has-text-align-center\" data-align=\"center\">Ci\u00eancias Econ\u00f4micas<\/td><td class=\"has-text-align-center\" data-align=\"center\">Economics<\/td><td class=\"has-text-align-center\" data-align=\"center\">Curitiba<\/td><\/tr><tr><td class=\"has-text-align-center\" data-align=\"center\">Engenharia El\u00e9trica<\/td><td class=\"has-text-align-center\" data-align=\"center\">Electrical Engineering<\/td><td class=\"has-text-align-center\" data-align=\"center\">Curitiba<\/td><\/tr><tr><td class=\"has-text-align-center\" data-align=\"center\">Engenharia Ambiental<\/td><td class=\"has-text-align-center\" data-align=\"center\">Environmental Engineering<\/td><td class=\"has-text-align-center\" data-align=\"center\">Curitiba<\/td><\/tr><tr><td class=\"has-text-align-center\" data-align=\"center\">Engenharia Ambiental e Sanit\u00e1ria<\/td><td class=\"has-text-align-center\" data-align=\"center\">Environmental Engineering<\/td><td class=\"has-text-align-center\" data-align=\"center\">Pontal do Paran\u00e1<\/td><\/tr><tr><td class=\"has-text-align-center\" data-align=\"center\">Ci\u00eancias Ambientais<\/td><td class=\"has-text-align-center\" data-align=\"center\">Environmental Sciences<\/td><td class=\"has-text-align-center\" data-align=\"center\">Matinhos<\/td><\/tr><tr><td class=\"has-text-align-center\" data-align=\"center\">Engenharia de Alimentos<\/td><td class=\"has-text-align-center\" data-align=\"center\">Food Science<\/td><td class=\"has-text-align-center\" data-align=\"center\">Jandaia do Sul<\/td><\/tr><tr><td class=\"has-text-align-center\" data-align=\"center\">Engenharia Florestal<\/td><td class=\"has-text-align-center\" data-align=\"center\">Forestry<\/td><td class=\"has-text-align-center\" data-align=\"center\">Curitiba<\/td><\/tr><tr><td class=\"has-text-align-center\" data-align=\"center\">Geografia<\/td><td class=\"has-text-align-center\" data-align=\"center\">Geography<\/td><td class=\"has-text-align-center\" data-align=\"center\">Curitiba<\/td><\/tr><tr><td class=\"has-text-align-center\" data-align=\"center\">Geografia<\/td><td class=\"has-text-align-center\" data-align=\"center\">Geography Teaching<\/td><td class=\"has-text-align-center\" data-align=\"center\">Matinhos<\/td><\/tr><tr><td class=\"has-text-align-center\" data-align=\"center\">Geologia<\/td><td class=\"has-text-align-center\" data-align=\"center\">Geology<\/td><td class=\"has-text-align-center\" data-align=\"center\">Curitiba<\/td><\/tr><tr><td class=\"has-text-align-center\" data-align=\"center\">Design Gr\u00e1fico<\/td><td class=\"has-text-align-center\" data-align=\"center\">Graphic Design<\/td><td class=\"has-text-align-center\" data-align=\"center\">Curitiba<\/td><\/tr><tr><td class=\"has-text-align-center\" data-align=\"center\">Hist\u00f3ria<\/td><td class=\"has-text-align-center\" data-align=\"center\">History<\/td><td class=\"has-text-align-center\" data-align=\"center\">Curitiba<\/td><\/tr><tr><td class=\"has-text-align-center\" data-align=\"center\">Hist\u00f3ria Mem\u00f3ria e Imagem<\/td><td class=\"has-text-align-center\" data-align=\"center\">Art History<\/td><td class=\"has-text-align-center\" data-align=\"center\">Curitiba<\/td><\/tr><tr><td class=\"has-text-align-center\" data-align=\"center\">Matem\u00e1tica Industrial<\/td><td class=\"has-text-align-center\" data-align=\"center\">Industrial Mathematics<\/td><td class=\"has-text-align-center\" data-align=\"center\">Curitiba<\/td><\/tr><tr><td class=\"has-text-align-center\" data-align=\"center\">Gest\u00e3o da Informa\u00e7\u00e3o<\/td><td class=\"has-text-align-center\" data-align=\"center\">Information Management<\/td><td class=\"has-text-align-center\" data-align=\"center\">Curitiba<\/td><\/tr><tr><td class=\"has-text-align-center\" data-align=\"center\">Tecnologia em An\u00e1lise e Desenvolvimento de Sistemas<\/td><td class=\"has-text-align-center\" data-align=\"center\">Information Technology Analysis and Development<\/td><td class=\"has-text-align-center\" data-align=\"center\">Curitiba<\/td><\/tr><tr><td class=\"has-text-align-center\" data-align=\"center\">Tecnologia em Comunica\u00e7\u00e3o Institucional<\/td><td class=\"has-text-align-center\" data-align=\"center\">Institutional Communication<\/td><td class=\"has-text-align-center\" data-align=\"center\">Curitiba<\/td><\/tr><tr><td class=\"has-text-align-center\" data-align=\"center\">Jornalismo<\/td><td class=\"has-text-align-center\" data-align=\"center\">Journalism<\/td><td class=\"has-text-align-center\" data-align=\"center\">Curitiba<\/td><\/tr><tr><td class=\"has-text-align-center\" data-align=\"center\">Linguagem e Comunica\u00e7\u00e3o<\/td><td class=\"has-text-align-center\" data-align=\"center\">Language and Communication<\/td><td class=\"has-text-align-center\" data-align=\"center\">Matinhos<\/td><\/tr><tr><td class=\"has-text-align-center\" data-align=\"center\">Letras<\/td><td class=\"has-text-align-center\" data-align=\"center\">Languages and Literature<\/td><td class=\"has-text-align-center\" data-align=\"center\">Curitiba<\/td><\/tr><tr><td class=\"has-text-align-center\" data-align=\"center\">Letras Libras<\/td><td class=\"has-text-align-center\" data-align=\"center\">Languages and Literature: Brazilian Sign Language<\/td><td class=\"has-text-align-center\" data-align=\"center\">Curitiba<\/td><\/tr><tr><td class=\"has-text-align-center\" data-align=\"center\">Direito<\/td><td class=\"has-text-align-center\" data-align=\"center\">Law<\/td><td class=\"has-text-align-center\" data-align=\"center\">Curitiba<\/td><\/tr><tr><td class=\"has-text-align-center\" data-align=\"center\">Zootecnia<\/td><td class=\"has-text-align-center\" data-align=\"center\">Livestock Management<\/td><td class=\"has-text-align-center\" data-align=\"center\">Curitiba<\/td><\/tr><tr><td class=\"has-text-align-center\" data-align=\"center\">Tecnologia em Luteria<\/td><td class=\"has-text-align-center\" data-align=\"center\">Luthiery<\/td><td class=\"has-text-align-center\" data-align=\"center\">Curitiba<\/td><\/tr><tr><td class=\"has-text-align-center\" data-align=\"center\">Gest\u00e3o e Empreendedorismo<\/td><td class=\"has-text-align-center\" data-align=\"center\">Management and Entrepreneurship<\/td><td class=\"has-text-align-center\" data-align=\"center\">Matinhos<\/td><\/tr><tr><td class=\"has-text-align-center\" data-align=\"center\">Matem\u00e1tica<\/td><td class=\"has-text-align-center\" data-align=\"center\">Mathematics<\/td><td class=\"has-text-align-center\" data-align=\"center\">Curitiba<\/td><\/tr><tr><td class=\"has-text-align-center\" data-align=\"center\">Engenharia Mec\u00e2nica<\/td><td class=\"has-text-align-center\" data-align=\"center\">Mechanical Engineering<\/td><td class=\"has-text-align-center\" data-align=\"center\">Curitiba<\/td><\/tr><tr><td class=\"has-text-align-center\" data-align=\"center\">Medicina<\/td><td class=\"has-text-align-center\" data-align=\"center\">Medicine<\/td><td class=\"has-text-align-center\" data-align=\"center\">Curitiba<\/td><\/tr><tr><td class=\"has-text-align-center\" data-align=\"center\">Medicina<\/td><td class=\"has-text-align-center\" data-align=\"center\">Medicine<\/td><td class=\"has-text-align-center\" data-align=\"center\">Toledo<\/td><\/tr><tr><td class=\"has-text-align-center\" data-align=\"center\">M\u00fasica<\/td><td class=\"has-text-align-center\" data-align=\"center\">Music<\/td><td class=\"has-text-align-center\" data-align=\"center\">Curitiba<\/td><\/tr><tr><td class=\"has-text-align-center\" data-align=\"center\">Ci\u00eancias Exatas<\/td><td class=\"has-text-align-center\" data-align=\"center\">Natural Sciences Teaching<\/td><td class=\"has-text-align-center\" data-align=\"center\">Jandaia do Sul<\/td><\/tr><tr><td class=\"has-text-align-center\" data-align=\"center\">Ci\u00eancias Exatas<\/td><td class=\"has-text-align-center\" data-align=\"center\">Natural Sciences Teaching<\/td><td class=\"has-text-align-center\" data-align=\"center\">Palotina<\/td><\/tr><tr><td class=\"has-text-align-center\" data-align=\"center\">Ci\u00eancias Exatas<\/td><td class=\"has-text-align-center\" data-align=\"center\">Natural Sciences Teaching<\/td><td class=\"has-text-align-center\" data-align=\"center\">Pontal do Paran\u00e1<\/td><\/tr><tr><td class=\"has-text-align-center\" data-align=\"center\">Enfermagem<\/td><td class=\"has-text-align-center\" data-align=\"center\">Nursing<\/td><td class=\"has-text-align-center\" data-align=\"center\">Curitiba<\/td><\/tr><tr><td class=\"has-text-align-center\" data-align=\"center\">Nutri\u00e7\u00e3o<\/td><td class=\"has-text-align-center\" data-align=\"center\">Nutrition<\/td><td class=\"has-text-align-center\" data-align=\"center\">Curitiba<\/td><\/tr><tr><td class=\"has-text-align-center\" data-align=\"center\">Terapia Ocupacional<\/td><td class=\"has-text-align-center\" data-align=\"center\">Occupational Therapy<\/td><td class=\"has-text-align-center\" data-align=\"center\">Curitiba<\/td><\/tr><tr><td class=\"has-text-align-center\" data-align=\"center\">Oceanografia<\/td><td class=\"has-text-align-center\" data-align=\"center\">Oceanography<\/td><td class=\"has-text-align-center\" data-align=\"center\">Pontal do Paran\u00e1<\/td><\/tr><tr><td class=\"has-text-align-center\" data-align=\"center\">Pedagogia<\/td><td class=\"has-text-align-center\" data-align=\"center\">Pedagogy<\/td><td class=\"has-text-align-center\" data-align=\"center\">Curitiba<\/td><\/tr><tr><td class=\"has-text-align-center\" data-align=\"center\">Pedagogia<\/td><td class=\"has-text-align-center\" data-align=\"center\">Pedagogy<\/td><td class=\"has-text-align-center\" data-align=\"center\">Online<\/td><\/tr><tr><td class=\"has-text-align-center\" data-align=\"center\">Farm\u00e1cia<\/td><td class=\"has-text-align-center\" data-align=\"center\">Pharmacy<\/td><td class=\"has-text-align-center\" data-align=\"center\">Curitiba<\/td><\/tr><tr><td class=\"has-text-align-center\" data-align=\"center\">Filosofia<\/td><td class=\"has-text-align-center\" data-align=\"center\">Philosophy<\/td><td class=\"has-text-align-center\" data-align=\"center\">Curitiba<\/td><\/tr><tr><td class=\"has-text-align-center\" data-align=\"center\">Educa\u00e7\u00e3o F\u00edsica<\/td><td class=\"has-text-align-center\" data-align=\"center\">Physical Education<\/td><td class=\"has-text-align-center\" data-align=\"center\">Curitiba<\/td><\/tr><tr><td class=\"has-text-align-center\" data-align=\"center\">Educa\u00e7\u00e3o F\u00edsica<\/td><td class=\"has-text-align-center\" data-align=\"center\">Physical Education<\/td><td class=\"has-text-align-center\" data-align=\"center\">Matinhos<\/td><\/tr><tr><td class=\"has-text-align-center\" data-align=\"center\">Fisioterapia<\/td><td class=\"has-text-align-center\" data-align=\"center\">Physical Therapy<\/td><td class=\"has-text-align-center\" data-align=\"center\">Curitiba<\/td><\/tr><tr><td class=\"has-text-align-center\" data-align=\"center\">F\u00edsica<\/td><td class=\"has-text-align-center\" data-align=\"center\">Physics<\/td><td class=\"has-text-align-center\" data-align=\"center\">Curitiba<\/td><\/tr><tr><td class=\"has-text-align-center\" data-align=\"center\">Design de Produto<\/td><td class=\"has-text-align-center\" data-align=\"center\">Product Design<\/td><td class=\"has-text-align-center\" data-align=\"center\">Curitiba<\/td><\/tr><tr><td class=\"has-text-align-center\" data-align=\"center\">Engenharia de Produ\u00e7\u00e3o<\/td><td class=\"has-text-align-center\" data-align=\"center\">Production Engineering<\/td><td class=\"has-text-align-center\" data-align=\"center\">Curitiba<\/td><\/tr><tr><td class=\"has-text-align-center\" data-align=\"center\">Engenharia de Produ\u00e7\u00e3o<\/td><td class=\"has-text-align-center\" data-align=\"center\">Production Engineering<\/td><td class=\"has-text-align-center\" data-align=\"center\">Jandaia do Sul<\/td><\/tr><tr><td class=\"has-text-align-center\" data-align=\"center\">Psicologia<\/td><td class=\"has-text-align-center\" data-align=\"center\">Psychology<\/td><td class=\"has-text-align-center\" data-align=\"center\">Curitiba<\/td><\/tr><tr><td class=\"has-text-align-center\" data-align=\"center\">Administra\u00e7\u00e3o P\u00fablica<\/td><td class=\"has-text-align-center\" data-align=\"center\">Public Administration<\/td><td class=\"has-text-align-center\" data-align=\"center\">Matinhos<\/td><\/tr><tr><td class=\"has-text-align-center\" data-align=\"center\">Administra\u00e7\u00e3o P\u00fablica<\/td><td class=\"has-text-align-center\" data-align=\"center\">Public Management<\/td><td class=\"has-text-align-center\" data-align=\"center\">Matinhos<\/td><\/tr><tr><td class=\"has-text-align-center\" data-align=\"center\">Tecnologia em Gest\u00e3o P\u00fablica<\/td><td class=\"has-text-align-center\" data-align=\"center\">Public Management<\/td><td class=\"has-text-align-center\" data-align=\"center\">Curitiba<\/td><\/tr><tr><td class=\"has-text-align-center\" data-align=\"center\">Rela\u00e7\u00f5es P\u00fablicas<\/td><td class=\"has-text-align-center\" data-align=\"center\">Public Relations<\/td><td class=\"has-text-align-center\" data-align=\"center\">Curitiba<\/td><\/tr><tr><td class=\"has-text-align-center\" data-align=\"center\">Tecnologia em Gest\u00e3o da Qualidade<\/td><td class=\"has-text-align-center\" data-align=\"center\">Quality Management<\/td><td class=\"has-text-align-center\" data-align=\"center\">Curitiba<\/td><\/tr><tr><td class=\"has-text-align-center\" data-align=\"center\">Tecnologia em Neg\u00f3cios Imobili\u00e1rios<\/td><td class=\"has-text-align-center\" data-align=\"center\">Real Estate Business<\/td><td class=\"has-text-align-center\" data-align=\"center\">Curitiba<\/td><\/tr><tr><td class=\"has-text-align-center\" data-align=\"center\">Gest\u00e3o Imobili\u00e1ria<\/td><td class=\"has-text-align-center\" data-align=\"center\">Real Estate Management<\/td><td class=\"has-text-align-center\" data-align=\"center\">Matinhos<\/td><\/tr><tr><td class=\"has-text-align-center\" data-align=\"center\">Engenharia de Energias Renov\u00e1veis<\/td><td class=\"has-text-align-center\" data-align=\"center\">Renewable Energy Engineering<\/td><td class=\"has-text-align-center\" data-align=\"center\">Palotina<\/td><\/tr><tr><td class=\"has-text-align-center\" data-align=\"center\">Educa\u00e7\u00e3o do Campo<\/td><td class=\"has-text-align-center\" data-align=\"center\">Rural Education<\/td><td class=\"has-text-align-center\" data-align=\"center\">Matinhos<\/td><\/tr><tr><td class=\"has-text-align-center\" data-align=\"center\">Ci\u00eancias<\/td><td class=\"has-text-align-center\" data-align=\"center\">Science Teaching<\/td><td class=\"has-text-align-center\" data-align=\"center\">Matinhos<\/td><\/tr><tr><td class=\"has-text-align-center\" data-align=\"center\">Tecnologia em Secretariado<\/td><td class=\"has-text-align-center\" data-align=\"center\">Secretarial Studies<\/td><td class=\"has-text-align-center\" data-align=\"center\">Curitiba<\/td><\/tr><tr><td class=\"has-text-align-center\" data-align=\"center\">Ci\u00eancias Sociais<\/td><td class=\"has-text-align-center\" data-align=\"center\">Social Sciences<\/td><td class=\"has-text-align-center\" data-align=\"center\">Curitiba<\/td><\/tr><tr><td class=\"has-text-align-center\" data-align=\"center\">Servi\u00e7o Social<\/td><td class=\"has-text-align-center\" data-align=\"center\">Social Work<\/td><td class=\"has-text-align-center\" data-align=\"center\">Matinhos<\/td><\/tr><tr><td class=\"has-text-align-center\" data-align=\"center\">Estat\u00edstica<\/td><td class=\"has-text-align-center\" data-align=\"center\">Statistics<\/td><td class=\"has-text-align-center\" data-align=\"center\">Curitiba<\/td><\/tr><tr><td class=\"has-text-align-center\" data-align=\"center\">Engenharia Cartogr\u00e1fica e de Agrimensura<\/td><td class=\"has-text-align-center\" data-align=\"center\">Surveying and Mapping Science<\/td><td class=\"has-text-align-center\" data-align=\"center\">Curitiba<\/td><\/tr><tr><td class=\"has-text-align-center\" data-align=\"center\">Tecnologia em Produ\u00e7\u00e3o C\u00eanica<\/td><td class=\"has-text-align-center\" data-align=\"center\">Theater Production<\/td><td class=\"has-text-align-center\" data-align=\"center\">Curitiba<\/td><\/tr><tr><td class=\"has-text-align-center\" data-align=\"center\">Engenharia Industrial Madereira<\/td><td class=\"has-text-align-center\" data-align=\"center\">Timber Industry Engineering<\/td><td class=\"has-text-align-center\" data-align=\"center\">Curitiba<\/td><\/tr><tr><td class=\"has-text-align-center\" data-align=\"center\">Turismo<\/td><td class=\"has-text-align-center\" data-align=\"center\">Tourism<\/td><td class=\"has-text-align-center\" data-align=\"center\">Curitiba<\/td><\/tr><tr><td class=\"has-text-align-center\" data-align=\"center\">Gest\u00e3o de Turismo<\/td><td class=\"has-text-align-center\" data-align=\"center\">Tourism Management<\/td><td class=\"has-text-align-center\" data-align=\"center\">Matinhos<\/td><\/tr><tr><td class=\"has-text-align-center\" data-align=\"center\"><\/td><td class=\"has-text-align-center\" data-align=\"center\"><\/td><td class=\"has-text-align-center\" data-align=\"center\"><\/td><\/tr><tr><td class=\"has-text-align-center\" data-align=\"center\">Medicina Veterin\u00e1ria<\/td><td class=\"has-text-align-center\" data-align=\"center\">Veterinary Medicine<\/td><td class=\"has-text-align-center\" data-align=\"center\">Curitiba<\/td><\/tr><tr><td class=\"has-text-align-center\" data-align=\"center\">Medicina Veterin\u00e1ria<\/td><td class=\"has-text-align-center\" data-align=\"center\">Veterinary Medicine<\/td><td class=\"has-text-align-center\" data-align=\"center\">Palotina<\/td><\/tr><tr><td class=\"has-text-align-center\" data-align=\"center\">Artes Visuais<\/td><td class=\"has-text-align-center\" data-align=\"center\">Visual Arts<\/td><td class=\"has-text-align-center\" data-align=\"center\">Curitiba<\/td><\/tr><\/tbody><\/table><\/figure>\n","protected":false},"excerpt":{"rendered":"<p>Cursos de Gradua\u00e7\u00e3o Undergraduate Programs City Ci\u00eancias Cont\u00e1beis Accounting Curitiba Publicidade e Propaganda Advertising Curitiba Engenharia Agr\u00edcola Agricultural Engineering Jandaia do Sul Agroecologia Agroecology Matinhos Agronomia Agronomy Curitiba Agronomia Agronomy Palotina Engenharia de Aquicultura Aquaculture and Fisheries Palotina Engenharia Aquicultura Aquaculture and Fisheries Pontal do Paran\u00e1 Arquitetura e Urbanismo Architecture and Urban Planning Curitiba Artes, [&hellip;]<\/p>\n","protected":false},"author":12,"featured_media":0,"parent":0,"menu_order":-2,"comment_status":"closed","ping_status":"closed","template":"","meta":{"_acf_changed":false,"footnotes":""},"class_list":["post-6639","page","type-page","status-publish","hentry"],"acf":[],"_links":{"self":[{"href":"https:\/\/internacional.ufpr.br\/portal\/wp-json\/wp\/v2\/pages\/6639","targetHints":{"allow":["GET"]}}],"collection":[{"href":"https:\/\/internacional.ufpr.br\/portal\/wp-json\/wp\/v2\/pages"}],"about":[{"href":"https:\/\/internacional.ufpr.br\/portal\/wp-json\/wp\/v2\/types\/page"}],"author":[{"embeddable":true,"href":"https:\/\/internacional.ufpr.br\/portal\/wp-json\/wp\/v2\/users\/12"}],"replies":[{"embeddable":true,"href":"https:\/\/internacional.ufpr.br\/portal\/wp-json\/wp\/v2\/comments?post=6639"}],"version-history":[{"count":2,"href":"https:\/\/internacional.ufpr.br\/portal\/wp-json\/wp\/v2\/pages\/6639\/revisions"}],"predecessor-version":[{"id":6741,"href":"https:\/\/internacional.ufpr.br\/portal\/wp-json\/wp\/v2\/pages\/6639\/revisions\/6741"}],"wp:attachment":[{"href":"https:\/\/internacional.ufpr.br\/portal\/wp-json\/wp\/v2\/media?parent=6639"}],"curies":[{"name":"wp","href":"https:\/\/api.w.org\/{rel}","templated":true}]}}