{"id":568,"date":"2018-01-31T09:37:51","date_gmt":"2018-01-31T11:37:51","guid":{"rendered":"http:\/\/internacional.ufpr.br\/portal\/?page_id=568"},"modified":"2025-08-29T10:09:59","modified_gmt":"2025-08-29T13:09:59","slug":"aluno-ufpr","status":"publish","type":"page","link":"https:\/\/internacional.ufpr.br\/portal\/aluno-ufpr\/","title":{"rendered":"Aluno UFPR"},"content":{"rendered":"\n<p>O ERI &#8211; Escrit\u00f3rio de Rela\u00e7\u00f5es Internacionais da UFPR, atrav\u00e9s da sua <a href=\"http:\/\/internacional.ufpr.br\/portal\/coordenacao-mobilidade\/ \u200e\" target=\"_blank\" rel=\"noopener\">Coordena\u00e7\u00e3o de Mobilidade<\/a>, gerencia diferentes programas de interc\u00e2mbio.<\/p>\n\n\n\n<div style=\"height:50px\" aria-hidden=\"true\" class=\"wp-block-spacer\"><\/div>\n\n\n\n<div class=\"wp-block-columns is-layout-flex wp-container-core-columns-is-layout-9d6595d7 wp-block-columns-is-layout-flex\">\n<div class=\"wp-block-column is-layout-flow wp-block-column-is-layout-flow\" style=\"flex-basis:100%\">\n<div class=\"wp-block-columns is-not-stacked-on-mobile is-layout-flex wp-container-core-columns-is-layout-9d6595d7 wp-block-columns-is-layout-flex\">\n<div class=\"wp-block-column has-text-color has-link-color wp-elements-7281a954ba2a492c6d1f56d9bcf82400 is-layout-flow wp-block-column-is-layout-flow\" style=\"color:#003c71\"><div class=\"wp-block-image is-style-default\">\n<figure class=\"aligncenter size-full is-resized\" id=\"topo\"><a href=\"https:\/\/internacional.ufpr.br\/portal\/mobilidade-augm\/\"><img loading=\"lazy\" decoding=\"async\" width=\"512\" height=\"512\" src=\"https:\/\/internacional.ufpr.br\/portal\/wp-content\/uploads\/2025\/08\/AUGM_MARCA.png\" alt=\"\" class=\"wp-image-9203\" style=\"object-fit:cover;width:90px;height:90px\" srcset=\"https:\/\/internacional.ufpr.br\/portal\/wp-content\/uploads\/2025\/08\/AUGM_MARCA.png 512w, https:\/\/internacional.ufpr.br\/portal\/wp-content\/uploads\/2025\/08\/AUGM_MARCA-300x300.png 300w, https:\/\/internacional.ufpr.br\/portal\/wp-content\/uploads\/2025\/08\/AUGM_MARCA-150x150.png 150w, https:\/\/internacional.ufpr.br\/portal\/wp-content\/uploads\/2025\/08\/AUGM_MARCA-10x10.png 10w\" sizes=\"auto, (max-width: 512px) 100vw, 512px\" \/><\/a><\/figure>\n<\/div>\n\n\n<p class=\"has-text-align-center has-text-color has-link-color wp-elements-781fe35e1d34fa15f095bd9f481b5fde\" style=\"color:#0d518c;font-size:14px\"><strong><a href=\"https:\/\/internacional.ufpr.br\/portal\/mobilidade-augm\/\">AUGM e MARCA<\/a><\/strong><\/p>\n<\/div>\n\n\n\n<div class=\"wp-block-column has-text-color has-link-color wp-elements-c02f51621ae50eb95637e95e60a15fab is-layout-flow wp-block-column-is-layout-flow\" style=\"color:#003c71\"><div class=\"wp-block-image is-style-default\">\n<figure class=\"aligncenter size-full is-resized\"><a href=\"https:\/\/internacional.ufpr.br\/portal\/mobilidade-internacional-ufpr\/\"><img loading=\"lazy\" decoding=\"async\" width=\"512\" height=\"512\" src=\"https:\/\/internacional.ufpr.br\/portal\/wp-content\/uploads\/2025\/07\/Icone_MobilidadeInternacional_Verde_Eri.png\" alt=\"\" class=\"wp-image-9010\" style=\"object-fit:cover;width:70px;height:auto\" srcset=\"https:\/\/internacional.ufpr.br\/portal\/wp-content\/uploads\/2025\/07\/Icone_MobilidadeInternacional_Verde_Eri.png 512w, https:\/\/internacional.ufpr.br\/portal\/wp-content\/uploads\/2025\/07\/Icone_MobilidadeInternacional_Verde_Eri-300x300.png 300w, https:\/\/internacional.ufpr.br\/portal\/wp-content\/uploads\/2025\/07\/Icone_MobilidadeInternacional_Verde_Eri-150x150.png 150w, https:\/\/internacional.ufpr.br\/portal\/wp-content\/uploads\/2025\/07\/Icone_MobilidadeInternacional_Verde_Eri-10x10.png 10w\" sizes=\"auto, (max-width: 512px) 100vw, 512px\" \/><\/a><\/figure>\n<\/div>\n\n\n<p class=\"has-text-align-center has-text-color has-link-color wp-elements-a6b11122939c2f962f38ec8a76c0fa91\" style=\"color:#0d518c;font-size:14px\"><a href=\"https:\/\/internacional.ufpr.br\/portal\/mobilidade-internacional-ufpr\/\"><strong>Mobilidade Acad\u00eamica <\/strong><br><strong>Internacional<\/strong><\/a><\/p>\n<\/div>\n<\/div>\n<\/div>\n\n\n\n<div class=\"wp-block-column is-layout-flow wp-block-column-is-layout-flow\" style=\"flex-basis:100%\">\n<div class=\"wp-block-columns is-not-stacked-on-mobile is-layout-flex wp-container-core-columns-is-layout-9d6595d7 wp-block-columns-is-layout-flex\">\n<div class=\"wp-block-column has-text-color has-link-color wp-elements-3d2f79c3710ced23982d8fe8cfad204a is-layout-flow wp-block-column-is-layout-flow\" style=\"color:#003c71\"><div class=\"wp-block-image is-style-default\">\n<figure class=\"aligncenter size-full is-resized\"><a href=\"https:\/\/internacional.ufpr.br\/portal\/registro_em_mobilidade\/\"><img loading=\"lazy\" decoding=\"async\" width=\"512\" height=\"512\" src=\"https:\/\/internacional.ufpr.br\/portal\/wp-content\/uploads\/2025\/08\/Icone_RegistroAluno_Verde_Eri.png\" alt=\"\" class=\"wp-image-9867\" style=\"object-fit:cover;width:70px;height:auto\" srcset=\"https:\/\/internacional.ufpr.br\/portal\/wp-content\/uploads\/2025\/08\/Icone_RegistroAluno_Verde_Eri.png 512w, https:\/\/internacional.ufpr.br\/portal\/wp-content\/uploads\/2025\/08\/Icone_RegistroAluno_Verde_Eri-300x300.png 300w, https:\/\/internacional.ufpr.br\/portal\/wp-content\/uploads\/2025\/08\/Icone_RegistroAluno_Verde_Eri-150x150.png 150w, https:\/\/internacional.ufpr.br\/portal\/wp-content\/uploads\/2025\/08\/Icone_RegistroAluno_Verde_Eri-10x10.png 10w\" sizes=\"auto, (max-width: 512px) 100vw, 512px\" \/><\/a><\/figure>\n<\/div>\n\n\n<p class=\"has-text-align-center has-text-color has-link-color wp-elements-cd0923e5ae516ed64630d4cbb43c86c1\" style=\"color:#0d518c;font-size:14px\"><a href=\"https:\/\/internacional.ufpr.br\/portal\/registro_em_mobilidade\/\"><strong>Registro de Mobilidade <\/strong><br><strong>de Estudantes<\/strong><\/a><\/p>\n<\/div>\n\n\n\n<div class=\"wp-block-column has-text-color has-link-color wp-elements-8d887f7dea9f8abc48743c7329c0647c is-layout-flow wp-block-column-is-layout-flow\" style=\"color:#003c71\"><div class=\"wp-block-image is-style-default\">\n<figure class=\"aligncenter size-full is-resized\"><a href=\"https:\/\/internacional.ufpr.br\/portal\/termino-de-intercambio\/\"><img loading=\"lazy\" decoding=\"async\" width=\"512\" height=\"512\" src=\"https:\/\/internacional.ufpr.br\/portal\/wp-content\/uploads\/2025\/08\/Icone_RegistroFinalizado_Verde_Eri.png\" alt=\"\" class=\"wp-image-9869\" style=\"object-fit:cover;width:70px;height:auto\" srcset=\"https:\/\/internacional.ufpr.br\/portal\/wp-content\/uploads\/2025\/08\/Icone_RegistroFinalizado_Verde_Eri.png 512w, https:\/\/internacional.ufpr.br\/portal\/wp-content\/uploads\/2025\/08\/Icone_RegistroFinalizado_Verde_Eri-300x300.png 300w, https:\/\/internacional.ufpr.br\/portal\/wp-content\/uploads\/2025\/08\/Icone_RegistroFinalizado_Verde_Eri-150x150.png 150w, https:\/\/internacional.ufpr.br\/portal\/wp-content\/uploads\/2025\/08\/Icone_RegistroFinalizado_Verde_Eri-10x10.png 10w\" sizes=\"auto, (max-width: 512px) 100vw, 512px\" \/><\/a><\/figure>\n<\/div>\n\n\n<p class=\"has-text-align-center has-text-color has-link-color wp-elements-e4f598125a7709884d6caf36f05171e3\" style=\"color:#0d518c;font-size:14px\"><strong><a href=\"https:\/\/internacional.ufpr.br\/portal\/termino-de-intercambio\/\">Fechamento do Registro em Mobilidade<\/a><\/strong><\/p>\n<\/div>\n<\/div>\n<\/div>\n\n\n\n<div class=\"wp-block-column is-layout-flow wp-block-column-is-layout-flow\" style=\"flex-basis:100%\">\n<div class=\"wp-block-columns is-not-stacked-on-mobile is-layout-flex wp-container-core-columns-is-layout-9d6595d7 wp-block-columns-is-layout-flex\">\n<div class=\"wp-block-column has-text-color has-link-color wp-elements-d3155db7357cb710d7949f841813747c is-layout-flow wp-block-column-is-layout-flow\" style=\"color:#003c71\"><div class=\"wp-block-image is-style-default\">\n<figure class=\"aligncenter size-full is-resized\" id=\"topo\"><a href=\"https:\/\/internacional.ufpr.br\/portal\/estagio-curriculares-no-exterior\/\"><img loading=\"lazy\" decoding=\"async\" width=\"512\" height=\"512\" src=\"https:\/\/internacional.ufpr.br\/portal\/wp-content\/uploads\/2025\/08\/Icone_Estagios_Verde_Eri.png\" alt=\"\" class=\"wp-image-9870\" style=\"object-fit:cover;width:80px;height:80px\" srcset=\"https:\/\/internacional.ufpr.br\/portal\/wp-content\/uploads\/2025\/08\/Icone_Estagios_Verde_Eri.png 512w, https:\/\/internacional.ufpr.br\/portal\/wp-content\/uploads\/2025\/08\/Icone_Estagios_Verde_Eri-300x300.png 300w, https:\/\/internacional.ufpr.br\/portal\/wp-content\/uploads\/2025\/08\/Icone_Estagios_Verde_Eri-150x150.png 150w, https:\/\/internacional.ufpr.br\/portal\/wp-content\/uploads\/2025\/08\/Icone_Estagios_Verde_Eri-10x10.png 10w\" sizes=\"auto, (max-width: 512px) 100vw, 512px\" \/><\/a><\/figure>\n<\/div>\n\n\n<p class=\"has-text-align-center has-text-color has-link-color wp-elements-6ee326790ba5688958fcd793fa8735df\" style=\"color:#0d518c;font-size:14px\"><strong><strong><a href=\"https:\/\/internacional.ufpr.br\/portal\/estagio-curriculares-no-exterior\/\">Est\u00e1gio no Exterior<\/a><\/strong><\/strong><\/p>\n<\/div>\n\n\n\n<div class=\"wp-block-column has-text-color has-link-color wp-elements-131975e6a28c46ab8377e3b54a2ce621 is-layout-flow wp-block-column-is-layout-flow\" style=\"color:#003c71\"><div class=\"wp-block-image is-style-default\">\n<figure class=\"aligncenter size-full is-resized\"><a href=\"https:\/\/internacional.ufpr.br\/portal\/perguntas-frequentes-faq\/\"><img loading=\"lazy\" decoding=\"async\" width=\"512\" height=\"512\" src=\"https:\/\/internacional.ufpr.br\/portal\/wp-content\/uploads\/2025\/08\/Icone_PergutasFrequentes_Verde_Eri.png\" alt=\"\" class=\"wp-image-9212\" style=\"object-fit:cover;width:70px;height:auto\" srcset=\"https:\/\/internacional.ufpr.br\/portal\/wp-content\/uploads\/2025\/08\/Icone_PergutasFrequentes_Verde_Eri.png 512w, https:\/\/internacional.ufpr.br\/portal\/wp-content\/uploads\/2025\/08\/Icone_PergutasFrequentes_Verde_Eri-300x300.png 300w, https:\/\/internacional.ufpr.br\/portal\/wp-content\/uploads\/2025\/08\/Icone_PergutasFrequentes_Verde_Eri-150x150.png 150w, https:\/\/internacional.ufpr.br\/portal\/wp-content\/uploads\/2025\/08\/Icone_PergutasFrequentes_Verde_Eri-10x10.png 10w\" sizes=\"auto, (max-width: 512px) 100vw, 512px\" \/><\/a><\/figure>\n<\/div>\n\n\n<p class=\"has-text-align-center has-text-color has-link-color wp-elements-71265432811191c9edb4c933daad0d00\" style=\"color:#0d518c;font-size:14px\"><a href=\"https:\/\/internacional.ufpr.br\/portal\/perguntas-frequentes-faq\/\"><strong>Perguntas Frequentes <\/strong><br><strong>FAQ<\/strong><\/a><\/p>\n<\/div>\n<\/div>\n<\/div>\n<\/div>\n\n\n\n<p><\/p>\n","protected":false},"excerpt":{"rendered":"<p>O ERI &#8211; Escrit\u00f3rio de Rela\u00e7\u00f5es Internacionais da UFPR, atrav\u00e9s da sua Coordena\u00e7\u00e3o de Mobilidade, gerencia diferentes programas de interc\u00e2mbio. AUGM e MARCA Mobilidade Acad\u00eamica Internacional Registro de Mobilidade de Estudantes Fechamento do Registro em Mobilidade Est\u00e1gio no Exterior Perguntas Frequentes FAQ<\/p>\n","protected":false},"author":12,"featured_media":0,"parent":0,"menu_order":0,"comment_status":"closed","ping_status":"closed","template":"","meta":{"_acf_changed":false,"footnotes":""},"class_list":["post-568","page","type-page","status-publish","hentry"],"acf":[],"_links":{"self":[{"href":"https:\/\/internacional.ufpr.br\/portal\/wp-json\/wp\/v2\/pages\/568","targetHints":{"allow":["GET"]}}],"collection":[{"href":"https:\/\/internacional.ufpr.br\/portal\/wp-json\/wp\/v2\/pages"}],"about":[{"href":"https:\/\/internacional.ufpr.br\/portal\/wp-json\/wp\/v2\/types\/page"}],"author":[{"embeddable":true,"href":"https:\/\/internacional.ufpr.br\/portal\/wp-json\/wp\/v2\/users\/12"}],"replies":[{"embeddable":true,"href":"https:\/\/internacional.ufpr.br\/portal\/wp-json\/wp\/v2\/comments?post=568"}],"version-history":[{"count":16,"href":"https:\/\/internacional.ufpr.br\/portal\/wp-json\/wp\/v2\/pages\/568\/revisions"}],"predecessor-version":[{"id":10130,"href":"https:\/\/internacional.ufpr.br\/portal\/wp-json\/wp\/v2\/pages\/568\/revisions\/10130"}],"wp:attachment":[{"href":"https:\/\/internacional.ufpr.br\/portal\/wp-json\/wp\/v2\/media?parent=568"}],"curies":[{"name":"wp","href":"https:\/\/api.w.org\/{rel}","templated":true}]}}