{"id":562,"date":"2018-01-31T09:22:53","date_gmt":"2018-01-31T11:22:53","guid":{"rendered":"http:\/\/internacional.ufpr.br\/portal\/?page_id=562"},"modified":"2025-08-29T13:27:32","modified_gmt":"2025-08-29T16:27:32","slug":"duplo-diploma","status":"publish","type":"page","link":"https:\/\/internacional.ufpr.br\/portal\/duplo-diploma\/","title":{"rendered":"Dupla Diploma\u00e7\u00e3o"},"content":{"rendered":"\n<div style=\"height:15px\" aria-hidden=\"true\" class=\"wp-block-spacer\"><\/div>\n\n\n\n<div class=\"wp-block-columns is-layout-flex wp-container-core-columns-is-layout-9d6595d7 wp-block-columns-is-layout-flex\">\n<div class=\"wp-block-column is-layout-flow wp-block-column-is-layout-flow\" style=\"flex-basis:65%\">\n<p><strong>Dupla-diploma\u00e7\u00e3o de Gradua\u00e7\u00e3o<\/strong><\/p>\n\n\n\n<ul class=\"wp-block-list\">\n<li><a href=\"https:\/\/intranet.ufpr.br\/sigea\/public\/acordo!view.action?acordo.id=4184\" target=\"_blank\" rel=\"noopener\">Engenharia Mec\u00e2nica, Groupe INSA<\/a><\/li>\n\n\n\n<li><a href=\"https:\/\/intranet.ufpr.br\/sigea\/public\/acordo!view.action?acordo.id=8771\" target=\"_blank\" rel=\"noopener\">Engenharia Mec\u00e2nica, Universit\u00e9 de Technologie de Compi\u00e8gne<\/a><\/li>\n\n\n\n<li>Engenharia Civil, Groupe INSA<\/li>\n\n\n\n<li><a href=\"https:\/\/intranet.ufpr.br\/sigea\/public\/acordo!view.action?acordo.id=3699\" target=\"_blank\" rel=\"noopener\">Engenharia Civil, INSA Rouen<\/a><\/li>\n\n\n\n<li><a href=\"https:\/\/intranet.ufpr.br\/sigea\/public\/acordo!view?acordo.id=3791\" target=\"_blank\" rel=\"noopener\">Engenharia El\u00e9trica, EISEIRB-MATMECA<\/a><\/li>\n\n\n\n<li><a style=\"font-size: revert;\" href=\"https:\/\/intranet.ufpr.br\/sigea\/public\/acordo!view.action?acordo.id=8829\" target=\"_blank\" rel=\"noopener\">Engenharia El\u00e9trica, Institut Polytechnique de Grenoble<\/a><\/li>\n\n\n\n<li><a style=\"font-size: revert;\" href=\"https:\/\/intranet.ufpr.br\/sigea\/public\/acordo!view.action?acordo.id=8663\" target=\"_blank\" rel=\"noopener\">Engenharia El\u00e9trica, ENSICAEN<\/a><\/li>\n\n\n\n<li><a href=\"https:\/\/intranet.ufpr.br\/sigea\/public\/acordo!view.action?acordo.id=5203\" target=\"_blank\" rel=\"noopener\">Engenharia El\u00e9trica, ENSEA<\/a><\/li>\n\n\n\n<li><a href=\"https:\/\/intranet.ufpr.br\/sigea\/public\/acordo!view.action?acordo.id=5556\" target=\"_blank\" rel=\"noopener\">Engenharia Florestal e Industrial Madeireira, \u00c9cole Superieure du Bois (ESB)<\/a><\/li>\n\n\n\n<li><a style=\"font-size: revert;\" href=\"https:\/\/intranet.ufpr.br\/sigea\/public\/acordo!view.action?acordo.id=7743\" target=\"_blank\" rel=\"noopener\">Engenharia Qu\u00edmica, Institut National Polytechnique Toulouse<\/a><\/li>\n<\/ul>\n\n\n\n<p><strong>Dupla-diploma\u00e7\u00e3o de Mestrado<\/strong><\/p>\n\n\n\n<ul class=\"wp-block-list\">\n<li><a href=\"https:\/\/intranet.ufpr.br\/sigea\/public\/acordo!view.action?acordo.id=8678\" target=\"_blank\" rel=\"noopener\">Letras, Universit\u00e9 Grenoble Alpes<\/a><\/li>\n\n\n\n<li><a href=\"https:\/\/intranet.ufpr.br\/sigea\/public\/acordo!view?acordo.id=4183\" target=\"_blank\" rel=\"noopener\">Letras, Universit\u00e9 Lumi\u00e8re Lyon 2<\/a><\/li>\n\n\n\n<li><a href=\"https:\/\/intranet.ufpr.br\/sigea\/public\/acordo!view.action?acordo.id=8033\" target=\"_blank\" rel=\"noopener\">Letras, Universit\u00e4t Leipzig<\/a><\/li>\n\n\n\n<li><a style=\"font-size: revert;\" href=\"https:\/\/intranet.ufpr.br\/sigea\/public\/acordo!view.action?acordo.id=1356\" target=\"_blank\" rel=\"noopener\">Letras, Universit\u00e9 Stendhal &#8211; Grenoble 3<\/a><\/li>\n\n\n\n<li><a style=\"font-size: revert;\" href=\"https:\/\/intranet.ufpr.br\/sigea\/public\/acordo!view?acordo.id=3835\" target=\"_blank\" rel=\"noopener\">Engenharia Mec\u00e2nica, Technische Hochschule Ingolstadt<\/a><\/li>\n\n\n\n<li><a href=\"https:\/\/intranet.ufpr.br\/sigea\/public\/acordo!view.action?acordo.id=7833\" target=\"_blank\" rel=\"noopener\">Engenharia Qu\u00edmica, Instituto Tecnol\u00f3gico de Aguascalientes<\/a><\/li>\n\n\n\n<li><a style=\"font-size: revert;\" href=\"https:\/\/intranet.ufpr.br\/sigea\/public\/acordo!view.action?acordo.id=3833\" target=\"_blank\" rel=\"noopener\">Meio Ambiente Urbano e Industrial, Universit\u00e4t Stuttgart<\/a><\/li>\n\n\n\n<li><a style=\"font-size: revert;\" href=\"https:\/\/intranet.ufpr.br\/sigea\/public\/acordo!view.action?acordo.id=8408\" target=\"_blank\" rel=\"noopener\">Enfermagem, Universidad del Valle<\/a><\/li>\n<\/ul>\n\n\n\n<p><strong>P\u00f3s-Gradua\u00e7\u00e3o<\/strong><\/p>\n\n\n\n<p><strong>Mestrado Tripartite<\/strong><\/p>\n\n\n\n<ul class=\"wp-block-list\">\n<li><a href=\"https:\/\/intranet.ufpr.br\/sigea\/public\/acordo!view?acordo.id=2036\" target=\"_blank\" rel=\"noopener\">Filosofia, Universit\u00e9 de Sherbrooke e Universite Rennes<\/a><\/li>\n<\/ul>\n\n\n\n<p><strong>Doutorado<\/strong><\/p>\n\n\n\n<ul class=\"wp-block-list\">\n<li><a href=\"https:\/\/intranet.ufpr.br\/sigea\/public\/acordo!view.action?acordo.id=9445\" target=\"_blank\" rel=\"noopener\">Filosofia, Vechta Universit\u00e4t<\/a><\/li>\n\n\n\n<li><a href=\"https:\/\/intranet.ufpr.br\/sigea\/public\/acordo!view.action?acordo.id=10288\" target=\"_blank\" rel=\"noopener\">Programa de P\u00f3s-Gradua\u00e7\u00e3o em Farmacologia, Universiteit Maastricht&nbsp;<\/a><\/li>\n\n\n\n<li><a href=\"https:\/\/intranet.ufpr.br\/sigea\/public\/acordo!view.action?acordo.id=10384\" target=\"_blank\" rel=\"noopener\">Programa de P\u00f3s-Gradua\u00e7\u00e3o em Matem\u00e1tica Aplicada, Universit\u00e9 libre de Bruxelles (ULB)<\/a><\/li>\n<\/ul>\n<\/div>\n\n\n\n<div class=\"wp-block-column has-background is-layout-flow wp-block-column-is-layout-flow\" style=\"background-color:#f1f1f1;flex-basis:35%\">\n<div style=\"height:15px\" aria-hidden=\"true\" class=\"wp-block-spacer\"><\/div>\n\n\n\n<p><a href=\"https:\/\/internacional.ufpr.br\/portal\/acordos-cotutelas-e-mta\/\"><strong>&lt;&lt; Voltar \u00e0 <\/strong><\/a><a href=\"https:\/\/internacional.ufpr.br\/portal\/acordos-cotutelas-e-mta\/\"><strong>Acordos e Cotutelas<\/strong><\/a><\/p>\n\n\n\n<hr class=\"wp-block-separator has-text-color has-white-color has-alpha-channel-opacity has-white-background-color has-background\"\/>\n\n\n\n<h4 class=\"wp-block-heading\">Conhe\u00e7a<\/h4>\n\n\n\n<div class=\"wp-block-columns is-layout-flex wp-container-core-columns-is-layout-9d6595d7 wp-block-columns-is-layout-flex\">\n<div class=\"wp-block-column is-layout-flow wp-block-column-is-layout-flow\" style=\"flex-basis:1%\"><\/div>\n\n\n\n<div class=\"wp-block-column has-white-background-color has-background is-layout-flow wp-block-column-is-layout-flow\" style=\"flex-basis:98%\">\n<div style=\"height:25px\" aria-hidden=\"true\" class=\"wp-block-spacer\"><\/div>\n\n\n\n<div class=\"wp-block-columns is-not-stacked-on-mobile is-layout-flex wp-container-core-columns-is-layout-9d6595d7 wp-block-columns-is-layout-flex\">\n<div class=\"wp-block-column has-text-color has-link-color wp-elements-1c780bdafe43896e6a99505bfa873295 is-layout-flow wp-block-column-is-layout-flow\" style=\"color:#003c71\"><div class=\"wp-block-image is-style-default\">\n<figure class=\"aligncenter size-full is-resized\"><a href=\"https:\/\/internacional.ufpr.br\/portal\/acordos\/\"><img loading=\"lazy\" decoding=\"async\" width=\"512\" height=\"512\" src=\"https:\/\/internacional.ufpr.br\/portal\/wp-content\/uploads\/2025\/08\/Icone_Instrucoes_Verde_Eri.png\" alt=\"\" class=\"wp-image-10165\" style=\"object-fit:cover;width:70px;height:auto\" srcset=\"https:\/\/internacional.ufpr.br\/portal\/wp-content\/uploads\/2025\/08\/Icone_Instrucoes_Verde_Eri.png 512w, https:\/\/internacional.ufpr.br\/portal\/wp-content\/uploads\/2025\/08\/Icone_Instrucoes_Verde_Eri-300x300.png 300w, https:\/\/internacional.ufpr.br\/portal\/wp-content\/uploads\/2025\/08\/Icone_Instrucoes_Verde_Eri-150x150.png 150w, https:\/\/internacional.ufpr.br\/portal\/wp-content\/uploads\/2025\/08\/Icone_Instrucoes_Verde_Eri-10x10.png 10w\" sizes=\"auto, (max-width: 512px) 100vw, 512px\" \/><\/a><\/figure>\n<\/div>\n\n\n<p class=\"has-text-align-center has-text-color has-link-color wp-elements-960e0c493c09b3264d6a53b3221aedb0\" style=\"color:#0d518c;font-size:14px\"><strong><a href=\"https:\/\/internacional.ufpr.br\/portal\/acordos\/\">Como Propor<\/a><\/strong><\/p>\n<\/div>\n\n\n\n<div class=\"wp-block-column has-text-color has-link-color wp-elements-cd09a7102c1474fb1e22c1e1bcc76450 is-layout-flow wp-block-column-is-layout-flow\" style=\"color:#003c71\"><div class=\"wp-block-image is-style-default\">\n<figure class=\"aligncenter size-full is-resized\"><a href=\"https:\/\/internacional.ufpr.br\/portal\/acordos-vigentes\/\"><img loading=\"lazy\" decoding=\"async\" width=\"512\" height=\"512\" src=\"https:\/\/internacional.ufpr.br\/portal\/wp-content\/uploads\/2025\/07\/Icone_Parcerias_Verde_Eri.png\" alt=\"\" class=\"wp-image-9014\" style=\"object-fit:cover;width:70px;height:auto\" srcset=\"https:\/\/internacional.ufpr.br\/portal\/wp-content\/uploads\/2025\/07\/Icone_Parcerias_Verde_Eri.png 512w, https:\/\/internacional.ufpr.br\/portal\/wp-content\/uploads\/2025\/07\/Icone_Parcerias_Verde_Eri-300x300.png 300w, https:\/\/internacional.ufpr.br\/portal\/wp-content\/uploads\/2025\/07\/Icone_Parcerias_Verde_Eri-150x150.png 150w, https:\/\/internacional.ufpr.br\/portal\/wp-content\/uploads\/2025\/07\/Icone_Parcerias_Verde_Eri-10x10.png 10w\" sizes=\"auto, (max-width: 512px) 100vw, 512px\" \/><\/a><\/figure>\n<\/div>\n\n\n<p class=\"has-text-align-center has-text-color has-link-color wp-elements-650909359624e9f0f848220f824b8ee7\" style=\"color:#0d518c;font-size:14px\"><strong><a href=\"https:\/\/internacional.ufpr.br\/portal\/acordos-vigentes\/\">Acordos Vigentes<\/a><\/strong><\/p>\n<\/div>\n<\/div>\n\n\n\n<div class=\"wp-block-columns is-not-stacked-on-mobile is-layout-flex wp-container-core-columns-is-layout-9d6595d7 wp-block-columns-is-layout-flex\">\n<div class=\"wp-block-column has-text-color has-link-color wp-elements-aeb033da9126d73073a49ed3916c16a4 is-layout-flow wp-block-column-is-layout-flow\" style=\"color:#003c71\"><div class=\"wp-block-image is-style-default\">\n<figure class=\"aligncenter size-full is-resized\"><a href=\"https:\/\/internacional.ufpr.br\/portal\/cotutela\/\"><img loading=\"lazy\" decoding=\"async\" width=\"512\" height=\"512\" src=\"https:\/\/internacional.ufpr.br\/portal\/wp-content\/uploads\/2025\/08\/Icone_AcordosCotutela.png\" alt=\"\" class=\"wp-image-10170\" style=\"object-fit:cover;width:70px;height:auto\" srcset=\"https:\/\/internacional.ufpr.br\/portal\/wp-content\/uploads\/2025\/08\/Icone_AcordosCotutela.png 512w, https:\/\/internacional.ufpr.br\/portal\/wp-content\/uploads\/2025\/08\/Icone_AcordosCotutela-300x300.png 300w, https:\/\/internacional.ufpr.br\/portal\/wp-content\/uploads\/2025\/08\/Icone_AcordosCotutela-150x150.png 150w, https:\/\/internacional.ufpr.br\/portal\/wp-content\/uploads\/2025\/08\/Icone_AcordosCotutela-10x10.png 10w\" sizes=\"auto, (max-width: 512px) 100vw, 512px\" \/><\/a><\/figure>\n<\/div>\n\n\n<p class=\"has-text-align-center has-text-color has-link-color wp-elements-8fd52789a0bdadd5979edc18025e2358\" style=\"color:#0d518c;font-size:14px\"><strong><a href=\"https:\/\/internacional.ufpr.br\/portal\/cotutela\/\">Acordos de Cotutela<\/a><\/strong><\/p>\n<\/div>\n\n\n\n<div class=\"wp-block-column has-text-color has-link-color wp-elements-33febc1f5dac4587c58fb0d60ac0e242 is-layout-flow wp-block-column-is-layout-flow\" style=\"color:#003c71\"><div class=\"wp-block-image is-style-default\">\n<figure class=\"aligncenter size-full is-resized\"><a href=\"https:\/\/internacional.ufpr.br\/portal\/duplo-diploma\/\"><img loading=\"lazy\" decoding=\"async\" width=\"512\" height=\"512\" src=\"https:\/\/internacional.ufpr.br\/portal\/wp-content\/uploads\/2025\/07\/Icone_DuploDiploma_Verde_Eri.png\" alt=\"\" class=\"wp-image-9047\" style=\"object-fit:cover;width:70px;height:auto\" srcset=\"https:\/\/internacional.ufpr.br\/portal\/wp-content\/uploads\/2025\/07\/Icone_DuploDiploma_Verde_Eri.png 512w, https:\/\/internacional.ufpr.br\/portal\/wp-content\/uploads\/2025\/07\/Icone_DuploDiploma_Verde_Eri-300x300.png 300w, https:\/\/internacional.ufpr.br\/portal\/wp-content\/uploads\/2025\/07\/Icone_DuploDiploma_Verde_Eri-150x150.png 150w, https:\/\/internacional.ufpr.br\/portal\/wp-content\/uploads\/2025\/07\/Icone_DuploDiploma_Verde_Eri-10x10.png 10w\" sizes=\"auto, (max-width: 512px) 100vw, 512px\" \/><\/a><\/figure>\n<\/div>\n\n\n<p class=\"has-text-align-center has-text-color has-link-color wp-elements-6dc734f591ddcd83427dba5ada4b9634\" style=\"color:#0d518c;font-size:14px\"><strong><a href=\"https:\/\/internacional.ufpr.br\/portal\/duplo-diploma\/\">Dupla Diploma\u00e7\u00e3o<\/a><\/strong><\/p>\n<\/div>\n<\/div>\n\n\n\n<div class=\"wp-block-columns is-layout-flex wp-container-core-columns-is-layout-9d6595d7 wp-block-columns-is-layout-flex\">\n<div class=\"wp-block-column has-text-color has-link-color wp-elements-993e5c93c6aa94063c3d78f42eef86cc is-layout-flow wp-block-column-is-layout-flow\" style=\"color:#003c71\"><div class=\"wp-block-image is-style-default\">\n<figure class=\"aligncenter size-full is-resized\"><a href=\"https:\/\/internacional.ufpr.br\/portal\/perguntas-frequentes-faq\/#acordos\"><img loading=\"lazy\" decoding=\"async\" width=\"512\" height=\"512\" src=\"https:\/\/internacional.ufpr.br\/portal\/wp-content\/uploads\/2025\/08\/Icone_PergutasFrequentes_Verde_Eri.png\" alt=\"\" class=\"wp-image-9212\" style=\"object-fit:cover;width:70px;height:auto\" srcset=\"https:\/\/internacional.ufpr.br\/portal\/wp-content\/uploads\/2025\/08\/Icone_PergutasFrequentes_Verde_Eri.png 512w, https:\/\/internacional.ufpr.br\/portal\/wp-content\/uploads\/2025\/08\/Icone_PergutasFrequentes_Verde_Eri-300x300.png 300w, https:\/\/internacional.ufpr.br\/portal\/wp-content\/uploads\/2025\/08\/Icone_PergutasFrequentes_Verde_Eri-150x150.png 150w, https:\/\/internacional.ufpr.br\/portal\/wp-content\/uploads\/2025\/08\/Icone_PergutasFrequentes_Verde_Eri-10x10.png 10w\" sizes=\"auto, (max-width: 512px) 100vw, 512px\" \/><\/a><\/figure>\n<\/div>\n\n\n<p class=\"has-text-align-center has-text-color has-link-color wp-elements-480e20815d66e013000831865484895c\" style=\"color:#0d518c;font-size:14px\"><a href=\"https:\/\/internacional.ufpr.br\/portal\/perguntas-frequentes-faq\/#acordos\"><strong>Perguntas Frequentes <\/strong><br><strong>FAQ<\/strong><\/a><\/p>\n<\/div>\n<\/div>\n<\/div>\n\n\n\n<div class=\"wp-block-column is-layout-flow wp-block-column-is-layout-flow\" style=\"flex-basis:1%\"><\/div>\n<\/div>\n<\/div>\n<\/div>\n\n\n\n<p><\/p>\n","protected":false},"excerpt":{"rendered":"<p>Dupla-diploma\u00e7\u00e3o de Gradua\u00e7\u00e3o Dupla-diploma\u00e7\u00e3o de Mestrado P\u00f3s-Gradua\u00e7\u00e3o Mestrado Tripartite Doutorado &lt;&lt; Voltar \u00e0 Acordos e Cotutelas Conhe\u00e7a Como Propor Acordos Vigentes Acordos de Cotutela Dupla Diploma\u00e7\u00e3o Perguntas Frequentes FAQ<\/p>\n","protected":false},"author":12,"featured_media":0,"parent":0,"menu_order":0,"comment_status":"closed","ping_status":"closed","template":"","meta":{"_acf_changed":false,"footnotes":""},"class_list":["post-562","page","type-page","status-publish","hentry"],"acf":[],"_links":{"self":[{"href":"https:\/\/internacional.ufpr.br\/portal\/wp-json\/wp\/v2\/pages\/562","targetHints":{"allow":["GET"]}}],"collection":[{"href":"https:\/\/internacional.ufpr.br\/portal\/wp-json\/wp\/v2\/pages"}],"about":[{"href":"https:\/\/internacional.ufpr.br\/portal\/wp-json\/wp\/v2\/types\/page"}],"author":[{"embeddable":true,"href":"https:\/\/internacional.ufpr.br\/portal\/wp-json\/wp\/v2\/users\/12"}],"replies":[{"embeddable":true,"href":"https:\/\/internacional.ufpr.br\/portal\/wp-json\/wp\/v2\/comments?post=562"}],"version-history":[{"count":28,"href":"https:\/\/internacional.ufpr.br\/portal\/wp-json\/wp\/v2\/pages\/562\/revisions"}],"predecessor-version":[{"id":10208,"href":"https:\/\/internacional.ufpr.br\/portal\/wp-json\/wp\/v2\/pages\/562\/revisions\/10208"}],"wp:attachment":[{"href":"https:\/\/internacional.ufpr.br\/portal\/wp-json\/wp\/v2\/media?parent=562"}],"curies":[{"name":"wp","href":"https:\/\/api.w.org\/{rel}","templated":true}]}}