{"id":3710,"date":"2018-10-11T09:46:52","date_gmt":"2018-10-11T12:46:52","guid":{"rendered":"http:\/\/internacional.ufpr.br\/portal\/?page_id=3710"},"modified":"2024-04-25T13:52:26","modified_gmt":"2024-04-25T16:52:26","slug":"grading-system","status":"publish","type":"page","link":"https:\/\/internacional.ufpr.br\/portal\/grading-system\/","title":{"rendered":"Grading System"},"content":{"rendered":"\n<pre id=\"tw-target-text\" class=\"wp-block-preformatted\"><span lang=\"en\">\n<a href=\"https:\/\/internacional.ufpr.br\/portal\/wp-content\/uploads\/2024\/04\/Document_PROGRAM_COMPLETION_assinado-1.pdf\" target=\"_blank\" rel=\"noreferrer noopener\">Grading System - Undergraduation \/ Crit\u00e9rio de aprova\u00e7\u00e3o - Gradua\u00e7\u00e3o<\/a>\n\n\nGPA Conversion - Undergraduation \/ <\/span>Convers\u00e3o de notas para conceito - Gradua\u00e7\u00e3o*:<\/pre>\n\n\n\n<figure class=\"wp-block-table\"><table><tbody><tr><td>A<\/td><td>Excellent<\/td><td>8,5 \u2264 NF \u2264 10,0<\/td><\/tr><tr><td>B<\/td><td>Very Good<\/td><td>7,0 \u2264 NF &lt; 8,5<\/td><\/tr><tr><td>C<\/td><td>Good<\/td><td>5,0 \u2264 NF &lt; 7,0<\/td><\/tr><tr><td>D<\/td><td>Insufficient<\/td><td>NF &lt; 5,0<\/td><\/tr><\/tbody><\/table><\/figure>\n\n\n\n<pre id=\"tw-target-text\" class=\"wp-block-preformatted\">*<a rel=\"noopener\" href=\"https:\/\/internacional.ufpr.br\/portal\/wp-content\/uploads\/2024\/01\/SEI_6164107_Portaria_388_PROGRAD-1.pdf\" target=\"_blank\">Portaria N\u00ba 388\/PROGRAD, DE 13 DE NOVEMBRO DE 2023<\/a> que estabelece a convers\u00e3o das notas de disciplinas cursadas na UFPR para conceitos utilizados em universidades estrangeiras.\n\n\n<span lang=\"en\">\nGPA Conversion - Graduation \/ <\/span>Convers\u00e3o de notas para conceito - P\u00f3s-Gradua\u00e7\u00e3o*:<\/pre>\n\n\n\n<figure class=\"wp-block-table\"><table><tbody><tr><td>A<\/td><td>Excellent<\/td><td>9,0 \u2013 10,0<\/td><\/tr><tr><td>B<\/td><td>Good<\/td><td>8,0 \u2013 8,9<\/td><\/tr><tr><td>C<\/td><td>Regular\/Sufficient<\/td><td>7,0 \u2013 7,9<\/td><\/tr><tr><td>D<\/td><td>Insufficient<\/td><td>0 &#8211; 6,9<\/td><\/tr><\/tbody><\/table><\/figure>\n\n\n\n<pre id=\"tw-target-text\" class=\"wp-block-preformatted\">*<a href=\"https:\/\/internacional.ufpr.br\/portal\/wp-content\/uploads\/2020\/01\/res-32-17-cepe-normas-para-o-curso-de-ps-graduao-stricto-sensu.pdf\" target=\"_blank\" rel=\"noopener\">Resolu\u00e7\u00e3o 32\/17<\/a> que estabelece normas gerais \u00fanicas para os cursos de p\u00f3s-gradua\u00e7\u00e3o\n<em>Stricto Sensu<\/em> da UFPR.\n\n\n<\/pre>\n","protected":false},"excerpt":{"rendered":"<p>Grading System &#8211; Undergraduation \/ Crit\u00e9rio de aprova\u00e7\u00e3o &#8211; Gradua\u00e7\u00e3o GPA Conversion &#8211; Undergraduation \/ Convers\u00e3o de notas para conceito &#8211; Gradua\u00e7\u00e3o*: A Excellent 8,5 \u2264 NF \u2264 10,0 B Very Good 7,0 \u2264 NF &lt; 8,5 C Good 5,0 \u2264 NF &lt; 7,0 D Insufficient NF &lt; 5,0 *Portaria N\u00ba 388\/PROGRAD, DE 13 DE [&hellip;]<\/p>\n","protected":false},"author":12,"featured_media":0,"parent":0,"menu_order":0,"comment_status":"closed","ping_status":"closed","template":"","meta":{"_acf_changed":false,"footnotes":""},"class_list":["post-3710","page","type-page","status-publish","hentry"],"acf":[],"_links":{"self":[{"href":"https:\/\/internacional.ufpr.br\/portal\/wp-json\/wp\/v2\/pages\/3710","targetHints":{"allow":["GET"]}}],"collection":[{"href":"https:\/\/internacional.ufpr.br\/portal\/wp-json\/wp\/v2\/pages"}],"about":[{"href":"https:\/\/internacional.ufpr.br\/portal\/wp-json\/wp\/v2\/types\/page"}],"author":[{"embeddable":true,"href":"https:\/\/internacional.ufpr.br\/portal\/wp-json\/wp\/v2\/users\/12"}],"replies":[{"embeddable":true,"href":"https:\/\/internacional.ufpr.br\/portal\/wp-json\/wp\/v2\/comments?post=3710"}],"version-history":[{"count":31,"href":"https:\/\/internacional.ufpr.br\/portal\/wp-json\/wp\/v2\/pages\/3710\/revisions"}],"predecessor-version":[{"id":7112,"href":"https:\/\/internacional.ufpr.br\/portal\/wp-json\/wp\/v2\/pages\/3710\/revisions\/7112"}],"wp:attachment":[{"href":"https:\/\/internacional.ufpr.br\/portal\/wp-json\/wp\/v2\/media?parent=3710"}],"curies":[{"name":"wp","href":"https:\/\/api.w.org\/{rel}","templated":true}]}}