{"id":3554,"date":"2018-09-11T15:02:52","date_gmt":"2018-09-11T18:02:52","guid":{"rendered":"http:\/\/internacional.ufpr.br\/portal\/?page_id=3554"},"modified":"2024-12-23T10:13:16","modified_gmt":"2024-12-23T13:13:16","slug":"mobilidade-academica-nacional-in","status":"publish","type":"page","link":"https:\/\/internacional.ufpr.br\/portal\/mobilidade-academica-nacional-in\/","title":{"rendered":"Mobilidade Acad\u00eamica Nacional (ENTRADA)"},"content":{"rendered":"<p>A Mobilidade Acad\u00eamica Nacional (Programa ANDIFES) \u00e9 um programa de interc\u00e2mbio realizado entre a UFPR e as demais IFES do Brasil, por um per\u00edodo de 01 ou 02 semestres.<\/p>\n<p>Para maiores informa\u00e7\u00f5es sobre o programa, acesse <a href=\"https:\/\/www.andifes.org.br\/wp-content\/uploads\/2019\/11\/Convenio_de_Mobilidade_Andifes_2011.pdf\" target=\"_blank\" rel=\"noopener\">AQUI<\/a><\/p>\n<p>Para consultar a rela\u00e7\u00e3o de IFES conveniadas, acesse <a href=\"https:\/\/www.andifes.org.br\/wp-content\/uploads\/2022\/01\/Mobilidade-Academica.docx.pdf\" target=\"_blank\" rel=\"noopener\">AQUI<\/a><\/p>\n<p>O interessado em fazer mobilidade na UFPR dever\u00e1 enviar sua candidatura de forma integralmente digitalizada, exclusivamente atrav\u00e9s da unidade respons\u00e1vel pela mobilidade em sua IFES \u2013 a documenta\u00e7\u00e3o ser\u00e1 recebida, processada e encaminhada pelo ERI para a Coordena\u00e7\u00e3o de Curso UFPR.<\/p>\n<p><strong>\u00a0<\/strong><\/p>\n<p><strong>PRAZOS PARA ENVIO DA CANDIDATURA:<\/strong><\/p>\n<p>ENTRADA NO 1\u00ba SEMESTRE<strong>: setembro e outubro<\/strong><\/p>\n<p>ENTRADA NO 2\u00ba SEMESTRE<strong>: abril e maio<\/strong><\/p>\n<p><strong>\u00a0<\/strong><\/p>\n<p><strong>IMPORTANTE:<\/strong> sem o Aceite do Curso, n\u00e3o h\u00e1 como permitir a participa\u00e7\u00e3o do interessado em nenhuma atividade acad\u00eamica na UFPR. Este processo avalia o pedido do interessado quanto aos aspectos acad\u00eamicos das atividades de interc\u00e2mbio que pretende desenvolver. O mero envio da candidatura n\u00e3o assegura a participa\u00e7\u00e3o em mobilidade, somente o aceite emitido pelo ERI ap\u00f3s o aval da Coordena\u00e7\u00e3o de Curso.<\/p>\n<p><strong>INTERNATO\/EST\u00c1GIO MEDICINA: <\/strong>pelas caracter\u00edsticas pr\u00f3prias e natureza peculiar do internato no Curso de Medicina, este procedimento n\u00e3o \u00e9 realizado pelo ERI, devendo o interessado contatar diretamente o Curso de Medicina para maiores informa\u00e7\u00f5es e realiza\u00e7\u00e3o deste tipo de est\u00e1gio.<\/p>\n<p><strong>DOCUMENTOS<\/strong>: A candidatura dever\u00e1 ser submetida pela universidade de origem (n\u00e3o pelo aluno) e dever\u00e1 conter:<\/p>\n<p>&#8211; <strong>um formul\u00e1rio com a escolha das disciplinas pretendidas pelo interessado, com ci\u00eancia da <u>Coordena\u00e7\u00e3o de Curso da IFES de Origem <\/u><\/strong><u>(<\/u>Sugest\u00e3o de formul\u00e1rio pr\u00f3prio da UFPR <a href=\"https:\/\/internacional.ufpr.br\/portal\/wp-content\/uploads\/2022\/04\/Formul\u00e1rio-ENTRADA.doc\" target=\"_blank\" rel=\"noopener\">AQUI<\/a><em><u>)<\/u><\/em><\/p>\n<p><strong>&#8211; hist\u00f3rico acad\u00eamico atualizado, carta de apresenta\u00e7\u00e3o (emitida pela Unidade de Mobilidade da IFES de origem do interessado) e um documento pessoal que conste o CPF<\/strong>.<\/p>\n<p>As solicita\u00e7\u00f5es de participa\u00e7\u00e3o em interc\u00e2mbio somente ser\u00e3o consideradas se:<\/p>\n<p>\u2013 todos Os documentos indicados acima forem enviados dentro do prazo estabelecido e com ci\u00eancia\/assinatura da Coordena\u00e7\u00e3o de Curso da IFES de origem.<\/p>\n<p>\u2013 a documenta\u00e7\u00e3o deve ser\u00a0<strong>digitalizada e enviada EXCLUSIVAMENTE para:\u00a0<\/strong><a href=\"mailto:academico@ufpr.br\"><strong>academico@ufpr.br<\/strong><\/a><\/p>\n<p>Quando a UFPR avaliar o pedido e aprovar o ingresso do aluno como intercambista, ser\u00e1 necess\u00e1rio que ele se apresente no Escrit\u00f3rio de Rela\u00e7\u00f5es Internacionais para efetuarmos seu registro acad\u00eamico e matr\u00edcula nas disciplinas aprovadas pelas Coordena\u00e7\u00f5es de Curso. Na ocasi\u00e3o do envio do eventual Aceite, ser\u00e3o repassados maiores detalhes sobre prazos e apresenta\u00e7\u00e3o na UFPR.<\/p>\n<p><strong>T\u00e9rmino da Mobilidade<\/strong><\/p>\n<p>Ap\u00f3s a participa\u00e7\u00e3o do interessado nas atividades acad\u00eamicas na UFPR, ser\u00e1 emitido somente um hist\u00f3rico oficial com os dados de sua participa\u00e7\u00e3o em mobilidade, tais como: disciplinas cursadas com suas respectivas notas e frequ\u00eancias,\u00a0<em>status<\/em>\u00a0de aprova\u00e7\u00e3o ou reprova\u00e7\u00e3o, dentre outros \u2013 este documento formal \u00e9 gerado automaticamente pelo Sistema Acad\u00eamico da UFPR. N\u00e3o h\u00e1 emiss\u00e3o de qualquer outro documento, declara\u00e7\u00f5es, certificados ou similares.<\/p>\n<p><strong>Os alunos ganham bolsa?<\/strong><\/p>\n<p>N\u00e3o h\u00e1 qualquer contrapartida financeira por parte da UFPR, sendo a IFES de origem do interessado a respons\u00e1vel pela eventual concess\u00e3o de qualquer esp\u00e9cie de bolsa-aux\u00edlio ou outro recurso financeiro.<\/p>\n<p><strong>Quais os prazos de envio?<\/strong><\/p>\n<p>Os pedidos para in\u00edcio de atividades no 2\u00ba semestre devem ser enviados sempre no meses de <strong>ABRIL e MAIO.<\/strong><\/p>\n<p>Os pedidos para in\u00edcio de atividades no 1\u00ba semestre devem ser enviados sempre no meses de<strong>\u00a0SETEMBRO e OUTUBRO<\/strong>.<\/p>\n<p>=====<\/p>\n<p>D\u00favidas, sugest\u00f5es e informa\u00e7\u00f5es :\u00a0<a href=\"mailto:academico@ufpr.br\">academico@ufpr.br<\/a>\u00a0\/ (41)3360.5474<\/p>\n","protected":false},"excerpt":{"rendered":"<p>A Mobilidade Acad\u00eamica Nacional (Programa ANDIFES) \u00e9 um programa de interc\u00e2mbio realizado entre a UFPR e as demais IFES do Brasil, por um per\u00edodo de 01 ou 02 semestres. Para maiores informa\u00e7\u00f5es sobre o programa, acesse AQUI Para consultar a rela\u00e7\u00e3o de IFES conveniadas, acesse AQUI O interessado em fazer mobilidade na UFPR dever\u00e1 enviar [&hellip;]<\/p>\n","protected":false},"author":12,"featured_media":0,"parent":0,"menu_order":0,"comment_status":"closed","ping_status":"closed","template":"","meta":{"_acf_changed":false,"footnotes":""},"class_list":["post-3554","page","type-page","status-publish","hentry"],"acf":[],"_links":{"self":[{"href":"https:\/\/internacional.ufpr.br\/portal\/wp-json\/wp\/v2\/pages\/3554","targetHints":{"allow":["GET"]}}],"collection":[{"href":"https:\/\/internacional.ufpr.br\/portal\/wp-json\/wp\/v2\/pages"}],"about":[{"href":"https:\/\/internacional.ufpr.br\/portal\/wp-json\/wp\/v2\/types\/page"}],"author":[{"embeddable":true,"href":"https:\/\/internacional.ufpr.br\/portal\/wp-json\/wp\/v2\/users\/12"}],"replies":[{"embeddable":true,"href":"https:\/\/internacional.ufpr.br\/portal\/wp-json\/wp\/v2\/comments?post=3554"}],"version-history":[{"count":9,"href":"https:\/\/internacional.ufpr.br\/portal\/wp-json\/wp\/v2\/pages\/3554\/revisions"}],"predecessor-version":[{"id":7578,"href":"https:\/\/internacional.ufpr.br\/portal\/wp-json\/wp\/v2\/pages\/3554\/revisions\/7578"}],"wp:attachment":[{"href":"https:\/\/internacional.ufpr.br\/portal\/wp-json\/wp\/v2\/media?parent=3554"}],"curies":[{"name":"wp","href":"https:\/\/api.w.org\/{rel}","templated":true}]}}