{"id":3316,"date":"2018-05-22T10:34:59","date_gmt":"2018-05-22T13:34:59","guid":{"rendered":"http:\/\/internacional.ufpr.br\/portal\/?page_id=3316"},"modified":"2025-10-22T08:52:45","modified_gmt":"2025-10-22T11:52:45","slug":"registro_em_mobilidade","status":"publish","type":"page","link":"https:\/\/internacional.ufpr.br\/portal\/registro_em_mobilidade\/","title":{"rendered":"Registro de Mobilidade de Estudantes UFPR"},"content":{"rendered":"<div class=\"wp-block-group\">\n<p>Todo estudante de gradua\u00e7\u00e3o da UFPR que realizar\u00e1 atividades de <strong>Mobilidade Acad\u00eamica<\/strong>, independentemente do programa (institucional, conv\u00eanio bilateral, iniciativa pr\u00f3pria etc.), <strong>deve solicitar o registro de mobilidade<\/strong> junto ao <strong>Escrit\u00f3rio de Rela\u00e7\u00f5es Internacionais (ERI)<\/strong> da UFPR. Essa solicita\u00e7\u00e3o \u00e9 fundamental para garantir a manuten\u00e7\u00e3o do v\u00ednculo institucional com a UFPR durante o per\u00edodo de estudos na universidade de destino.<\/p>\n<p><strong>Aten\u00e7\u00e3o<\/strong>: Estudantes com o curso trancado <strong>perdem o status de v\u00ednculo ativo com a universidade<\/strong> e, portanto, <strong>n\u00e3o est\u00e3o autorizados a participar de mobilidade acad\u00eamica<\/strong>.<\/p>\n<p><strong>Procedimentos para Solicita\u00e7\u00e3o do Registro de Mobilidade<\/strong><\/p>\n<p>A solicita\u00e7\u00e3o deve ser encaminhada via processo SEI pela <strong>Coordena\u00e7\u00e3o de Curso<\/strong> ao setor <strong>UFPR\/R\/GAB\/ERI<\/strong>, com a seguinte documenta\u00e7\u00e3o obrigat\u00f3ria:<\/p>\n<ol>\n<li><span style=\"background-color: rgba(0, 0, 0, 0); font-size: revert; color: initial;\"><a href=\"https:\/\/internacional.ufpr.br\/portal\/wp-content\/uploads\/2025\/07\/2025_Formulario-de-solicitacao-registro-em-mobilidade.pdf\" target=\"_blank\" rel=\"noopener\">Formul\u00e1rio de registro de mobilidade;<\/a><\/span>, devidamente preenchido e assinado pelo coordenador(a) do curso;<\/li>\n<li><strong>Carta de Aceite<\/strong> da institui\u00e7\u00e3o de destino, contendo as <strong>datas exatas da mobilidade<\/strong>;<\/li>\n<li><strong>Edital do Programa de Mobilidade<\/strong>, ou outro documento oficial que comprove a divulga\u00e7\u00e3o p\u00fablica da oportunidade;<\/li>\n<li><strong>Resultado da Sele\u00e7\u00e3o<\/strong>, publicado em edital ou comunicado oficial (e-mail, carta, etc.);<\/li>\n<li><strong>Despacho da Coordena\u00e7\u00e3o de Curso<\/strong>, concedendo anu\u00eancia \u00e0 participa\u00e7\u00e3o do estudante. Caso a coordena\u00e7\u00e3o opte, essa anu\u00eancia pode ser deliberada via colegiado do curso.<\/li>\n<\/ol>\n<p><strong>Informa\u00e7\u00f5es Importantes e Documenta\u00e7\u00e3o Complementar<\/strong><\/p>\n<ul>\n<li>A matr\u00edcula em disciplinas regulares durante o per\u00edodo de mobilidade <strong>s\u00f3 poder\u00e1 ser realizada com autoriza\u00e7\u00e3o pr\u00e9via da Coordena\u00e7\u00e3o de Curso<\/strong>.<\/li>\n<li>Para que o registro em mobilidade seja realizado,<strong> o aluno n\u00e3o pode possuir matr\u00edculas ativas no semestre de solicita\u00e7\u00e3o do registro. <\/strong><\/li>\n<li>O ERI n\u00e3o faz cancelamentos de disciplinas, isso \u00e9 prerrogativa da Coordena\u00e7\u00e3o.<\/li>\n<li>Estudantes selecionados por meio do <strong>Programa de Mobilidade Acad\u00eamica Internacional<\/strong> devem apresentar o \u00a0<a href=\"https:\/\/internacional.ufpr.br\/portal\/wp-content\/uploads\/2025\/07\/Termo-de-Compromisso-Mobilidades-UFPR_Jun2025.pdf\"><strong>Termo de compromisso de mobilidade acad\u00eamica<\/strong><\/a>, assinado.\u00a0<\/li>\n<li>Ao chegar \u00e0 universidade de destino, o estudante\u00a0do <strong>Programa de Mobilidade Acad\u00eamica Internacional <\/strong>deve enviar ao ERI um dos seguintes documentos:\n<ul>\n<li><a href=\"https:\/\/internacional.ufpr.br\/portal\/wp-content\/uploads\/2025\/07\/Declaracao-de-chegada.pdf\" target=\"_blank\" rel=\"noopener\"><b>Declara\u00e7\u00e3o de chegada<\/b><\/a>, assinada por representante institucional da universidade estrangeira;<\/li>\n<li><strong>Comprovante de Matr\u00edcula<\/strong> emitido pela institui\u00e7\u00e3o anfitri\u00e3.<\/li>\n<\/ul>\n<\/li>\n<\/ul>\n<p><strong>Comunica\u00e7\u00e3o Institucional<\/strong><\/p>\n<p>Durante o per\u00edodo de interc\u00e2mbio, os estudantes s\u00e3o incentivados a compartilhar suas experi\u00eancias. Caso publiquem conte\u00fados nas redes sociais, sintam-se \u00e0 vontade para marcar o perfil do ERI no Instagram: <strong>@ufprinternacional<\/strong>.<\/p>\n<\/div>\n\n\n\n","protected":false},"excerpt":{"rendered":"<p>Todo estudante de gradua\u00e7\u00e3o da UFPR que realizar\u00e1 atividades de Mobilidade Acad\u00eamica, independentemente do programa (institucional, conv\u00eanio bilateral, iniciativa pr\u00f3pria etc.), deve solicitar o registro de mobilidade junto ao Escrit\u00f3rio de Rela\u00e7\u00f5es Internacionais (ERI) da UFPR. Essa solicita\u00e7\u00e3o \u00e9 fundamental para garantir a manuten\u00e7\u00e3o do v\u00ednculo institucional com a UFPR durante o per\u00edodo de estudos [&hellip;]<\/p>\n","protected":false},"author":12,"featured_media":0,"parent":0,"menu_order":0,"comment_status":"closed","ping_status":"closed","template":"","meta":{"_acf_changed":false,"footnotes":""},"class_list":["post-3316","page","type-page","status-publish","hentry"],"acf":[],"_links":{"self":[{"href":"https:\/\/internacional.ufpr.br\/portal\/wp-json\/wp\/v2\/pages\/3316","targetHints":{"allow":["GET"]}}],"collection":[{"href":"https:\/\/internacional.ufpr.br\/portal\/wp-json\/wp\/v2\/pages"}],"about":[{"href":"https:\/\/internacional.ufpr.br\/portal\/wp-json\/wp\/v2\/types\/page"}],"author":[{"embeddable":true,"href":"https:\/\/internacional.ufpr.br\/portal\/wp-json\/wp\/v2\/users\/12"}],"replies":[{"embeddable":true,"href":"https:\/\/internacional.ufpr.br\/portal\/wp-json\/wp\/v2\/comments?post=3316"}],"version-history":[{"count":49,"href":"https:\/\/internacional.ufpr.br\/portal\/wp-json\/wp\/v2\/pages\/3316\/revisions"}],"predecessor-version":[{"id":11698,"href":"https:\/\/internacional.ufpr.br\/portal\/wp-json\/wp\/v2\/pages\/3316\/revisions\/11698"}],"wp:attachment":[{"href":"https:\/\/internacional.ufpr.br\/portal\/wp-json\/wp\/v2\/media?parent=3316"}],"curies":[{"name":"wp","href":"https:\/\/api.w.org\/{rel}","templated":true}]}}