{"id":3308,"date":"2018-05-22T10:14:35","date_gmt":"2018-05-22T13:14:35","guid":{"rendered":"http:\/\/internacional.ufpr.br\/portal\/?page_id=3308"},"modified":"2025-07-08T14:55:17","modified_gmt":"2025-07-08T17:55:17","slug":"termino-de-intercambio","status":"publish","type":"page","link":"https:\/\/internacional.ufpr.br\/portal\/termino-de-intercambio\/","title":{"rendered":"Fechamento do Registro em Mobilidade"},"content":{"rendered":"<p>Ao sair em interc\u00e2mbio, o estudante \u00e9 registrado e seu status no SIGA torna-se &#8220;em mobilidade acad\u00eamica&#8221;. Esse status garante o v\u00ednculo ativo do aluno com a UFPR durante seu per\u00edodo de mobilidade. De volta \u00e0 UFPR, ainda como parte do seu processo de mobilidade, o aluno deve solicitar a conclus\u00e3o desse registro.<\/p>\n<p><strong><span style=\"color: #ff0000;\">O aluno tem at\u00e9 o final do semestre seguinte do seu retorno para realizar o Encerramento da Mobilidade, caso isso n\u00e3o seja feito no prazo, o aluno ser\u00e1 automaticamente registrado como &#8220;n\u00e3o cumpriu os objetivos&#8221; na mobilidade, sendo que status n\u00e3o poder\u00e1 ser modificado sob hip\u00f3tese alguma.<\/span><br \/>\n<\/strong><\/p>\n<p>Para realizar o fechamento do registro em mobilidade, o aluno deve:<\/p>\n<ul>\n<li>enviar o certificado\/hist\u00f3rico das notas obtidas na Universidade de acolhimento (<em>caso o interc\u00e2mbio tenha sido de Estudos<\/em>);<\/li>\n<li>enviar uma declara\u00e7\u00e3o de est\u00e1gio de trabalho ou pesquisa (<em>para interc\u00e2mbios que incluam est\u00e1gio ou pesquisa<\/em>);<\/li>\n<li>preencher o <a href=\"https:\/\/internacional.ufpr.br\/portal\/wp-content\/uploads\/2024\/08\/2024_Relatorio-Intercambio.pdf\" target=\"_blank\" rel=\"noopener\">Relat\u00f3rio Interc\u00e2mbio<\/a> <em>.<\/em><\/li>\n<li>enviar um v\u00eddeo curto, para ser postado nas nossas redes sociais (<em>o envio \u00e9 opcional<\/em>).<\/li>\n<\/ul>\n<p>Caso seja de interesse do aluno, este pode ainda incluir fotos do interc\u00e2mbio a serem utilizadas, marcando o perfil do Escrit\u00f3rio de Rela\u00e7\u00f5es Internacionais para divulga\u00e7\u00e3o nas m\u00eddias sociais.<\/p>\n<p>Esta documenta\u00e7\u00e3o deve ser encaminhada (documentos no formato <strong><em>nomecompleto_universidade.pdf<\/em><\/strong> e\u00a0 v\u00eddeo no formato\u00a0<em><strong> nomecompleto_universidade.mp4<\/strong><\/em>), segundo o programa de mobilidade, para:<\/p>\n<p><strong>Erasmus+, ELAP<\/strong> (erasmus@ufpr.br);<\/p>\n<p><strong>Mobilidade Acad\u00eamica INTERNACIONAL<\/strong> (mobilidade@ufpr.br);<\/p>\n<p><strong>Mobilidade Acad\u00eamica NACIONAL<\/strong> (academico@ufpr.br).<\/p>\n<p><strong>Mobilidade AUGM<\/strong> (augm@ufpr.br)<\/p>\n<p>Para d\u00favidas adicionais, contatar um dos e-mails acima.<\/p>\n","protected":false},"excerpt":{"rendered":"<p>Ao sair em interc\u00e2mbio, o estudante \u00e9 registrado e seu status no SIGA torna-se &#8220;em mobilidade acad\u00eamica&#8221;. Esse status garante o v\u00ednculo ativo do aluno com a UFPR durante seu per\u00edodo de mobilidade. De volta \u00e0 UFPR, ainda como parte do seu processo de mobilidade, o aluno deve solicitar a conclus\u00e3o desse registro. O aluno [&hellip;]<\/p>\n","protected":false},"author":12,"featured_media":0,"parent":0,"menu_order":0,"comment_status":"closed","ping_status":"closed","template":"","meta":{"_acf_changed":false,"footnotes":""},"class_list":["post-3308","page","type-page","status-publish","hentry"],"acf":[],"_links":{"self":[{"href":"https:\/\/internacional.ufpr.br\/portal\/wp-json\/wp\/v2\/pages\/3308","targetHints":{"allow":["GET"]}}],"collection":[{"href":"https:\/\/internacional.ufpr.br\/portal\/wp-json\/wp\/v2\/pages"}],"about":[{"href":"https:\/\/internacional.ufpr.br\/portal\/wp-json\/wp\/v2\/types\/page"}],"author":[{"embeddable":true,"href":"https:\/\/internacional.ufpr.br\/portal\/wp-json\/wp\/v2\/users\/12"}],"replies":[{"embeddable":true,"href":"https:\/\/internacional.ufpr.br\/portal\/wp-json\/wp\/v2\/comments?post=3308"}],"version-history":[{"count":29,"href":"https:\/\/internacional.ufpr.br\/portal\/wp-json\/wp\/v2\/pages\/3308\/revisions"}],"predecessor-version":[{"id":8426,"href":"https:\/\/internacional.ufpr.br\/portal\/wp-json\/wp\/v2\/pages\/3308\/revisions\/8426"}],"wp:attachment":[{"href":"https:\/\/internacional.ufpr.br\/portal\/wp-json\/wp\/v2\/media?parent=3308"}],"curies":[{"name":"wp","href":"https:\/\/api.w.org\/{rel}","templated":true}]}}