{"id":26,"date":"2017-08-31T16:04:42","date_gmt":"2017-08-31T19:04:42","guid":{"rendered":"http:\/\/internacional.ufpr.br\/portal\/?page_id=26"},"modified":"2025-12-03T11:47:30","modified_gmt":"2025-12-03T14:47:30","slug":"acordos","status":"publish","type":"page","link":"https:\/\/internacional.ufpr.br\/portal\/acordos\/","title":{"rendered":"Orienta\u00e7\u00f5es de como propor Acordo de Coopera\u00e7\u00e3o"},"content":{"rendered":"\n<div style=\"height:15px\" aria-hidden=\"true\" class=\"wp-block-spacer\"><\/div>\n\n\n\n<div class=\"wp-block-columns is-layout-flex wp-container-core-columns-is-layout-9d6595d7 wp-block-columns-is-layout-flex\">\n<div class=\"wp-block-column is-layout-flow wp-block-column-is-layout-flow\" style=\"flex-basis:65%\">\n<p>As solicita\u00e7\u00f5es de formaliza\u00e7\u00e3o de Acordos de Coopera\u00e7\u00e3o Internacional devem ser encaminhadas, por <strong>DOCENTE da UFPR<\/strong>, via processo <strong>SEI<\/strong> \u00e0 caixa <strong>UFPR\/R\/GAB\/ERI\/ACORDOS<\/strong>, contendo:<\/p>\n\n\n\n<ol class=\"wp-block-list\">\n<li>Of\u00edcio manifestando expressamente a <strong>justificativa<\/strong>&nbsp;para a realiza\u00e7\u00e3o do acordo&nbsp;e os&nbsp;<strong>benef\u00edcios<\/strong> esperados para a UFPR. Mencione o porqu\u00ea da escolha da institui\u00e7\u00e3o estrangeira, relatando aspectos de natureza cient\u00edfica que justifiquem sua escolha; o projeto cient\u00edfico ou quaisquer atividades de pesquisa que tenham motivado o interesse na elabora\u00e7\u00e3o do acordo; quais s\u00e3o os benef\u00edcios cient\u00edficos esperados para a UFPR e por meio de quais atividades cient\u00edficas tais benef\u00edcios podem vir a se concretizar. Indique tamb\u00e9m nome, telefone, e-mail e endere\u00e7o do professor estrangeiro e do respons\u00e1vel no Escrit\u00f3rio de Rela\u00e7\u00f5es Internacionais da universidade estrangeira.<\/li>\n\n\n\n<li>E-mails trocados com a contraparte internacional sobre o acordo, para que o ERI possa retomar o contato e continuar com eventuais negocia\u00e7\u00f5es de ajuste do acordo a ser assinado.<\/li>\n\n\n\n<li>Extratos das atas de reuni\u00e3o colegiada aprovando a realiza\u00e7\u00e3o da coopera\u00e7\u00e3o em <strong>DUAS<\/strong> inst\u00e2ncias. Podendo ser a <strong>PRIMEIRA<\/strong> do departamento, curso de gradua\u00e7\u00e3o ou p\u00f3s-gradua\u00e7\u00e3o e a <strong>SEGUNDA obrigatoriamente do SETOR<\/strong>. <\/li>\n\n\n\n<li>Documentos de constitui\u00e7\u00e3o e funcionamento da entidade estrangeira. S\u00e3o aceitos documentos tais como estatuto, decreto de cria\u00e7\u00e3o, <em>printscreen<\/em> da p\u00e1gina da institui\u00e7\u00e3o, etc.<\/li>\n\n\n\n<li>Comprovante de compet\u00eancia do representante legal da entidade estrangeira para celebrar instrumentos jur\u00eddicos e assumir obriga\u00e7\u00f5es. S\u00e3o aceitos documentos tais como portaria de nomea\u00e7\u00e3o, <em>printscreen<\/em> da p\u00e1gina da institui\u00e7\u00e3o, etc.<\/li>\n\n\n\n<li>Acordo de coopera\u00e7\u00e3o proposto em arquivo pdf. O documento deve estar nos idiomas portugu\u00eas e no nativo da IES estrangeira (para idiomas menos usados, adotar o ingl\u00eas) com os dados da contraparte j\u00e1 preenchidos. Caso seja necess\u00e1rio, o documento poder\u00e1 ser enviado (via e-mail) antecipadamente para verifica\u00e7\u00e3o de conformidade.<\/li>\n<\/ol>\n\n\n\n<p><strong>Informa\u00e7\u00f5es adicionais<\/strong><\/p>\n\n\n\n<p>Antes de solicitar a formaliza\u00e7\u00e3o de Acordos de Coopera\u00e7\u00e3o Internacional, verifique se j\u00e1 existe um documento vigente no <a href=\"https:\/\/intranet.ufpr.br\/sigea\/public\/acordo!listAllAll\" target=\"_blank\" rel=\"noopener\">Sigea<\/a>. A ferramenta de busca do Sigea \u00e9 sens\u00edvel \u00e0 acentua\u00e7\u00e3o e, no geral, as institui\u00e7\u00f5es s\u00e3o cadastradas com o nome no idioma de origem, por isso, sugerimos realizar v\u00e1rias buscas. Caso n\u00e3o haja, siga as orienta\u00e7\u00f5es desta p\u00e1gina.<\/p>\n\n\n\n<p>Alunos n\u00e3o podem solicitar acordos e nem se recomenda que entrem em contato com as Universidades, j\u00e1 que a negocia\u00e7\u00e3o deve se dar de maneira institucional.<\/p>\n\n\n\n<p>N\u00e3o h\u00e1 um prazo definido para a tramita\u00e7\u00e3o dos processos, j\u00e1 que cada universidade tem suas pr\u00f3prias exig\u00eancias e procedimentos.<\/p>\n\n\n\n<p>O ERI privilegia o uso das minutas de acordo previamente aprovadas na UFPR dispon\u00edveis abaixo. Com a inten\u00e7\u00e3o de facilitar a formaliza\u00e7\u00e3o, o ERI tamb\u00e9m aceita modelos propostos por outras institui\u00e7\u00f5es, pois entende que pode haver dificuldades na negocia\u00e7\u00e3o com a contraparte.<\/p>\n\n\n\n<p>Termos que envolvam transfer\u00eancia de recursos para pesquisa devem ser tratados com a Coordena\u00e7\u00e3o de Pesquisa e Desenvolvimento da Ci\u00eancia e Tecnologia da PRPG e com a Superintend\u00eancia de Parcerias e Inova\u00e7\u00e3o. Somente estes s\u00e3o chamados de conv\u00eanio.<\/p>\n\n\n\n<p>Memorandum of Understanding\/Memorando de Entendimento (MoU) \u00e9 um tipo de documento que demonstra uma vontade entre as partes, indicando uma a\u00e7\u00e3o pretendida. N\u00e3o \u00e9 um documento vinculativo, portanto, n\u00e3o chamamos de acordo. A UFPR n\u00e3o tem um modelo pronto de MoU, mas aceita analisar propostas, caso a contraparte deseje.<\/p>\n\n\n\n<p>A tramita\u00e7\u00e3o de formaliza\u00e7\u00e3o segue os mesmos procedimentos para todas as formas de coopera\u00e7\u00e3o que o ERI trata, seja acordo de coopera\u00e7\u00e3o, memorando de entendimento, acordo de mobilidade acad\u00eamica, duplo-diploma, etc.<\/p>\n\n\n\n<p>Segundo a legisla\u00e7\u00e3o brasileira, n\u00e3o \u00e9 poss\u00edvel a renova\u00e7\u00e3o de acordos e a vig\u00eancia n\u00e3o pode exceder 60 meses. Nestes casos, deve ser iniciado novo processo de formaliza\u00e7\u00e3o. As atividades desenvolvidas no \u00e2mbito de um acordo j\u00e1 expirado podem ser utilizadas como justificativa para novos acordos.<\/p>\n\n\n\n<p>Cabe ao ERI fazer a avalia\u00e7\u00e3o da minuta do acordo de colabora\u00e7\u00e3o acad\u00eamica, em conformidade com o Parecer Referencial exarado pela Procuradoria Federal junto \u00e0 UFPR. A minuta do acordo ser\u00e1 aprovada ou receber\u00e1 sugest\u00f5es de modifica\u00e7\u00e3o. Entraremos em contato com o escrit\u00f3rio de rela\u00e7\u00f5es internacionais da universidade no exterior, caso haja necessidade de propor altera\u00e7\u00f5es no texto. Por isso, \u00e9 importante incluir as informa\u00e7\u00f5es de contato no processo SEI.<\/p>\n\n\n\n<p>O acordo de coopera\u00e7\u00e3o dever\u00e1 ser traduzido para o portugu\u00eas, pois nosso Reitor n\u00e3o pode assinar documentos somente em l\u00edngua estrangeira. A fim de facilitar os tr\u00e2mites, sugerimos que o professor da UFPR interessado o traduza para o portugu\u00eas para que seja revisado pelo corpo t\u00e9cnico do ERI. Caso o documento esteja em l\u00edngua estrangeira desconhecida pelo corpo t\u00e9cnico do ERI, caber\u00e1 ao professor da UFPR interessado no acordo apresentar tradu\u00e7\u00e3o do documento.<\/p>\n\n\n\n<p>A partir do recebimento do processo SEI, o corpo t\u00e9cnico do ERI analisar\u00e1 a documenta\u00e7\u00e3o. O ERI deve confirmar com a institui\u00e7\u00e3o parceira se o texto do acordo est\u00e1 aprovado por ambas as partes, o modo de assinatura (digital ou f\u00edsica) e a ordem de assinatura (quem assina primeiro). Tendo isso definido, o ERI far\u00e1 o tr\u00e2mite para o Gabinete da Reitoria, para a assinatura do Reitor, e devolver\u00e1 o acordo assinado na UFPR para universidade de origem no exterior.<\/p>\n\n\n\n<p>Ap\u00f3s, far\u00e1 o arquivamento do documento final assinado por ambas as partes e far\u00e1 constar informa\u00e7\u00e3o acerca da formaliza\u00e7\u00e3o do acordo no <a href=\"https:\/\/intranet.ufpr.br\/sigea\/public\/acordo!listAllAll\" target=\"_blank\" rel=\"noopener\">Sigea<\/a>.<\/p>\n\n\n\n<p><strong>Arquivos<\/strong><\/p>\n\n\n\n<p>Parecer Referencial&nbsp;n. 01\/2018\/GAB\/PROC\/PFUFPR\/PGF\/AGU &#8211; Clique <a href=\"http:\/\/internacional.ufpr.br\/portal\/wp-content\/uploads\/2018\/04\/Parecer_Referencial_001_2018_GAB_PROC_PFUFPR_PGF_AGU.pdf\" target=\"_blank\" rel=\"noopener\">aqui<\/a><\/p>\n\n\n\n<p>Modelo de Acordo de Coopera\u00e7\u00e3o &#8211; <a href=\"https:\/\/internacional.ufpr.br\/portal\/wp-content\/uploads\/2024\/12\/UFPR_agreement_POR.docx\" target=\"_blank\" rel=\"noreferrer noopener\">Portugu\u00eas<\/a><\/p>\n\n\n\n<p>Modelos de Acordos Bil\u00edngues &#8211; <a href=\"https:\/\/internacional.ufpr.br\/portal\/wp-content\/uploads\/2024\/12\/UFPR_agreement_POR_ES.docx\">Portugu\u00eas\/Espanhol<\/a> , <a href=\"https:\/\/internacional.ufpr.br\/portal\/wp-content\/uploads\/2024\/12\/UFPR_agreement_POR_FR.docx\">Portugu\u00eas\/Franc\u00eas<\/a> , <a href=\"https:\/\/internacional.ufpr.br\/portal\/wp-content\/uploads\/2024\/12\/UFPR_agreement_POR_EN.docx\" target=\"_blank\" rel=\"noreferrer noopener\">Portugu\u00eas\/Ingl\u00eas<\/a> , <a href=\"https:\/\/internacional.ufpr.br\/portal\/wp-content\/uploads\/2025\/12\/UFPR_agreement_POR_CHN.docx\" data-type=\"link\" data-id=\"https:\/\/internacional.ufpr.br\/portal\/wp-content\/uploads\/2025\/12\/UFPR_agreement_POR_CHN.pdf\">Portugu\u00eas\/Chin\u00eas<\/a><\/p>\n\n\n\n<p><em>Atualizado em 22\/10\/2025<\/em><\/p>\n<\/div>\n\n\n\n<div class=\"wp-block-column has-background is-layout-flow wp-block-column-is-layout-flow\" style=\"background-color:#f1f1f1;flex-basis:35%\">\n<div style=\"height:15px\" aria-hidden=\"true\" class=\"wp-block-spacer\"><\/div>\n\n\n\n<p><a href=\"https:\/\/internacional.ufpr.br\/portal\/acordos-cotutelas-e-mta\/\"><strong>&lt;&lt; Voltar \u00e0 <\/strong><\/a><a href=\"https:\/\/internacional.ufpr.br\/portal\/acordos-cotutelas-e-mta\/\"><strong>Acordos e Cotutelas<\/strong><\/a><\/p>\n\n\n\n<hr class=\"wp-block-separator has-text-color has-white-color has-alpha-channel-opacity has-white-background-color has-background\"\/>\n\n\n\n<h4 class=\"wp-block-heading\">Conhe\u00e7a<\/h4>\n\n\n\n<div class=\"wp-block-columns is-layout-flex wp-container-core-columns-is-layout-9d6595d7 wp-block-columns-is-layout-flex\">\n<div class=\"wp-block-column is-layout-flow wp-block-column-is-layout-flow\" style=\"flex-basis:1%\"><\/div>\n\n\n\n<div class=\"wp-block-column has-white-background-color has-background is-layout-flow wp-block-column-is-layout-flow\" style=\"flex-basis:98%\">\n<div style=\"height:25px\" aria-hidden=\"true\" class=\"wp-block-spacer\"><\/div>\n\n\n\n<div class=\"wp-block-columns is-not-stacked-on-mobile is-layout-flex wp-container-core-columns-is-layout-9d6595d7 wp-block-columns-is-layout-flex\">\n<div class=\"wp-block-column has-text-color has-link-color wp-elements-1c780bdafe43896e6a99505bfa873295 is-layout-flow wp-block-column-is-layout-flow\" style=\"color:#003c71\"><div class=\"wp-block-image is-style-default\">\n<figure class=\"aligncenter size-full is-resized\"><a href=\"https:\/\/internacional.ufpr.br\/portal\/acordos\/\"><img loading=\"lazy\" decoding=\"async\" width=\"512\" height=\"512\" src=\"https:\/\/internacional.ufpr.br\/portal\/wp-content\/uploads\/2025\/08\/Icone_Instrucoes_Verde_Eri.png\" alt=\"\" class=\"wp-image-10165\" style=\"object-fit:cover;width:70px;height:auto\" srcset=\"https:\/\/internacional.ufpr.br\/portal\/wp-content\/uploads\/2025\/08\/Icone_Instrucoes_Verde_Eri.png 512w, https:\/\/internacional.ufpr.br\/portal\/wp-content\/uploads\/2025\/08\/Icone_Instrucoes_Verde_Eri-300x300.png 300w, https:\/\/internacional.ufpr.br\/portal\/wp-content\/uploads\/2025\/08\/Icone_Instrucoes_Verde_Eri-150x150.png 150w, https:\/\/internacional.ufpr.br\/portal\/wp-content\/uploads\/2025\/08\/Icone_Instrucoes_Verde_Eri-10x10.png 10w\" sizes=\"auto, (max-width: 512px) 100vw, 512px\" \/><\/a><\/figure>\n<\/div>\n\n\n<p class=\"has-text-align-center has-text-color has-link-color wp-elements-960e0c493c09b3264d6a53b3221aedb0\" style=\"color:#0d518c;font-size:14px\"><strong><a href=\"https:\/\/internacional.ufpr.br\/portal\/acordos\/\">Como Propor<\/a><\/strong><\/p>\n<\/div>\n\n\n\n<div class=\"wp-block-column has-text-color has-link-color wp-elements-cd09a7102c1474fb1e22c1e1bcc76450 is-layout-flow wp-block-column-is-layout-flow\" style=\"color:#003c71\"><div class=\"wp-block-image is-style-default\">\n<figure class=\"aligncenter size-full is-resized\"><a href=\"https:\/\/internacional.ufpr.br\/portal\/acordos-vigentes\/\"><img loading=\"lazy\" decoding=\"async\" width=\"512\" height=\"512\" src=\"https:\/\/internacional.ufpr.br\/portal\/wp-content\/uploads\/2025\/07\/Icone_Parcerias_Verde_Eri.png\" alt=\"\" class=\"wp-image-9014\" style=\"object-fit:cover;width:70px;height:auto\" srcset=\"https:\/\/internacional.ufpr.br\/portal\/wp-content\/uploads\/2025\/07\/Icone_Parcerias_Verde_Eri.png 512w, https:\/\/internacional.ufpr.br\/portal\/wp-content\/uploads\/2025\/07\/Icone_Parcerias_Verde_Eri-300x300.png 300w, https:\/\/internacional.ufpr.br\/portal\/wp-content\/uploads\/2025\/07\/Icone_Parcerias_Verde_Eri-150x150.png 150w, https:\/\/internacional.ufpr.br\/portal\/wp-content\/uploads\/2025\/07\/Icone_Parcerias_Verde_Eri-10x10.png 10w\" sizes=\"auto, (max-width: 512px) 100vw, 512px\" \/><\/a><\/figure>\n<\/div>\n\n\n<p class=\"has-text-align-center has-text-color has-link-color wp-elements-650909359624e9f0f848220f824b8ee7\" style=\"color:#0d518c;font-size:14px\"><strong><a href=\"https:\/\/internacional.ufpr.br\/portal\/acordos-vigentes\/\">Acordos Vigentes<\/a><\/strong><\/p>\n<\/div>\n<\/div>\n\n\n\n<div class=\"wp-block-columns is-not-stacked-on-mobile is-layout-flex wp-container-core-columns-is-layout-9d6595d7 wp-block-columns-is-layout-flex\">\n<div class=\"wp-block-column has-text-color has-link-color wp-elements-aeb033da9126d73073a49ed3916c16a4 is-layout-flow wp-block-column-is-layout-flow\" style=\"color:#003c71\"><div class=\"wp-block-image is-style-default\">\n<figure class=\"aligncenter size-full is-resized\"><a href=\"https:\/\/internacional.ufpr.br\/portal\/cotutela\/\"><img loading=\"lazy\" decoding=\"async\" width=\"512\" height=\"512\" src=\"https:\/\/internacional.ufpr.br\/portal\/wp-content\/uploads\/2025\/08\/Icone_AcordosCotutela.png\" alt=\"\" class=\"wp-image-10170\" style=\"object-fit:cover;width:70px;height:auto\" srcset=\"https:\/\/internacional.ufpr.br\/portal\/wp-content\/uploads\/2025\/08\/Icone_AcordosCotutela.png 512w, https:\/\/internacional.ufpr.br\/portal\/wp-content\/uploads\/2025\/08\/Icone_AcordosCotutela-300x300.png 300w, https:\/\/internacional.ufpr.br\/portal\/wp-content\/uploads\/2025\/08\/Icone_AcordosCotutela-150x150.png 150w, https:\/\/internacional.ufpr.br\/portal\/wp-content\/uploads\/2025\/08\/Icone_AcordosCotutela-10x10.png 10w\" sizes=\"auto, (max-width: 512px) 100vw, 512px\" \/><\/a><\/figure>\n<\/div>\n\n\n<p class=\"has-text-align-center has-text-color has-link-color wp-elements-8fd52789a0bdadd5979edc18025e2358\" style=\"color:#0d518c;font-size:14px\"><strong><a href=\"https:\/\/internacional.ufpr.br\/portal\/cotutela\/\">Acordos de Cotutela<\/a><\/strong><\/p>\n<\/div>\n\n\n\n<div class=\"wp-block-column has-text-color has-link-color wp-elements-33febc1f5dac4587c58fb0d60ac0e242 is-layout-flow wp-block-column-is-layout-flow\" style=\"color:#003c71\"><div class=\"wp-block-image is-style-default\">\n<figure class=\"aligncenter size-full is-resized\"><a href=\"https:\/\/internacional.ufpr.br\/portal\/duplo-diploma\/\"><img loading=\"lazy\" decoding=\"async\" width=\"512\" height=\"512\" src=\"https:\/\/internacional.ufpr.br\/portal\/wp-content\/uploads\/2025\/07\/Icone_DuploDiploma_Verde_Eri.png\" alt=\"\" class=\"wp-image-9047\" style=\"object-fit:cover;width:70px;height:auto\" srcset=\"https:\/\/internacional.ufpr.br\/portal\/wp-content\/uploads\/2025\/07\/Icone_DuploDiploma_Verde_Eri.png 512w, https:\/\/internacional.ufpr.br\/portal\/wp-content\/uploads\/2025\/07\/Icone_DuploDiploma_Verde_Eri-300x300.png 300w, https:\/\/internacional.ufpr.br\/portal\/wp-content\/uploads\/2025\/07\/Icone_DuploDiploma_Verde_Eri-150x150.png 150w, https:\/\/internacional.ufpr.br\/portal\/wp-content\/uploads\/2025\/07\/Icone_DuploDiploma_Verde_Eri-10x10.png 10w\" sizes=\"auto, (max-width: 512px) 100vw, 512px\" \/><\/a><\/figure>\n<\/div>\n\n\n<p class=\"has-text-align-center has-text-color has-link-color wp-elements-6dc734f591ddcd83427dba5ada4b9634\" style=\"color:#0d518c;font-size:14px\"><strong><a href=\"https:\/\/internacional.ufpr.br\/portal\/duplo-diploma\/\">Dupla Diploma\u00e7\u00e3o<\/a><\/strong><\/p>\n<\/div>\n<\/div>\n\n\n\n<div class=\"wp-block-columns is-layout-flex wp-container-core-columns-is-layout-9d6595d7 wp-block-columns-is-layout-flex\">\n<div class=\"wp-block-column has-text-color has-link-color wp-elements-993e5c93c6aa94063c3d78f42eef86cc is-layout-flow wp-block-column-is-layout-flow\" style=\"color:#003c71\"><div class=\"wp-block-image is-style-default\">\n<figure class=\"aligncenter size-full is-resized\"><a href=\"https:\/\/internacional.ufpr.br\/portal\/perguntas-frequentes-faq\/#acordos\"><img loading=\"lazy\" decoding=\"async\" width=\"512\" height=\"512\" src=\"https:\/\/internacional.ufpr.br\/portal\/wp-content\/uploads\/2025\/08\/Icone_PergutasFrequentes_Verde_Eri.png\" alt=\"\" class=\"wp-image-9212\" style=\"object-fit:cover;width:70px;height:auto\" srcset=\"https:\/\/internacional.ufpr.br\/portal\/wp-content\/uploads\/2025\/08\/Icone_PergutasFrequentes_Verde_Eri.png 512w, https:\/\/internacional.ufpr.br\/portal\/wp-content\/uploads\/2025\/08\/Icone_PergutasFrequentes_Verde_Eri-300x300.png 300w, https:\/\/internacional.ufpr.br\/portal\/wp-content\/uploads\/2025\/08\/Icone_PergutasFrequentes_Verde_Eri-150x150.png 150w, https:\/\/internacional.ufpr.br\/portal\/wp-content\/uploads\/2025\/08\/Icone_PergutasFrequentes_Verde_Eri-10x10.png 10w\" sizes=\"auto, (max-width: 512px) 100vw, 512px\" \/><\/a><\/figure>\n<\/div>\n\n\n<p class=\"has-text-align-center has-text-color has-link-color wp-elements-480e20815d66e013000831865484895c\" style=\"color:#0d518c;font-size:14px\"><a href=\"https:\/\/internacional.ufpr.br\/portal\/perguntas-frequentes-faq\/#acordos\"><strong>Perguntas Frequentes <\/strong><br><strong>FAQ<\/strong><\/a><\/p>\n<\/div>\n<\/div>\n<\/div>\n\n\n\n<div class=\"wp-block-column is-layout-flow wp-block-column-is-layout-flow\" style=\"flex-basis:1%\"><\/div>\n<\/div>\n<\/div>\n<\/div>\n\n\n\n<p><\/p>\n","protected":false},"excerpt":{"rendered":"<p>As solicita\u00e7\u00f5es de formaliza\u00e7\u00e3o de Acordos de Coopera\u00e7\u00e3o Internacional devem ser encaminhadas, por DOCENTE da UFPR, via processo SEI \u00e0 caixa UFPR\/R\/GAB\/ERI\/ACORDOS, contendo: Informa\u00e7\u00f5es adicionais Antes de solicitar a formaliza\u00e7\u00e3o de Acordos de Coopera\u00e7\u00e3o Internacional, verifique se j\u00e1 existe um documento vigente no Sigea. A ferramenta de busca do Sigea \u00e9 sens\u00edvel \u00e0 acentua\u00e7\u00e3o e, [&hellip;]<\/p>\n","protected":false},"author":12,"featured_media":0,"parent":0,"menu_order":0,"comment_status":"closed","ping_status":"closed","template":"","meta":{"_acf_changed":false,"footnotes":""},"class_list":["post-26","page","type-page","status-publish","hentry"],"acf":[],"_links":{"self":[{"href":"https:\/\/internacional.ufpr.br\/portal\/wp-json\/wp\/v2\/pages\/26","targetHints":{"allow":["GET"]}}],"collection":[{"href":"https:\/\/internacional.ufpr.br\/portal\/wp-json\/wp\/v2\/pages"}],"about":[{"href":"https:\/\/internacional.ufpr.br\/portal\/wp-json\/wp\/v2\/types\/page"}],"author":[{"embeddable":true,"href":"https:\/\/internacional.ufpr.br\/portal\/wp-json\/wp\/v2\/users\/12"}],"replies":[{"embeddable":true,"href":"https:\/\/internacional.ufpr.br\/portal\/wp-json\/wp\/v2\/comments?post=26"}],"version-history":[{"count":96,"href":"https:\/\/internacional.ufpr.br\/portal\/wp-json\/wp\/v2\/pages\/26\/revisions"}],"predecessor-version":[{"id":11842,"href":"https:\/\/internacional.ufpr.br\/portal\/wp-json\/wp\/v2\/pages\/26\/revisions\/11842"}],"wp:attachment":[{"href":"https:\/\/internacional.ufpr.br\/portal\/wp-json\/wp\/v2\/media?parent=26"}],"curies":[{"name":"wp","href":"https:\/\/api.w.org\/{rel}","templated":true}]}}