{"id":23,"date":"2017-08-31T16:04:42","date_gmt":"2017-08-31T19:04:42","guid":{"rendered":"http:\/\/internacional.ufpr.br\/portal\/?page_id=23"},"modified":"2026-04-02T15:06:13","modified_gmt":"2026-04-02T18:06:13","slug":"isf-idiomas-sem-fronteiras","status":"publish","type":"page","link":"https:\/\/internacional.ufpr.br\/portal\/isf-idiomas-sem-fronteiras\/","title":{"rendered":"Idiomas sem Fronteiras &#8211; Rede Andifes IsF"},"content":{"rendered":"\n<div class=\"wp-block-columns is-layout-flex wp-container-core-columns-is-layout-9d6595d7 wp-block-columns-is-layout-flex\">\n<div class=\"wp-block-column is-layout-flow wp-block-column-is-layout-flow\" style=\"flex-basis:66.66%\">\n<h3><strong>&#x1f5d3;&#xfe0f;Calend\u00e1rio do IsF:<\/strong><\/h3>\n<p><strong>Oferta Local 1<\/strong><br \/><strong>\u2192Inscri\u00e7\u00f5es:<\/strong> 2 a 7 de mar\u00e7o<br \/><strong>\u2192Per\u00edodo de aulas:<\/strong> 16\/03 a 11\/04<\/p>\n<p><strong>Oferta Local 2:<\/strong><br \/><strong>\u2192Inscri\u00e7\u00f5es:<\/strong> 4 a 16 de junho<br \/><strong>\u2192Per\u00edodo de aulas:<\/strong> 22\/06 a 18\/07<\/p>\n<p><strong>Oferta Local 3:<\/strong><br \/><strong>\u2192Inscri\u00e7\u00f5es:<\/strong> 6 a 18 de agosto<br \/><strong>\u2192 Per\u00edodo de aulas:<\/strong> 24\/08 a 19\/09<\/p>\n<p><strong>Oferta Local 4:<\/strong><br \/><strong>\u2192Inscri\u00e7\u00f5es:<\/strong> 3 a 10 de novembro.<br \/><strong>\u2192Per\u00edodo de aulas:<\/strong> 16\/11 a 12\/12<\/p>\n<h3><strong>&#x1f310;Ofertas Coletivas<\/strong><\/h3>\n<p>A Rede Andifes IsF est\u00e1 promovendo uma oferta coletiva de cursos de idiomas \u2013 <strong>alem\u00e3o, espanhol, franc\u00eas, ingl\u00eas, italiano, japon\u00eas e portugu\u00eas para estrangeiros<\/strong> \u2013 para toda a comunidade (discentes, docentes e t\u00e9cnico-administrativos) da UFPR bem como para a comunidade das institui\u00e7\u00f5es credenciadas \u00e0 Rede IsF que est\u00e3o ofertando cursos e para pessoas estrangeiras no geral (no caso dos cursos de portugu\u00eas).<\/p>\n<p>S\u00e3o <strong>5125 vagas<\/strong> distribu\u00eddas em diferentes cursos de 7 idiomas: alem\u00e3o, espanhol, franc\u00eas, ingl\u00eas, italiano, japon\u00eas e portugu\u00eas para estrangeiros. <strong>Cada turma ter\u00e1 25 vagas<\/strong> e 20 em lista de espera. \u00c9 necess\u00e1rio apresentar comprovante de v\u00ednculo com a institui\u00e7\u00e3o, assim como comprovante de profici\u00eancia para cursos que n\u00e3o sejam do n\u00edvel iniciante (<strong>conferir no edital quando for publicado<\/strong>).<\/p>\n<p>Os cursos s\u00e3o gratuitos e ofertados de forma colaborativa pelos especialistas de idiomas credenciados na Rede Andifes IsF. A Rede IsF segue sendo a primeira a ofertar cursos de idiomas de forma aberta, gratuita e com a qualidade que o IsF sempre imprimiu em seus cursos. <strong>As aulas ser\u00e3o realizadas totalmente on-line<\/strong>, de forma s\u00edncrona, e podem durar 1 m\u00eas (cursos de 16h), 2 meses (32h) ou 3 meses (48h), em dois encontros semanais de 2 horas cada um ou em um \u00fanico encontro de 4 horas (com intervalo). Os hor\u00e1rios indicados s\u00e3o hor\u00e1rios de Bras\u00edlia. <strong>S\u00f3 \u00e9 permitida a inscri\u00e7\u00e3o em um \u00fanico curso por CPF,<\/strong>\u00a0com exce\u00e7\u00e3o dos cursos de portugu\u00eas.<\/p>\n<p>Todos os detalhes sobre os temas dos cursos, hor\u00e1rios, elegibilidade est\u00e3o descritos no edital dispon\u00edvel na p\u00e1gina da Andifes: <a href=\"https:\/\/www.andifes.org.br\/institucional\/redeisf\/\" target=\"_blank\" rel=\"noopener\">https:\/\/www.andifes.org.br\/institucional\/redeisf\/<\/a>. <br \/>As inscri\u00e7\u00f5es se iniciam no dia 16 de mar\u00e7o (12h, hor\u00e1rio de Bras\u00edlia) e terminam dia 27 de mar\u00e7o de 2026 (12h, hor\u00e1rio de Bras\u00edlia). Leia o edital e prepare seus documentos com anteced\u00eancia para garantir sua vaga! <\/p>\n<h3><strong>&#x1f5fa;&#xfe0f; A Rede Andifes e o IsF<\/strong><\/h3>\n<p>A UFPR\u00a0 faz parte da Rede Andifes-IsF. Esta Rede tem como objetivo, junto \u00e0s IFES vinculadas \u00e0 Andifes que aderirem \u00e0 Rede, por meio de chamada espec\u00edfica ou carta convite, propiciar:<\/p>\n<ul>\n<li>A forma\u00e7\u00e3o inicial e continuada de professores de idiomas para atuarem em processos de internacionaliza\u00e7\u00e3o,<\/li>\n<li>O desenvolvimento de profici\u00eancia lingu\u00edstica de:\n<ul>\n<li>Estudantes, docentes e corpo t\u00e9cnico-administrativo das IFES credenciadas;<\/li>\n<li>Professores de idiomas da rede p\u00fablica de Educa\u00e7\u00e3o B\u00e1sica;<\/li>\n<li>Estrangeiros (em l\u00edngua portuguesa), contribuindo para o desenvolvimento de uma pol\u00edtica lingu\u00edstica para o pa\u00eds.<\/li>\n<\/ul>\n<\/li>\n<li>O trabalho em rede para o desenvolvimento de pol\u00edticas lingu\u00edsticas no Ensino Superior Brasileiro.<\/li>\n<\/ul>\n<p>A Rede Andifes-IsF atuar\u00e1 em conson\u00e2ncia com as pol\u00edticas de internacionaliza\u00e7\u00e3o das IFES credenciadas e com as pol\u00edticas governamentais que as IFES se vincularem.<\/p>\n<p>Acompanhem nossas not\u00edcias e fiquem atualizados sobre os cursos ofertados pelo NUCLI\/UFPR, vinculado \u00e0 Rede Andifes IsF.<\/p>\n<\/div>\n\n\n\n<div class=\"wp-block-column has-background is-layout-flow wp-block-column-is-layout-flow\" style=\"background-color:#f1f1f1;flex-basis:33.33%\">\n<h4 class=\"wp-block-heading\"> Professores Especialistas<\/h4>\n\n\n\n<div class=\"wp-block-columns is-layout-flex wp-container-core-columns-is-layout-9d6595d7 wp-block-columns-is-layout-flex\">\n<div class=\"wp-block-column is-layout-flow wp-block-column-is-layout-flow\" style=\"flex-basis:1%\"><\/div>\n\n\n\n<div class=\"wp-block-column has-white-background-color has-background is-layout-flow wp-block-column-is-layout-flow\" style=\"flex-basis:98%\">\n<figure class=\"wp-block-image size-large\"><img loading=\"lazy\" decoding=\"async\" width=\"819\" height=\"1024\" src=\"https:\/\/internacional.ufpr.br\/portal\/wp-content\/uploads\/2026\/04\/8-819x1024.png\" alt=\"\" class=\"wp-image-12866\" srcset=\"https:\/\/internacional.ufpr.br\/portal\/wp-content\/uploads\/2026\/04\/8-819x1024.png 819w, https:\/\/internacional.ufpr.br\/portal\/wp-content\/uploads\/2026\/04\/8-240x300.png 240w, https:\/\/internacional.ufpr.br\/portal\/wp-content\/uploads\/2026\/04\/8-768x960.png 768w, https:\/\/internacional.ufpr.br\/portal\/wp-content\/uploads\/2026\/04\/8-8x10.png 8w, https:\/\/internacional.ufpr.br\/portal\/wp-content\/uploads\/2026\/04\/8.png 1080w\" sizes=\"auto, (max-width: 819px) 100vw, 819px\" \/><figcaption class=\"wp-element-caption\"><strong>Espanhol<\/strong><br>Geisi Cristina Horn<\/figcaption><\/figure>\n\n\n\n<figure class=\"wp-block-image size-large\"><img loading=\"lazy\" decoding=\"async\" width=\"1080\" height=\"1350\" src=\"https:\/\/internacional.ufpr.br\/portal\/wp-content\/uploads\/2026\/04\/4-819x1024.png\" alt=\"\" class=\"wp-image-12867\" srcset=\"https:\/\/internacional.ufpr.br\/portal\/wp-content\/uploads\/2026\/04\/4-819x1024.png 819w, https:\/\/internacional.ufpr.br\/portal\/wp-content\/uploads\/2026\/04\/4-240x300.png 240w, https:\/\/internacional.ufpr.br\/portal\/wp-content\/uploads\/2026\/04\/4-768x960.png 768w, https:\/\/internacional.ufpr.br\/portal\/wp-content\/uploads\/2026\/04\/4-8x10.png 8w, https:\/\/internacional.ufpr.br\/portal\/wp-content\/uploads\/2026\/04\/4.png 1080w\" sizes=\"auto, (max-width: 1080px) 100vw, 1080px\" \/><figcaption class=\"wp-element-caption\"><strong>Espanhol<\/strong><br>Emirena Giselle Cano Maymo<\/figcaption><\/figure>\n\n\n\n<figure class=\"wp-block-image size-large\"><img loading=\"lazy\" decoding=\"async\" width=\"819\" height=\"1024\" src=\"https:\/\/internacional.ufpr.br\/portal\/wp-content\/uploads\/2026\/04\/5-819x1024.png\" alt=\"\" class=\"wp-image-12868\" srcset=\"https:\/\/internacional.ufpr.br\/portal\/wp-content\/uploads\/2026\/04\/5-819x1024.png 819w, https:\/\/internacional.ufpr.br\/portal\/wp-content\/uploads\/2026\/04\/5-240x300.png 240w, https:\/\/internacional.ufpr.br\/portal\/wp-content\/uploads\/2026\/04\/5-768x960.png 768w, https:\/\/internacional.ufpr.br\/portal\/wp-content\/uploads\/2026\/04\/5-8x10.png 8w, https:\/\/internacional.ufpr.br\/portal\/wp-content\/uploads\/2026\/04\/5.png 1080w\" sizes=\"auto, (max-width: 819px) 100vw, 819px\" \/><figcaption class=\"wp-element-caption\"><strong>Espanhol<br><\/strong>N\u00e1dia Luciene Ziroldo<\/figcaption><\/figure>\n\n\n\n<figure class=\"wp-block-image size-large\"><img loading=\"lazy\" decoding=\"async\" width=\"819\" height=\"1024\" src=\"https:\/\/internacional.ufpr.br\/portal\/wp-content\/uploads\/2026\/04\/1-819x1024.png\" alt=\"\" class=\"wp-image-12869\" srcset=\"https:\/\/internacional.ufpr.br\/portal\/wp-content\/uploads\/2026\/04\/1-819x1024.png 819w, https:\/\/internacional.ufpr.br\/portal\/wp-content\/uploads\/2026\/04\/1-240x300.png 240w, https:\/\/internacional.ufpr.br\/portal\/wp-content\/uploads\/2026\/04\/1-768x960.png 768w, https:\/\/internacional.ufpr.br\/portal\/wp-content\/uploads\/2026\/04\/1-8x10.png 8w, https:\/\/internacional.ufpr.br\/portal\/wp-content\/uploads\/2026\/04\/1.png 1080w\" sizes=\"auto, (max-width: 819px) 100vw, 819px\" \/><figcaption class=\"wp-element-caption\"><strong>Ingl\u00eas<\/strong><br>Marcos Tadeu Winche Andrade Filho<\/figcaption><\/figure>\n\n\n\n<figure class=\"wp-block-image size-large\"><img loading=\"lazy\" decoding=\"async\" width=\"819\" height=\"1024\" src=\"https:\/\/internacional.ufpr.br\/portal\/wp-content\/uploads\/2026\/04\/2-819x1024.png\" alt=\"\" class=\"wp-image-12870\" srcset=\"https:\/\/internacional.ufpr.br\/portal\/wp-content\/uploads\/2026\/04\/2-819x1024.png 819w, https:\/\/internacional.ufpr.br\/portal\/wp-content\/uploads\/2026\/04\/2-240x300.png 240w, https:\/\/internacional.ufpr.br\/portal\/wp-content\/uploads\/2026\/04\/2-768x960.png 768w, https:\/\/internacional.ufpr.br\/portal\/wp-content\/uploads\/2026\/04\/2-8x10.png 8w, https:\/\/internacional.ufpr.br\/portal\/wp-content\/uploads\/2026\/04\/2.png 1080w\" sizes=\"auto, (max-width: 819px) 100vw, 819px\" \/><figcaption class=\"wp-element-caption\"><strong>Ingl\u00eas<\/strong><br>Gabriel Buchmeier Costa<\/figcaption><\/figure>\n\n\n\n<figure class=\"wp-block-image size-large\"><img loading=\"lazy\" decoding=\"async\" width=\"819\" height=\"1024\" src=\"https:\/\/internacional.ufpr.br\/portal\/wp-content\/uploads\/2026\/04\/3-819x1024.png\" alt=\"\" class=\"wp-image-12871\" srcset=\"https:\/\/internacional.ufpr.br\/portal\/wp-content\/uploads\/2026\/04\/3-819x1024.png 819w, https:\/\/internacional.ufpr.br\/portal\/wp-content\/uploads\/2026\/04\/3-240x300.png 240w, https:\/\/internacional.ufpr.br\/portal\/wp-content\/uploads\/2026\/04\/3-768x960.png 768w, https:\/\/internacional.ufpr.br\/portal\/wp-content\/uploads\/2026\/04\/3-8x10.png 8w, https:\/\/internacional.ufpr.br\/portal\/wp-content\/uploads\/2026\/04\/3.png 1080w\" sizes=\"auto, (max-width: 819px) 100vw, 819px\" \/><figcaption class=\"wp-element-caption\"><strong>Ingl\u00eas<\/strong><br>Caroline Helena Costa Frota<\/figcaption><\/figure>\n\n\n\n<figure class=\"wp-block-image size-large\"><img loading=\"lazy\" decoding=\"async\" width=\"819\" height=\"1024\" src=\"https:\/\/internacional.ufpr.br\/portal\/wp-content\/uploads\/2026\/04\/7-819x1024.png\" alt=\"\" class=\"wp-image-12872\" srcset=\"https:\/\/internacional.ufpr.br\/portal\/wp-content\/uploads\/2026\/04\/7-819x1024.png 819w, https:\/\/internacional.ufpr.br\/portal\/wp-content\/uploads\/2026\/04\/7-240x300.png 240w, https:\/\/internacional.ufpr.br\/portal\/wp-content\/uploads\/2026\/04\/7-768x960.png 768w, https:\/\/internacional.ufpr.br\/portal\/wp-content\/uploads\/2026\/04\/7-8x10.png 8w, https:\/\/internacional.ufpr.br\/portal\/wp-content\/uploads\/2026\/04\/7.png 1080w\" sizes=\"auto, (max-width: 819px) 100vw, 819px\" \/><figcaption class=\"wp-element-caption\"><strong>Italiano<\/strong><br>Giovana Oliveira da Cruz<\/figcaption><\/figure>\n<\/div>\n\n\n\n<div class=\"wp-block-column is-layout-flow wp-block-column-is-layout-flow\" style=\"flex-basis:1%\"><\/div>\n<\/div>\n\n\n\n<h4 class=\"wp-block-heading\"> Professores Coordenadores<\/h4>\n\n\n\n<div class=\"wp-block-columns is-layout-flex wp-container-core-columns-is-layout-9d6595d7 wp-block-columns-is-layout-flex\">\n<div class=\"wp-block-column is-layout-flow wp-block-column-is-layout-flow\" style=\"flex-basis:2%\"><\/div>\n\n\n\n<div class=\"wp-block-column has-white-background-color has-background is-layout-flow wp-block-column-is-layout-flow\">\n<figure class=\"wp-block-image size-full\"><img loading=\"lazy\" decoding=\"async\" width=\"1080\" height=\"1350\" src=\"https:\/\/internacional.ufpr.br\/portal\/wp-content\/uploads\/2026\/04\/6.png\" alt=\"\" class=\"wp-image-12865\" srcset=\"https:\/\/internacional.ufpr.br\/portal\/wp-content\/uploads\/2026\/04\/6.png 1080w, https:\/\/internacional.ufpr.br\/portal\/wp-content\/uploads\/2026\/04\/6-240x300.png 240w, https:\/\/internacional.ufpr.br\/portal\/wp-content\/uploads\/2026\/04\/6-819x1024.png 819w, https:\/\/internacional.ufpr.br\/portal\/wp-content\/uploads\/2026\/04\/6-768x960.png 768w, https:\/\/internacional.ufpr.br\/portal\/wp-content\/uploads\/2026\/04\/6-8x10.png 8w\" sizes=\"auto, (max-width: 1080px) 100vw, 1080px\" \/><figcaption class=\"wp-element-caption\">                  Alem\u00e3o: <a href=\"mailto:thiago.mariano@redeisf.pro.br\">thiago.mariano@redeisf.pro.br<\/a><\/figcaption><\/figure>\n\n\n\n<figure class=\"wp-block-image size-large\"><img loading=\"lazy\" decoding=\"async\" width=\"1080\" height=\"810\" src=\"https:\/\/internacional.ufpr.br\/portal\/wp-content\/uploads\/2026\/03\/7-edited.png\" alt=\"\" class=\"wp-image-12374\" srcset=\"https:\/\/internacional.ufpr.br\/portal\/wp-content\/uploads\/2026\/03\/7-edited.png 1080w, https:\/\/internacional.ufpr.br\/portal\/wp-content\/uploads\/2026\/03\/7-edited-300x225.png 300w, https:\/\/internacional.ufpr.br\/portal\/wp-content\/uploads\/2026\/03\/7-edited-1024x768.png 1024w, https:\/\/internacional.ufpr.br\/portal\/wp-content\/uploads\/2026\/03\/7-edited-768x576.png 768w, https:\/\/internacional.ufpr.br\/portal\/wp-content\/uploads\/2026\/03\/7-edited-13x10.png 13w\" sizes=\"auto, (max-width: 1080px) 100vw, 1080px\" \/><figcaption class=\"wp-element-caption\">               Espanhol:<br><a href=\"mailto:cristina.cardoso@programaisf.pro.br\">cristina.cardoso@redeisf.pro.br<\/a><\/figcaption><\/figure>\n\n\n\n<figure class=\"wp-block-image size-large\"><img loading=\"lazy\" decoding=\"async\" width=\"1080\" height=\"810\" src=\"https:\/\/internacional.ufpr.br\/portal\/wp-content\/uploads\/2026\/03\/6-edited.png\" alt=\"\" class=\"wp-image-12375\" srcset=\"https:\/\/internacional.ufpr.br\/portal\/wp-content\/uploads\/2026\/03\/6-edited.png 1080w, https:\/\/internacional.ufpr.br\/portal\/wp-content\/uploads\/2026\/03\/6-edited-300x225.png 300w, https:\/\/internacional.ufpr.br\/portal\/wp-content\/uploads\/2026\/03\/6-edited-1024x768.png 1024w, https:\/\/internacional.ufpr.br\/portal\/wp-content\/uploads\/2026\/03\/6-edited-768x576.png 768w, https:\/\/internacional.ufpr.br\/portal\/wp-content\/uploads\/2026\/03\/6-edited-13x10.png 13w\" sizes=\"auto, (max-width: 1080px) 100vw, 1080px\" \/><figcaption class=\"wp-element-caption\">                Espanhol:&nbsp;<br><a href=\"mailto:fernanda.veloso@programaisf.pro.br\">fernanda.veloso@redeisf.pro.br<\/a><\/figcaption><\/figure>\n\n\n\n<figure class=\"wp-block-image size-large is-style-default\"><img loading=\"lazy\" decoding=\"async\" width=\"1080\" height=\"810\" src=\"https:\/\/internacional.ufpr.br\/portal\/wp-content\/uploads\/2026\/03\/3-edited.png\" alt=\"\nteste teste teste\n\" class=\"wp-image-12377\" srcset=\"https:\/\/internacional.ufpr.br\/portal\/wp-content\/uploads\/2026\/03\/3-edited.png 1080w, https:\/\/internacional.ufpr.br\/portal\/wp-content\/uploads\/2026\/03\/3-edited-300x225.png 300w, https:\/\/internacional.ufpr.br\/portal\/wp-content\/uploads\/2026\/03\/3-edited-1024x768.png 1024w, https:\/\/internacional.ufpr.br\/portal\/wp-content\/uploads\/2026\/03\/3-edited-768x576.png 768w, https:\/\/internacional.ufpr.br\/portal\/wp-content\/uploads\/2026\/03\/3-edited-13x10.png 13w\" sizes=\"auto, (max-width: 1080px) 100vw, 1080px\" \/><figcaption class=\"wp-element-caption\">                Franc\u00eas:&nbsp;<br> <a href=\"mailto:aline.sumiya@redeisf.pro.br\">aline.sumiya@redeisf.pro.br<\/a><\/figcaption><\/figure>\n\n\n\n<figure class=\"wp-block-image size-large\"><img loading=\"lazy\" decoding=\"async\" width=\"1080\" height=\"810\" src=\"https:\/\/internacional.ufpr.br\/portal\/wp-content\/uploads\/2026\/03\/Untitled-design-1-edited.png\" alt=\"\" class=\"wp-image-12378\" srcset=\"https:\/\/internacional.ufpr.br\/portal\/wp-content\/uploads\/2026\/03\/Untitled-design-1-edited.png 1080w, https:\/\/internacional.ufpr.br\/portal\/wp-content\/uploads\/2026\/03\/Untitled-design-1-edited-300x225.png 300w, https:\/\/internacional.ufpr.br\/portal\/wp-content\/uploads\/2026\/03\/Untitled-design-1-edited-1024x768.png 1024w, https:\/\/internacional.ufpr.br\/portal\/wp-content\/uploads\/2026\/03\/Untitled-design-1-edited-768x576.png 768w, https:\/\/internacional.ufpr.br\/portal\/wp-content\/uploads\/2026\/03\/Untitled-design-1-edited-13x10.png 13w\" sizes=\"auto, (max-width: 1080px) 100vw, 1080px\" \/><figcaption class=\"wp-element-caption\">                  Ingl\u00eas:&nbsp;<br> <a href=\"adriana.brahim@redeisf.pro.br\">adriana.brahim@redeisf.pro.br<\/a><\/figcaption><\/figure>\n\n\n\n<figure class=\"wp-block-image size-large\"><img loading=\"lazy\" decoding=\"async\" width=\"1080\" height=\"810\" src=\"https:\/\/internacional.ufpr.br\/portal\/wp-content\/uploads\/2026\/03\/4-edited.png\" alt=\"\" class=\"wp-image-12379\" srcset=\"https:\/\/internacional.ufpr.br\/portal\/wp-content\/uploads\/2026\/03\/4-edited.png 1080w, https:\/\/internacional.ufpr.br\/portal\/wp-content\/uploads\/2026\/03\/4-edited-300x225.png 300w, https:\/\/internacional.ufpr.br\/portal\/wp-content\/uploads\/2026\/03\/4-edited-1024x768.png 1024w, https:\/\/internacional.ufpr.br\/portal\/wp-content\/uploads\/2026\/03\/4-edited-768x576.png 768w, https:\/\/internacional.ufpr.br\/portal\/wp-content\/uploads\/2026\/03\/4-edited-13x10.png 13w\" sizes=\"auto, (max-width: 1080px) 100vw, 1080px\" \/><figcaption class=\"wp-element-caption\">                Italiano: <a href=\"mailto:luciana.balthazar@redeisf.pro.br\">luciana.balthazar@redeisf.pro.br<\/a><\/figcaption><\/figure>\n\n\n\n<figure class=\"wp-block-image size-large\"><img loading=\"lazy\" decoding=\"async\" width=\"1080\" height=\"810\" src=\"https:\/\/internacional.ufpr.br\/portal\/wp-content\/uploads\/2026\/03\/2-edited.png\" alt=\"\" class=\"wp-image-12380\" srcset=\"https:\/\/internacional.ufpr.br\/portal\/wp-content\/uploads\/2026\/03\/2-edited.png 1080w, https:\/\/internacional.ufpr.br\/portal\/wp-content\/uploads\/2026\/03\/2-edited-300x225.png 300w, https:\/\/internacional.ufpr.br\/portal\/wp-content\/uploads\/2026\/03\/2-edited-1024x768.png 1024w, https:\/\/internacional.ufpr.br\/portal\/wp-content\/uploads\/2026\/03\/2-edited-768x576.png 768w, https:\/\/internacional.ufpr.br\/portal\/wp-content\/uploads\/2026\/03\/2-edited-13x10.png 13w\" sizes=\"auto, (max-width: 1080px) 100vw, 1080px\" \/><figcaption class=\"wp-element-caption\">                Japon\u00eas: <a href=\"mailto:luiz.gardenal@redeisf.pro.br\">luiz.gardenal@redeisf.pro.br<\/a><\/figcaption><\/figure>\n\n\n\n<figure class=\"wp-block-image size-large\"><img loading=\"lazy\" decoding=\"async\" width=\"1080\" height=\"810\" src=\"https:\/\/internacional.ufpr.br\/portal\/wp-content\/uploads\/2026\/03\/Untitled-design-2-1-edited.png\" alt=\"\" class=\"wp-image-12382\" srcset=\"https:\/\/internacional.ufpr.br\/portal\/wp-content\/uploads\/2026\/03\/Untitled-design-2-1-edited.png 1080w, https:\/\/internacional.ufpr.br\/portal\/wp-content\/uploads\/2026\/03\/Untitled-design-2-1-edited-300x225.png 300w, https:\/\/internacional.ufpr.br\/portal\/wp-content\/uploads\/2026\/03\/Untitled-design-2-1-edited-1024x768.png 1024w, https:\/\/internacional.ufpr.br\/portal\/wp-content\/uploads\/2026\/03\/Untitled-design-2-1-edited-768x576.png 768w, https:\/\/internacional.ufpr.br\/portal\/wp-content\/uploads\/2026\/03\/Untitled-design-2-1-edited-13x10.png 13w\" sizes=\"auto, (max-width: 1080px) 100vw, 1080px\" \/><figcaption class=\"wp-element-caption\"> Portugu\u00eas para estrangeiros: <a href=\"mailto:pollianna.milan@redeisf.pro.br\">pollianna.milan@redeisf.pro.br<\/a><\/figcaption><\/figure>\n<\/div>\n\n\n\n<div class=\"wp-block-column is-layout-flow wp-block-column-is-layout-flow\" style=\"flex-basis:2px\"><\/div>\n<\/div>\n<\/div>\n\n\n\n<div class=\"wp-block-column is-layout-flow wp-block-column-is-layout-flow\"><\/div>\n<\/div>\n\n\n\n<p><\/p>\n","protected":false},"excerpt":{"rendered":"<p>&#x1f5d3;&#xfe0f;Calend\u00e1rio do IsF: Oferta Local 1\u2192Inscri\u00e7\u00f5es: 2 a 7 de mar\u00e7o\u2192Per\u00edodo de aulas: 16\/03 a 11\/04 Oferta Local 2:\u2192Inscri\u00e7\u00f5es: 4 a 16 de junho\u2192Per\u00edodo de aulas: 22\/06 a 18\/07 Oferta Local 3:\u2192Inscri\u00e7\u00f5es: 6 a 18 de agosto\u2192 Per\u00edodo de aulas: 24\/08 a 19\/09 Oferta Local 4:\u2192Inscri\u00e7\u00f5es: 3 a 10 de novembro.\u2192Per\u00edodo de aulas: 16\/11 a [&hellip;]<\/p>\n","protected":false},"author":12,"featured_media":0,"parent":0,"menu_order":0,"comment_status":"closed","ping_status":"closed","template":"","meta":{"_acf_changed":false,"footnotes":""},"class_list":["post-23","page","type-page","status-publish","hentry"],"acf":[],"_links":{"self":[{"href":"https:\/\/internacional.ufpr.br\/portal\/wp-json\/wp\/v2\/pages\/23","targetHints":{"allow":["GET"]}}],"collection":[{"href":"https:\/\/internacional.ufpr.br\/portal\/wp-json\/wp\/v2\/pages"}],"about":[{"href":"https:\/\/internacional.ufpr.br\/portal\/wp-json\/wp\/v2\/types\/page"}],"author":[{"embeddable":true,"href":"https:\/\/internacional.ufpr.br\/portal\/wp-json\/wp\/v2\/users\/12"}],"replies":[{"embeddable":true,"href":"https:\/\/internacional.ufpr.br\/portal\/wp-json\/wp\/v2\/comments?post=23"}],"version-history":[{"count":38,"href":"https:\/\/internacional.ufpr.br\/portal\/wp-json\/wp\/v2\/pages\/23\/revisions"}],"predecessor-version":[{"id":12874,"href":"https:\/\/internacional.ufpr.br\/portal\/wp-json\/wp\/v2\/pages\/23\/revisions\/12874"}],"wp:attachment":[{"href":"https:\/\/internacional.ufpr.br\/portal\/wp-json\/wp\/v2\/media?parent=23"}],"curies":[{"name":"wp","href":"https:\/\/api.w.org\/{rel}","templated":true}]}}