{"id":198,"date":"2017-10-03T15:03:19","date_gmt":"2017-10-03T18:03:19","guid":{"rendered":"http:\/\/internacional.ufpr.br\/portal\/?page_id=198"},"modified":"2025-08-29T13:23:23","modified_gmt":"2025-08-29T16:23:23","slug":"cotutela","status":"publish","type":"page","link":"https:\/\/internacional.ufpr.br\/portal\/cotutela\/","title":{"rendered":"Acordos de Cotutela"},"content":{"rendered":"\n<div style=\"height:15px\" aria-hidden=\"true\" class=\"wp-block-spacer\"><\/div>\n\n\n\n<div style=\"height:15px\" aria-hidden=\"true\" class=\"wp-block-spacer\"><\/div>\n\n\n\n<div class=\"wp-block-columns is-layout-flex wp-container-core-columns-is-layout-9d6595d7 wp-block-columns-is-layout-flex\">\n<div class=\"wp-block-column is-layout-flow wp-block-column-is-layout-flow\" style=\"flex-basis:65%\">\n<p>Foi aprovada pelo Conselho de Ensino Pesquisa e Extens\u00e3o a&nbsp;Resolu\u00e7\u00e3o n\u00ba 12\/17-CEPE, que estabelece&nbsp;<strong>normas gerais \u00fanicas de Acordo de Cotutela<\/strong>&nbsp;na Universidade Federal do Paran\u00e1 .<\/p>\n\n\n\n<p>Esta resolu\u00e7\u00e3o, proposta pela PRPPG em conjunto com a&nbsp;Ag\u00eancia UFPR Internacional&nbsp;(AUI), busca aperfei\u00e7oar e agilizar os tr\u00e2mites burocr\u00e1ticos al\u00e9m de trazer transpar\u00eancia ao processo de cotutela internacional na UFPR.<\/p>\n\n\n\n<figure class=\"wp-block-image\"><a href=\"https:\/\/internacional.ufpr.br\/portal\/wp-content\/uploads\/2018\/02\/Sem-t\u00edtulo.png\" target=\"_blank\" rel=\"noreferrer noopener\"><img loading=\"lazy\" decoding=\"async\" width=\"970\" height=\"919\" src=\"http:\/\/internacional.ufpr.br\/portal\/wp-content\/uploads\/2018\/02\/Sem-t\u00edtulo.png\" alt=\"\" class=\"wp-image-720\"\/><\/a><\/figure>\n\n\n\n<p>Resolu\u00e7\u00e3o n\u00b012\/2017 &#8211; CEPE &#8211; Clique <a href=\"http:\/\/internacional.ufpr.br\/portal\/wp-content\/uploads\/2018\/04\/Resolu\u00e7\u00e3o-12-17-CEPE.pdf\" target=\"_blank\" rel=\"noopener\">aqui<\/a><\/p>\n\n\n\n<p>Instru\u00e7\u00f5es para pedido de Cotutela Internacional &#8211; clique <a href=\"http:\/\/www.prppg.ufpr.br\/site\/wp-content\/uploads\/2017\/06\/of--006-de-2017-instrues-para-pedido-de-cotutela-internacional.pdf\" target=\"_blank\" rel=\"noreferrer noopener\">aqui<\/a><\/p>\n\n\n\n<p>Minuta de Acordo de Cotutela &#8211; clique <a href=\"http:\/\/internacional.ufpr.br\/portal\/wp-content\/uploads\/2018\/04\/Minuta-de-Acordo-de-Cotutela.docx\" target=\"_blank\" rel=\"noopener\">aqui<\/a><\/p>\n<\/div>\n\n\n\n<div class=\"wp-block-column has-background is-layout-flow wp-block-column-is-layout-flow\" style=\"background-color:#f1f1f1;flex-basis:35%\">\n<div style=\"height:15px\" aria-hidden=\"true\" class=\"wp-block-spacer\"><\/div>\n\n\n\n<p><a href=\"https:\/\/internacional.ufpr.br\/portal\/acordos-cotutelas-e-mta\/\"><strong>&lt;&lt; Voltar \u00e0 <\/strong><\/a><a href=\"https:\/\/internacional.ufpr.br\/portal\/acordos-cotutelas-e-mta\/\"><strong>Acordos e Cotutelas<\/strong><\/a><\/p>\n\n\n\n<hr class=\"wp-block-separator has-text-color has-white-color has-alpha-channel-opacity has-white-background-color has-background\"\/>\n\n\n\n<h4 class=\"wp-block-heading\">Conhe\u00e7a<\/h4>\n\n\n\n<div class=\"wp-block-columns is-layout-flex wp-container-core-columns-is-layout-9d6595d7 wp-block-columns-is-layout-flex\">\n<div class=\"wp-block-column is-layout-flow wp-block-column-is-layout-flow\" style=\"flex-basis:1%\"><\/div>\n\n\n\n<div class=\"wp-block-column has-white-background-color has-background is-layout-flow wp-block-column-is-layout-flow\" style=\"flex-basis:98%\">\n<div style=\"height:25px\" aria-hidden=\"true\" class=\"wp-block-spacer\"><\/div>\n\n\n\n<div class=\"wp-block-columns is-not-stacked-on-mobile is-layout-flex wp-container-core-columns-is-layout-9d6595d7 wp-block-columns-is-layout-flex\">\n<div class=\"wp-block-column has-text-color has-link-color wp-elements-1c780bdafe43896e6a99505bfa873295 is-layout-flow wp-block-column-is-layout-flow\" style=\"color:#003c71\"><div class=\"wp-block-image is-style-default\">\n<figure class=\"aligncenter size-full is-resized\"><a href=\"https:\/\/internacional.ufpr.br\/portal\/acordos\/\"><img loading=\"lazy\" decoding=\"async\" width=\"512\" height=\"512\" src=\"https:\/\/internacional.ufpr.br\/portal\/wp-content\/uploads\/2025\/08\/Icone_Instrucoes_Verde_Eri.png\" alt=\"\" class=\"wp-image-10165\" style=\"object-fit:cover;width:70px;height:auto\" srcset=\"https:\/\/internacional.ufpr.br\/portal\/wp-content\/uploads\/2025\/08\/Icone_Instrucoes_Verde_Eri.png 512w, https:\/\/internacional.ufpr.br\/portal\/wp-content\/uploads\/2025\/08\/Icone_Instrucoes_Verde_Eri-300x300.png 300w, https:\/\/internacional.ufpr.br\/portal\/wp-content\/uploads\/2025\/08\/Icone_Instrucoes_Verde_Eri-150x150.png 150w, https:\/\/internacional.ufpr.br\/portal\/wp-content\/uploads\/2025\/08\/Icone_Instrucoes_Verde_Eri-10x10.png 10w\" sizes=\"auto, (max-width: 512px) 100vw, 512px\" \/><\/a><\/figure>\n<\/div>\n\n\n<p class=\"has-text-align-center has-text-color has-link-color wp-elements-960e0c493c09b3264d6a53b3221aedb0\" style=\"color:#0d518c;font-size:14px\"><strong><a href=\"https:\/\/internacional.ufpr.br\/portal\/acordos\/\">Como Propor<\/a><\/strong><\/p>\n<\/div>\n\n\n\n<div class=\"wp-block-column has-text-color has-link-color wp-elements-cd09a7102c1474fb1e22c1e1bcc76450 is-layout-flow wp-block-column-is-layout-flow\" style=\"color:#003c71\"><div class=\"wp-block-image is-style-default\">\n<figure class=\"aligncenter size-full is-resized\"><a href=\"https:\/\/internacional.ufpr.br\/portal\/acordos-vigentes\/\"><img loading=\"lazy\" decoding=\"async\" width=\"512\" height=\"512\" src=\"https:\/\/internacional.ufpr.br\/portal\/wp-content\/uploads\/2025\/07\/Icone_Parcerias_Verde_Eri.png\" alt=\"\" class=\"wp-image-9014\" style=\"object-fit:cover;width:70px;height:auto\" srcset=\"https:\/\/internacional.ufpr.br\/portal\/wp-content\/uploads\/2025\/07\/Icone_Parcerias_Verde_Eri.png 512w, https:\/\/internacional.ufpr.br\/portal\/wp-content\/uploads\/2025\/07\/Icone_Parcerias_Verde_Eri-300x300.png 300w, https:\/\/internacional.ufpr.br\/portal\/wp-content\/uploads\/2025\/07\/Icone_Parcerias_Verde_Eri-150x150.png 150w, https:\/\/internacional.ufpr.br\/portal\/wp-content\/uploads\/2025\/07\/Icone_Parcerias_Verde_Eri-10x10.png 10w\" sizes=\"auto, (max-width: 512px) 100vw, 512px\" \/><\/a><\/figure>\n<\/div>\n\n\n<p class=\"has-text-align-center has-text-color has-link-color wp-elements-650909359624e9f0f848220f824b8ee7\" style=\"color:#0d518c;font-size:14px\"><strong><a href=\"https:\/\/internacional.ufpr.br\/portal\/acordos-vigentes\/\">Acordos Vigentes<\/a><\/strong><\/p>\n<\/div>\n<\/div>\n\n\n\n<div class=\"wp-block-columns is-not-stacked-on-mobile is-layout-flex wp-container-core-columns-is-layout-9d6595d7 wp-block-columns-is-layout-flex\">\n<div class=\"wp-block-column has-text-color has-link-color wp-elements-aeb033da9126d73073a49ed3916c16a4 is-layout-flow wp-block-column-is-layout-flow\" style=\"color:#003c71\"><div class=\"wp-block-image is-style-default\">\n<figure class=\"aligncenter size-full is-resized\"><a href=\"https:\/\/internacional.ufpr.br\/portal\/cotutela\/\"><img loading=\"lazy\" decoding=\"async\" width=\"512\" height=\"512\" src=\"https:\/\/internacional.ufpr.br\/portal\/wp-content\/uploads\/2025\/08\/Icone_AcordosCotutela.png\" alt=\"\" class=\"wp-image-10170\" style=\"object-fit:cover;width:70px;height:auto\" srcset=\"https:\/\/internacional.ufpr.br\/portal\/wp-content\/uploads\/2025\/08\/Icone_AcordosCotutela.png 512w, https:\/\/internacional.ufpr.br\/portal\/wp-content\/uploads\/2025\/08\/Icone_AcordosCotutela-300x300.png 300w, https:\/\/internacional.ufpr.br\/portal\/wp-content\/uploads\/2025\/08\/Icone_AcordosCotutela-150x150.png 150w, https:\/\/internacional.ufpr.br\/portal\/wp-content\/uploads\/2025\/08\/Icone_AcordosCotutela-10x10.png 10w\" sizes=\"auto, (max-width: 512px) 100vw, 512px\" \/><\/a><\/figure>\n<\/div>\n\n\n<p class=\"has-text-align-center has-text-color has-link-color wp-elements-8fd52789a0bdadd5979edc18025e2358\" style=\"color:#0d518c;font-size:14px\"><strong><a href=\"https:\/\/internacional.ufpr.br\/portal\/cotutela\/\">Acordos de Cotutela<\/a><\/strong><\/p>\n<\/div>\n\n\n\n<div class=\"wp-block-column has-text-color has-link-color wp-elements-33febc1f5dac4587c58fb0d60ac0e242 is-layout-flow wp-block-column-is-layout-flow\" style=\"color:#003c71\"><div class=\"wp-block-image is-style-default\">\n<figure class=\"aligncenter size-full is-resized\"><a href=\"https:\/\/internacional.ufpr.br\/portal\/duplo-diploma\/\"><img loading=\"lazy\" decoding=\"async\" width=\"512\" height=\"512\" src=\"https:\/\/internacional.ufpr.br\/portal\/wp-content\/uploads\/2025\/07\/Icone_DuploDiploma_Verde_Eri.png\" alt=\"\" class=\"wp-image-9047\" style=\"object-fit:cover;width:70px;height:auto\" srcset=\"https:\/\/internacional.ufpr.br\/portal\/wp-content\/uploads\/2025\/07\/Icone_DuploDiploma_Verde_Eri.png 512w, https:\/\/internacional.ufpr.br\/portal\/wp-content\/uploads\/2025\/07\/Icone_DuploDiploma_Verde_Eri-300x300.png 300w, https:\/\/internacional.ufpr.br\/portal\/wp-content\/uploads\/2025\/07\/Icone_DuploDiploma_Verde_Eri-150x150.png 150w, https:\/\/internacional.ufpr.br\/portal\/wp-content\/uploads\/2025\/07\/Icone_DuploDiploma_Verde_Eri-10x10.png 10w\" sizes=\"auto, (max-width: 512px) 100vw, 512px\" \/><\/a><\/figure>\n<\/div>\n\n\n<p class=\"has-text-align-center has-text-color has-link-color wp-elements-6dc734f591ddcd83427dba5ada4b9634\" style=\"color:#0d518c;font-size:14px\"><strong><a href=\"https:\/\/internacional.ufpr.br\/portal\/duplo-diploma\/\">Dupla Diploma\u00e7\u00e3o<\/a><\/strong><\/p>\n<\/div>\n<\/div>\n\n\n\n<div class=\"wp-block-columns is-layout-flex wp-container-core-columns-is-layout-9d6595d7 wp-block-columns-is-layout-flex\">\n<div class=\"wp-block-column has-text-color has-link-color wp-elements-993e5c93c6aa94063c3d78f42eef86cc is-layout-flow wp-block-column-is-layout-flow\" style=\"color:#003c71\"><div class=\"wp-block-image is-style-default\">\n<figure class=\"aligncenter size-full is-resized\"><a href=\"https:\/\/internacional.ufpr.br\/portal\/perguntas-frequentes-faq\/#acordos\"><img loading=\"lazy\" decoding=\"async\" width=\"512\" height=\"512\" src=\"https:\/\/internacional.ufpr.br\/portal\/wp-content\/uploads\/2025\/08\/Icone_PergutasFrequentes_Verde_Eri.png\" alt=\"\" class=\"wp-image-9212\" style=\"object-fit:cover;width:70px;height:auto\" srcset=\"https:\/\/internacional.ufpr.br\/portal\/wp-content\/uploads\/2025\/08\/Icone_PergutasFrequentes_Verde_Eri.png 512w, https:\/\/internacional.ufpr.br\/portal\/wp-content\/uploads\/2025\/08\/Icone_PergutasFrequentes_Verde_Eri-300x300.png 300w, https:\/\/internacional.ufpr.br\/portal\/wp-content\/uploads\/2025\/08\/Icone_PergutasFrequentes_Verde_Eri-150x150.png 150w, https:\/\/internacional.ufpr.br\/portal\/wp-content\/uploads\/2025\/08\/Icone_PergutasFrequentes_Verde_Eri-10x10.png 10w\" sizes=\"auto, (max-width: 512px) 100vw, 512px\" \/><\/a><\/figure>\n<\/div>\n\n\n<p class=\"has-text-align-center has-text-color has-link-color wp-elements-480e20815d66e013000831865484895c\" style=\"color:#0d518c;font-size:14px\"><a href=\"https:\/\/internacional.ufpr.br\/portal\/perguntas-frequentes-faq\/#acordos\"><strong>Perguntas Frequentes <\/strong><br><strong>FAQ<\/strong><\/a><\/p>\n<\/div>\n<\/div>\n<\/div>\n\n\n\n<div class=\"wp-block-column is-layout-flow wp-block-column-is-layout-flow\" style=\"flex-basis:1%\"><\/div>\n<\/div>\n<\/div>\n<\/div>\n\n\n\n<p><\/p>\n","protected":false},"excerpt":{"rendered":"<p>Foi aprovada pelo Conselho de Ensino Pesquisa e Extens\u00e3o a&nbsp;Resolu\u00e7\u00e3o n\u00ba 12\/17-CEPE, que estabelece&nbsp;normas gerais \u00fanicas de Acordo de Cotutela&nbsp;na Universidade Federal do Paran\u00e1 . Esta resolu\u00e7\u00e3o, proposta pela PRPPG em conjunto com a&nbsp;Ag\u00eancia UFPR Internacional&nbsp;(AUI), busca aperfei\u00e7oar e agilizar os tr\u00e2mites burocr\u00e1ticos al\u00e9m de trazer transpar\u00eancia ao processo de cotutela internacional na UFPR. Resolu\u00e7\u00e3o [&hellip;]<\/p>\n","protected":false},"author":12,"featured_media":0,"parent":0,"menu_order":0,"comment_status":"closed","ping_status":"closed","template":"","meta":{"_acf_changed":false,"footnotes":""},"class_list":["post-198","page","type-page","status-publish","hentry"],"acf":[],"_links":{"self":[{"href":"https:\/\/internacional.ufpr.br\/portal\/wp-json\/wp\/v2\/pages\/198","targetHints":{"allow":["GET"]}}],"collection":[{"href":"https:\/\/internacional.ufpr.br\/portal\/wp-json\/wp\/v2\/pages"}],"about":[{"href":"https:\/\/internacional.ufpr.br\/portal\/wp-json\/wp\/v2\/types\/page"}],"author":[{"embeddable":true,"href":"https:\/\/internacional.ufpr.br\/portal\/wp-json\/wp\/v2\/users\/12"}],"replies":[{"embeddable":true,"href":"https:\/\/internacional.ufpr.br\/portal\/wp-json\/wp\/v2\/comments?post=198"}],"version-history":[{"count":12,"href":"https:\/\/internacional.ufpr.br\/portal\/wp-json\/wp\/v2\/pages\/198\/revisions"}],"predecessor-version":[{"id":10206,"href":"https:\/\/internacional.ufpr.br\/portal\/wp-json\/wp\/v2\/pages\/198\/revisions\/10206"}],"wp:attachment":[{"href":"https:\/\/internacional.ufpr.br\/portal\/wp-json\/wp\/v2\/media?parent=198"}],"curies":[{"name":"wp","href":"https:\/\/api.w.org\/{rel}","templated":true}]}}