{"id":188,"date":"2017-10-03T14:55:08","date_gmt":"2017-10-03T17:55:08","guid":{"rendered":"http:\/\/internacional.ufpr.br\/portal\/?page_id=188"},"modified":"2025-09-24T16:18:15","modified_gmt":"2025-09-24T19:18:15","slug":"about-ufpr","status":"publish","type":"page","link":"https:\/\/internacional.ufpr.br\/portal\/about-ufpr\/","title":{"rendered":"About UFPR"},"content":{"rendered":"\n<div style=\"height:15px\" aria-hidden=\"true\" class=\"wp-block-spacer\"><\/div>\n\n\n\n<div class=\"wp-block-columns is-layout-flex wp-container-core-columns-is-layout-9d6595d7 wp-block-columns-is-layout-flex\">\n<div class=\"wp-block-column has-background is-layout-flow wp-block-column-is-layout-flow\" style=\"background-color:#f1f1f1;flex-basis:40%\">\n<div style=\"height:15px\" aria-hidden=\"true\" class=\"wp-block-spacer\"><\/div>\n\n\n\n<hr class=\"wp-block-separator has-text-color has-white-color has-alpha-channel-opacity has-white-background-color has-background\"\/>\n\n\n\n<div class=\"wp-block-columns is-layout-flex wp-container-core-columns-is-layout-9d6595d7 wp-block-columns-is-layout-flex\">\n<div class=\"wp-block-column is-layout-flow wp-block-column-is-layout-flow\" style=\"flex-basis:1%\"><\/div>\n\n\n\n<div class=\"wp-block-column has-white-background-color has-background is-layout-flow wp-block-column-is-layout-flow\" style=\"flex-basis:98%\">\n<div style=\"height:25px\" aria-hidden=\"true\" class=\"wp-block-spacer\"><\/div>\n\n\n\n<div class=\"wp-block-columns is-not-stacked-on-mobile is-layout-flex wp-container-core-columns-is-layout-9d6595d7 wp-block-columns-is-layout-flex\">\n<div class=\"wp-block-column has-text-color has-link-color wp-elements-f95bbd23eb820eebac30b6582802f1c1 is-layout-flow wp-block-column-is-layout-flow\" style=\"color:#003c71\"><div class=\"wp-block-image is-style-default\">\n<figure class=\"aligncenter size-full is-resized\"><a href=\"#about-ufpr\"><img loading=\"lazy\" decoding=\"async\" width=\"512\" height=\"512\" src=\"https:\/\/internacional.ufpr.br\/portal\/wp-content\/uploads\/2025\/08\/Icone_NossaHistoria_Verde_Eri.png\" alt=\"\" class=\"wp-image-10270\" style=\"object-fit:cover;width:70px;height:auto\" srcset=\"https:\/\/internacional.ufpr.br\/portal\/wp-content\/uploads\/2025\/08\/Icone_NossaHistoria_Verde_Eri.png 512w, https:\/\/internacional.ufpr.br\/portal\/wp-content\/uploads\/2025\/08\/Icone_NossaHistoria_Verde_Eri-300x300.png 300w, https:\/\/internacional.ufpr.br\/portal\/wp-content\/uploads\/2025\/08\/Icone_NossaHistoria_Verde_Eri-150x150.png 150w, https:\/\/internacional.ufpr.br\/portal\/wp-content\/uploads\/2025\/08\/Icone_NossaHistoria_Verde_Eri-10x10.png 10w\" sizes=\"auto, (max-width: 512px) 100vw, 512px\" \/><\/a><\/figure>\n<\/div>\n\n\n<p class=\"has-text-align-center has-text-color has-link-color wp-elements-ceaa4b650bc62b1e90ce8cbaf397c586\" style=\"color:#0d518c;font-size:14px\"><strong><a href=\"#about-ufpr\">About UFPR<\/a><\/strong><\/p>\n<\/div>\n\n\n\n<div class=\"wp-block-column has-text-color has-link-color wp-elements-225231053a8f4a02fc46e775f0d5dc5c is-layout-flow wp-block-column-is-layout-flow\" style=\"color:#003c71\"><div class=\"wp-block-image is-style-default\">\n<figure class=\"aligncenter size-full is-resized\"><a href=\"https:\/\/internacional.ufpr.br\/portal\/application-procedures\/\"><img loading=\"lazy\" decoding=\"async\" width=\"512\" height=\"512\" src=\"https:\/\/internacional.ufpr.br\/portal\/wp-content\/uploads\/2025\/08\/Icone_Instrucoes_Verde_Eri.png\" alt=\"\" class=\"wp-image-10165\" style=\"object-fit:cover;width:70px;height:auto\" srcset=\"https:\/\/internacional.ufpr.br\/portal\/wp-content\/uploads\/2025\/08\/Icone_Instrucoes_Verde_Eri.png 512w, https:\/\/internacional.ufpr.br\/portal\/wp-content\/uploads\/2025\/08\/Icone_Instrucoes_Verde_Eri-300x300.png 300w, https:\/\/internacional.ufpr.br\/portal\/wp-content\/uploads\/2025\/08\/Icone_Instrucoes_Verde_Eri-150x150.png 150w, https:\/\/internacional.ufpr.br\/portal\/wp-content\/uploads\/2025\/08\/Icone_Instrucoes_Verde_Eri-10x10.png 10w\" sizes=\"auto, (max-width: 512px) 100vw, 512px\" \/><\/a><\/figure>\n<\/div>\n\n\n<p class=\"has-text-align-center has-text-color has-link-color wp-elements-68a1d06f4c5de1a665fbd70ccfb959fd\" style=\"color:#0d518c;font-size:14px\"><strong><a href=\"https:\/\/internacional.ufpr.br\/portal\/application-procedures\/\">Application <\/a><\/strong><br><strong><a href=\"https:\/\/internacional.ufpr.br\/portal\/application-procedures\/\">Procedures<\/a><\/strong><\/p>\n<\/div>\n<\/div>\n\n\n\n<div class=\"wp-block-columns is-not-stacked-on-mobile is-layout-flex wp-container-core-columns-is-layout-9d6595d7 wp-block-columns-is-layout-flex\">\n<div class=\"wp-block-column has-text-color has-link-color wp-elements-bc484442ac58868e2c085938fc7cbd31 is-layout-flow wp-block-column-is-layout-flow\" style=\"color:#003c71\"><div class=\"wp-block-image is-style-default\">\n<figure class=\"aligncenter size-full is-resized\"><a href=\"https:\/\/internacional.ufpr.br\/portal\/pec-g\/\"><img loading=\"lazy\" decoding=\"async\" width=\"512\" height=\"374\" src=\"https:\/\/internacional.ufpr.br\/portal\/wp-content\/uploads\/2025\/08\/PEC_G_PLE.png\" alt=\"\" class=\"wp-image-9190\" style=\"object-fit:cover;width:70px;height:auto\" srcset=\"https:\/\/internacional.ufpr.br\/portal\/wp-content\/uploads\/2025\/08\/PEC_G_PLE.png 512w, https:\/\/internacional.ufpr.br\/portal\/wp-content\/uploads\/2025\/08\/PEC_G_PLE-300x219.png 300w, https:\/\/internacional.ufpr.br\/portal\/wp-content\/uploads\/2025\/08\/PEC_G_PLE-14x10.png 14w\" sizes=\"auto, (max-width: 512px) 100vw, 512px\" \/><\/a><\/figure>\n<\/div>\n\n\n<p class=\"has-text-align-center has-text-color has-link-color wp-elements-ccbb6c962c7b3dea4405f079395d2a2e\" style=\"color:#0d518c;font-size:14px\"><strong><a href=\"https:\/\/internacional.ufpr.br\/portal\/pec-g\/\">Programa PEC-G e <\/a><\/strong><br><strong><a href=\"https:\/\/internacional.ufpr.br\/portal\/pec-g\/\">PEC-PLE<\/a><\/strong><\/p>\n<\/div>\n\n\n\n<div class=\"wp-block-column has-text-color has-link-color wp-elements-8cba445e4f1f6fddd52ac52054b3b6a7 is-layout-flow wp-block-column-is-layout-flow\" style=\"color:#003c71\"><div class=\"wp-block-image is-style-default\">\n<figure class=\"aligncenter size-full is-resized\"><a href=\"https:\/\/internacional.ufpr.br\/portal\/informacoes-para-estrangeiros\/\"><img loading=\"lazy\" decoding=\"async\" width=\"512\" height=\"512\" src=\"https:\/\/internacional.ufpr.br\/portal\/wp-content\/uploads\/2025\/08\/Icone_AcessoInformacao_Verde_Eri.png\" alt=\"\" class=\"wp-image-10274\" style=\"object-fit:cover;width:70px;height:auto\" srcset=\"https:\/\/internacional.ufpr.br\/portal\/wp-content\/uploads\/2025\/08\/Icone_AcessoInformacao_Verde_Eri.png 512w, https:\/\/internacional.ufpr.br\/portal\/wp-content\/uploads\/2025\/08\/Icone_AcessoInformacao_Verde_Eri-300x300.png 300w, https:\/\/internacional.ufpr.br\/portal\/wp-content\/uploads\/2025\/08\/Icone_AcessoInformacao_Verde_Eri-150x150.png 150w, https:\/\/internacional.ufpr.br\/portal\/wp-content\/uploads\/2025\/08\/Icone_AcessoInformacao_Verde_Eri-10x10.png 10w\" sizes=\"auto, (max-width: 512px) 100vw, 512px\" \/><\/a><\/figure>\n<\/div>\n\n\n<p class=\"has-text-align-center has-text-color has-link-color wp-elements-bd05b2b913439cf832db29f4426277d4\" style=\"color:#0d518c;font-size:14px\"><strong><a href=\"https:\/\/internacional.ufpr.br\/portal\/informacoes-para-estrangeiros\/\">Informa\u00e7\u00f5es para <\/a><\/strong><br><strong><a href=\"https:\/\/internacional.ufpr.br\/portal\/informacoes-para-estrangeiros\/\">Estrangeiros<\/a><\/strong><\/p>\n<\/div>\n<\/div>\n\n\n\n<div class=\"wp-block-columns is-not-stacked-on-mobile is-layout-flex wp-container-core-columns-is-layout-9d6595d7 wp-block-columns-is-layout-flex\">\n<div class=\"wp-block-column has-text-color has-link-color wp-elements-3a68bc70aa239c3c85d5fa4b99805138 is-layout-flow wp-block-column-is-layout-flow\" style=\"color:#003c71\"><div class=\"wp-block-image is-style-default\">\n<figure class=\"aligncenter size-full is-resized\" id=\"topo\"><a href=\"https:\/\/internacional.ufpr.br\/portal\/vestibular-do-refugiado\/\"><img loading=\"lazy\" decoding=\"async\" width=\"512\" height=\"512\" src=\"https:\/\/internacional.ufpr.br\/portal\/wp-content\/uploads\/2025\/08\/Icone_ProcessoSeletivo_Verde_Eri.png\" alt=\"\" class=\"wp-image-9237\" style=\"object-fit:cover;width:70px;height:70px\" srcset=\"https:\/\/internacional.ufpr.br\/portal\/wp-content\/uploads\/2025\/08\/Icone_ProcessoSeletivo_Verde_Eri.png 512w, https:\/\/internacional.ufpr.br\/portal\/wp-content\/uploads\/2025\/08\/Icone_ProcessoSeletivo_Verde_Eri-300x300.png 300w, https:\/\/internacional.ufpr.br\/portal\/wp-content\/uploads\/2025\/08\/Icone_ProcessoSeletivo_Verde_Eri-150x150.png 150w, https:\/\/internacional.ufpr.br\/portal\/wp-content\/uploads\/2025\/08\/Icone_ProcessoSeletivo_Verde_Eri-10x10.png 10w\" sizes=\"auto, (max-width: 512px) 100vw, 512px\" \/><\/a><\/figure>\n<\/div>\n\n\n<p class=\"has-text-align-center has-text-color has-link-color wp-elements-6c6e64709375b6398e7c8ebb7e80943b\" style=\"color:#0d518c;font-size:14px\"><strong><a href=\"https:\/\/internacional.ufpr.br\/portal\/vestibular-do-refugiado\/\">Vestibular do <\/a><\/strong><br><strong><a href=\"https:\/\/internacional.ufpr.br\/portal\/vestibular-do-refugiado\/\">Refugiado<\/a><\/strong><\/p>\n<\/div>\n\n\n\n<div class=\"wp-block-column has-text-color has-link-color wp-elements-69261cad99d2506e0b40bfd83864e970 is-layout-flow wp-block-column-is-layout-flow\" style=\"color:#003c71\"><div class=\"wp-block-image is-style-default\">\n<figure class=\"aligncenter size-full is-resized\"><a href=\"https:\/\/internacional.ufpr.br\/portal\/grading-system\/\"><img loading=\"lazy\" decoding=\"async\" width=\"512\" height=\"512\" src=\"https:\/\/internacional.ufpr.br\/portal\/wp-content\/uploads\/2025\/08\/Icone_NotasABC_Verde_Eri.png\" alt=\"\" class=\"wp-image-10279\" style=\"object-fit:cover;width:70px;height:auto\" srcset=\"https:\/\/internacional.ufpr.br\/portal\/wp-content\/uploads\/2025\/08\/Icone_NotasABC_Verde_Eri.png 512w, https:\/\/internacional.ufpr.br\/portal\/wp-content\/uploads\/2025\/08\/Icone_NotasABC_Verde_Eri-300x300.png 300w, https:\/\/internacional.ufpr.br\/portal\/wp-content\/uploads\/2025\/08\/Icone_NotasABC_Verde_Eri-150x150.png 150w, https:\/\/internacional.ufpr.br\/portal\/wp-content\/uploads\/2025\/08\/Icone_NotasABC_Verde_Eri-10x10.png 10w\" sizes=\"auto, (max-width: 512px) 100vw, 512px\" \/><\/a><\/figure>\n<\/div>\n\n\n<p class=\"has-text-align-center has-text-color has-link-color wp-elements-8cc09389fc891db873572d7201c04513\" style=\"color:#0d518c;font-size:14px\"><strong><a href=\"https:\/\/internacional.ufpr.br\/portal\/grading-system\/\">Grading System<\/a><\/strong><\/p>\n<\/div>\n<\/div>\n\n\n\n<div class=\"wp-block-columns is-not-stacked-on-mobile is-layout-flex wp-container-core-columns-is-layout-9d6595d7 wp-block-columns-is-layout-flex\">\n<div class=\"wp-block-column has-text-color has-link-color wp-elements-1edb6f9b433ec22f7e46d3200e00835a is-layout-flow wp-block-column-is-layout-flow\" style=\"color:#003c71\"><div class=\"wp-block-image is-style-default\">\n<figure class=\"aligncenter size-full is-resized\" id=\"topo\"><a href=\"https:\/\/internacional.ufpr.br\/portal\/acolhimento-e-trajetorias-academicas\/\"><img loading=\"lazy\" decoding=\"async\" width=\"512\" height=\"512\" src=\"https:\/\/internacional.ufpr.br\/portal\/wp-content\/uploads\/2025\/08\/Icone_Recepcao.png\" alt=\"\" class=\"wp-image-9235\" style=\"object-fit:cover;width:80px;height:80px\" srcset=\"https:\/\/internacional.ufpr.br\/portal\/wp-content\/uploads\/2025\/08\/Icone_Recepcao.png 512w, https:\/\/internacional.ufpr.br\/portal\/wp-content\/uploads\/2025\/08\/Icone_Recepcao-300x300.png 300w, https:\/\/internacional.ufpr.br\/portal\/wp-content\/uploads\/2025\/08\/Icone_Recepcao-150x150.png 150w, https:\/\/internacional.ufpr.br\/portal\/wp-content\/uploads\/2025\/08\/Icone_Recepcao-10x10.png 10w\" sizes=\"auto, (max-width: 512px) 100vw, 512px\" \/><\/a><\/figure>\n<\/div>\n\n\n<p class=\"has-text-align-center has-text-color has-link-color wp-elements-310da2d0b00a0349ce6b634c37166837\" style=\"color:#0d518c;font-size:14px\"><strong><a href=\"https:\/\/internacional.ufpr.br\/portal\/acolhimento-e-trajetorias-academicas\/\"><strong>Acolhimento e <\/strong><br><strong>Trajet\u00f3rias Acad\u00eamicas<\/strong><\/a><\/strong><\/p>\n<\/div>\n\n\n\n<div class=\"wp-block-column has-text-color has-link-color wp-elements-131975e6a28c46ab8377e3b54a2ce621 is-layout-flow wp-block-column-is-layout-flow\" style=\"color:#003c71\"><div class=\"wp-block-image is-style-default\">\n<figure class=\"aligncenter size-full is-resized\"><a href=\"https:\/\/internacional.ufpr.br\/portal\/perguntas-frequentes-faq\/\"><img loading=\"lazy\" decoding=\"async\" width=\"512\" height=\"512\" src=\"https:\/\/internacional.ufpr.br\/portal\/wp-content\/uploads\/2025\/08\/Icone_PergutasFrequentes_Verde_Eri.png\" alt=\"\" class=\"wp-image-9212\" style=\"object-fit:cover;width:70px;height:auto\" srcset=\"https:\/\/internacional.ufpr.br\/portal\/wp-content\/uploads\/2025\/08\/Icone_PergutasFrequentes_Verde_Eri.png 512w, https:\/\/internacional.ufpr.br\/portal\/wp-content\/uploads\/2025\/08\/Icone_PergutasFrequentes_Verde_Eri-300x300.png 300w, https:\/\/internacional.ufpr.br\/portal\/wp-content\/uploads\/2025\/08\/Icone_PergutasFrequentes_Verde_Eri-150x150.png 150w, https:\/\/internacional.ufpr.br\/portal\/wp-content\/uploads\/2025\/08\/Icone_PergutasFrequentes_Verde_Eri-10x10.png 10w\" sizes=\"auto, (max-width: 512px) 100vw, 512px\" \/><\/a><\/figure>\n<\/div>\n\n\n<p class=\"has-text-align-center has-text-color has-link-color wp-elements-71265432811191c9edb4c933daad0d00\" style=\"color:#0d518c;font-size:14px\"><a href=\"https:\/\/internacional.ufpr.br\/portal\/perguntas-frequentes-faq\/\"><strong>Perguntas Frequentes <\/strong><br><strong>FAQ<\/strong><\/a><\/p>\n<\/div>\n<\/div>\n\n\n\n<div class=\"wp-block-columns is-not-stacked-on-mobile is-layout-flex wp-container-core-columns-is-layout-9d6595d7 wp-block-columns-is-layout-flex\">\n<div class=\"wp-block-column has-text-color has-link-color wp-elements-b19ba5e68dbf8bc7e2d8b724d2fd00c5 is-layout-flow wp-block-column-is-layout-flow\" style=\"color:#003c71\"><div class=\"wp-block-image is-style-default\">\n<figure class=\"aligncenter size-full is-resized\"><img loading=\"lazy\" decoding=\"async\" width=\"512\" height=\"512\" src=\"https:\/\/internacional.ufpr.br\/portal\/wp-content\/uploads\/2025\/09\/Icone_FAQ_Verde_Eri.png\" alt=\"\" class=\"wp-image-10626\" style=\"object-fit:cover;width:70px;height:auto\" srcset=\"https:\/\/internacional.ufpr.br\/portal\/wp-content\/uploads\/2025\/09\/Icone_FAQ_Verde_Eri.png 512w, https:\/\/internacional.ufpr.br\/portal\/wp-content\/uploads\/2025\/09\/Icone_FAQ_Verde_Eri-300x300.png 300w, https:\/\/internacional.ufpr.br\/portal\/wp-content\/uploads\/2025\/09\/Icone_FAQ_Verde_Eri-150x150.png 150w, https:\/\/internacional.ufpr.br\/portal\/wp-content\/uploads\/2025\/09\/Icone_FAQ_Verde_Eri-10x10.png 10w\" sizes=\"auto, (max-width: 512px) 100vw, 512px\" \/><\/figure>\n<\/div>\n\n\n<p class=\"has-text-align-center has-text-color has-link-color wp-elements-3d48c27fdea1ea93cee8f33fedc2d967\" style=\"color:#0d518c;font-size:14px\"><a href=\"https:\/\/internacional.ufpr.br\/portal\/frequently-asked-questions-faq\/\"><strong>Frequently Asked Questions <\/strong><br><strong>FAQ<\/strong><\/a><\/p>\n<\/div>\n<\/div>\n<\/div>\n\n\n\n<div class=\"wp-block-column is-layout-flow wp-block-column-is-layout-flow\" style=\"flex-basis:1%\"><\/div>\n<\/div>\n<\/div>\n\n\n\n<div class=\"wp-block-column is-layout-flow wp-block-column-is-layout-flow\" style=\"flex-basis:60%\">\n<h4 class=\"wp-block-heading\" id=\"about-ufpr\">UFPR<\/h4>\n\n\n\n<p>Universidade Federal do Paran\u00e1 (UFPR), established in 1912, is a symbol of Curitiba, the capital city of the state of Paran\u00e1. It is one of the Top Ten Brazilian universities by any standard and stands among the 25 most prestigious in Latin America. UFPR is deeply commited to education, science, technology, innovation, culture and citizenship in benefit of the people of Paran\u00e1.<\/p>\n\n\n\n<p>UFPR is a comprehensive public institution of higher education, financed in part by the federal budget, especially at the undergraduate level, as well as through federal and state research agencies and partnerships with the industries, both public and private, at the graduate level, research and the third mission.<\/p>\n\n\n\n<p>UFPR is present in Curitiba, with five campuses, and in five cities in distinctive regions os Paran\u00e1, and comprises 14 academic units, responsible for undergraduate and graduate degrees, as well as diverse professional training positions, e.g. medical, multi health professional and veterinary residency programs.<\/p>\n\n\n\n<p>Faculty and staff are among the most prestigious, with 2,450 tenure holding professors, 70% of them holding a doctoral degree. Our scientists publish over 15,000 scientific products annually and are responsible for more than 395 pending patents.<\/p>\n\n\n\n<p>OPPORTUNITIES<\/p>\n\n\n\n<p>Education at UFPR focuses on both theory and practical skills. Students obtain experiences which will helpp them in their future professional life. Several evaluations rank UFPR as best for market placement in the pursuit of a career.<\/p>\n\n\n\n<p>Laboratories in-house and in-partnership are available to students of all schools. In human health sciences, the University holds one general hospital and one martenity hospital, one health promotion unit and partnerships with state and municipal government health hospitals and different experimental farms for animal care, welfare, handling and development.<\/p>\n\n\n\n<p>MEDICAL CARE<\/p>\n\n\n\n<p>The UFPR student may have basic medical care in the areas of dentistry, gynecology, psychiatry and medical clinics at any time during the school year.<\/p>\n\n\n\n<p>SPORTS ACTIVITIES<\/p>\n\n\n\n<p>UFPR encourages sports and leisure practices. Students are encouraged to take part in sports teams to represent the UFPR in University competitions. In the beginning of each school period, the best athletes are selected to take part in our sport teams.<\/p>\n\n\n\n<p>PORTUGUESE AS A FOREIGN LANGUAGE<\/p>\n\n\n\n<p>UFPR holds a Center for Language and Interculturalism &#8211; CELIN and offers Portuguese as a foreign language in modules of 90 hours each, from basic to advanced levels.<\/p>\n\n\n\n<p>INTEGRATION OF INTERNATIONAL STUDENTS<\/p>\n\n\n\n<p>INTEGRATE UFPR is a project dedicated to improving the hosting of international students. It comprises four lines of action: SUPPORT, INCLUDE, HOST and LODGE.<\/p>\n\n\n\n<p>Support involves local students volunteers selected by project coordinator, functioning as student mentors to the exchange students from the moment they arrive. Help is extended from simple chores, as opening a bank account, chose housing, to more academic tasks.<\/p>\n\n\n\n<p>Student monitors organize meetings with undergraduate and graduate exchange students at different UFPR campuses, and thus foster inclusion.<\/p>\n\n\n\n<p>The outer and inner communities of UFPR offer lodging with charge to exchange students.<\/p>\n\n\n\n<h2 class=\"wp-block-heading\">Undergraduate Programs<\/h2>\n\n\n\n<figure class=\"wp-block-gallery has-nested-images columns-default is-cropped wp-block-gallery-1 is-layout-flex wp-block-gallery-is-layout-flex\">\n<figure class=\"wp-block-image size-large\"><img loading=\"lazy\" decoding=\"async\" width=\"791\" height=\"1024\" data-id=\"6636\" src=\"https:\/\/internacional.ufpr.br\/portal\/wp-content\/uploads\/2023\/09\/undergraduate_programs-Sheet1-4-pdf-791x1024.jpg\" alt=\"\" class=\"wp-image-6636\"\/><\/figure>\n<\/figure>\n\n\n\n<p><\/p>\n<\/div>\n<\/div>\n\n\n\n<p><\/p>\n","protected":false},"excerpt":{"rendered":"<p>About UFPR Application Procedures Programa PEC-G e PEC-PLE Informa\u00e7\u00f5es para Estrangeiros Vestibular do Refugiado Grading System Acolhimento e Trajet\u00f3rias Acad\u00eamicas Perguntas Frequentes FAQ Frequently Asked Questions FAQ UFPR Universidade Federal do Paran\u00e1 (UFPR), established in 1912, is a symbol of Curitiba, the capital city of the state of Paran\u00e1. It is one of the Top [&hellip;]<\/p>\n","protected":false},"author":12,"featured_media":0,"parent":0,"menu_order":0,"comment_status":"closed","ping_status":"closed","template":"","meta":{"_acf_changed":false,"footnotes":""},"class_list":["post-188","page","type-page","status-publish","hentry"],"acf":[],"_links":{"self":[{"href":"https:\/\/internacional.ufpr.br\/portal\/wp-json\/wp\/v2\/pages\/188","targetHints":{"allow":["GET"]}}],"collection":[{"href":"https:\/\/internacional.ufpr.br\/portal\/wp-json\/wp\/v2\/pages"}],"about":[{"href":"https:\/\/internacional.ufpr.br\/portal\/wp-json\/wp\/v2\/types\/page"}],"author":[{"embeddable":true,"href":"https:\/\/internacional.ufpr.br\/portal\/wp-json\/wp\/v2\/users\/12"}],"replies":[{"embeddable":true,"href":"https:\/\/internacional.ufpr.br\/portal\/wp-json\/wp\/v2\/comments?post=188"}],"version-history":[{"count":23,"href":"https:\/\/internacional.ufpr.br\/portal\/wp-json\/wp\/v2\/pages\/188\/revisions"}],"predecessor-version":[{"id":10627,"href":"https:\/\/internacional.ufpr.br\/portal\/wp-json\/wp\/v2\/pages\/188\/revisions\/10627"}],"wp:attachment":[{"href":"https:\/\/internacional.ufpr.br\/portal\/wp-json\/wp\/v2\/media?parent=188"}],"curies":[{"name":"wp","href":"https:\/\/api.w.org\/{rel}","templated":true}]}}