{"id":176,"date":"2017-10-03T14:53:13","date_gmt":"2017-10-03T17:53:13","guid":{"rendered":"http:\/\/internacional.ufpr.br\/portal\/?page_id=176"},"modified":"2025-11-24T12:59:10","modified_gmt":"2025-11-24T15:59:10","slug":"erasmus","status":"publish","type":"page","link":"https:\/\/internacional.ufpr.br\/portal\/erasmus\/","title":{"rendered":"Programa Erasmus+"},"content":{"rendered":"\n<hr class=\"wp-block-separator has-alpha-channel-opacity\"\/>\n\n\n<p><img loading=\"lazy\" decoding=\"async\" class=\"wp-image-3405 alignleft\" src=\"http:\/\/internacional.ufpr.br\/portal\/wp-content\/uploads\/2018\/07\/erasmus.png\" alt=\"\" width=\"240\" height=\"56\" srcset=\"https:\/\/internacional.ufpr.br\/portal\/wp-content\/uploads\/2018\/07\/erasmus.png 180w, https:\/\/internacional.ufpr.br\/portal\/wp-content\/uploads\/2018\/07\/erasmus-40x10.png 40w\" sizes=\"auto, (max-width: 240px) 100vw, 240px\" \/>O programa Erasmus \u00e9 um programa de interc\u00e2mbio de estudantes da UE que existe desde o final dos anos 1980. Seu objetivo \u00e9 fornecer op\u00e7\u00f5es de interc\u00e2mbio para estudantes da Uni\u00e3o Europ\u00e9ia. Nos \u00faltimos anos, o Projeto Erasmus+ tem buscado parcerias fora do continente europeu e passou a desenvolver projetos em parcerias com Universidade das Am\u00e9ricas, \u00c1frica e \u00c1sia.<\/p>\n<p>Para participar de um projeto Erasmus, a UFPR deve ser convidada por parceiros europeus, sendo que os projetos variam de \u00e1rea de conhecimento e objetivos. Alguns projetos incluem a mobilidade discente, docente e t\u00e9cnica, outros focam na capacita\u00e7\u00e3o de pessoal.<br \/><br \/><span style=\"color: #000000;\"><strong>Projetos Erasmus+*<br \/>Erasmus Code: <\/strong>BRCURITIBA02<strong><br \/>PIC: <\/strong>998692892<br \/><strong>Organisation ID<\/strong> : E10205097<br \/><a href=\"https:\/\/docs.ufpr.br\/~amarilio.floriano\/processo\/UFPR_-_Acordo_de_cooperacao_internacional\/#diagram\/c323849a-d0ce-4d9d-960f-53b5fcc3b2ed\" target=\"_blank\" rel=\"noopener\">Fluxograma UFPR Projeto Erasmus+<\/a><\/span> <br \/><a href=\"https:\/\/internacional.ufpr.br\/portal\/wp-content\/uploads\/2023\/01\/focus_erasmus.pdf\" target=\"_blank\" rel=\"noopener\">+INFO<\/a><\/p>\n<p>As vagas de mobilidade destinadas \u00e0 UFPR s\u00e3o preenchidas atrav\u00e9s de processos seletivos que seguem as especificades de cada projeto, sem data prevista de lan\u00e7amento, uma vez que a demanda \u00e9 externa.<br \/>Abaixo os projetos ERASMUS+ dos quais a UFPR participa atualmente:<\/p>\n<hr \/>\n<p><strong>Mobilidade Discente<\/strong><\/p>\n<p><span class=\"im\"><strong>Eesti Maa\u00fclikool (Estonian University of Life Sciences)<\/strong><br \/><a href=\"https:\/\/internacional.ufpr.br\/portal\/2021\/07\/29\/erasmus-edital-de-selecao-mestrado-para-university-of-zagreb-saida-2022-1\/\" target=\"_blank\" rel=\"noopener\">Edit<\/a><a href=\"https:\/\/internacional.ufpr.br\/portal\/2022\/09\/21\/erasmus-mobilidade-discente-de-pos-graduacao-ppgea-ufpr\/\" target=\"_blank\" rel=\"noopener\">al (2022\/2-2023\/1)<\/a> &#8211; <strong>ENCERRADO<\/strong><br \/><\/span><\/p>\n<p><strong>Politechnika Pozna\u0144ska (Pozna\u0144 University of Technology)<\/strong><\/p>\n<p><span class=\"st\"><strong>Sveu\u010dili\u0161te u Zagrebu (University of Zagreb)<\/strong><br \/><\/span><a href=\"https:\/\/internacional.ufpr.br\/portal\/2021\/07\/29\/erasmus-edital-de-selecao-mestrado-para-university-of-zagreb-saida-2022-1\/\" target=\"_blank\" rel=\"noopener\">Edit<\/a><a href=\"https:\/\/internacional.ufpr.br\/portal\/2021\/07\/29\/erasmus-edital-de-selecao-mestrado-para-university-of-zagreb-saida-2022-1\/\" target=\"_blank\" rel=\"noopener\">al e Resultado Final para Mestrado (2022\/1)<\/a>\u00a0&#8211; <strong>ENCERRADO<br \/><\/strong><a href=\"https:\/\/internacional.ufpr.br\/portal\/2021\/07\/29\/erasmus-edital-de-selecao-mestrado-para-university-of-zagreb-saida-2022-1\/\" target=\"_blank\" rel=\"noopener\">Edital e Resultado Final para Gradua\u00e7\u00e3o (2022\/1)<\/a>\u00a0&#8211; <strong>ENCERRADO<\/strong><br \/><a href=\"http:\/\/internacional.ufpr.br\/portal\/2018\/07\/04\/erasmus-university-of-silesia-in-katowice-data-das-entrevistas-2018-2\/\" target=\"_blank\" rel=\"noopener\">Edital e Resultado Final para Gradua\u00e7\u00e3o (2018\/2)<\/a> &#8211; <strong>ENCERRADO<\/strong><\/p>\n<p><strong><span class=\"st\">Uniwersytet \u015al\u0105ski w Katowicach (<\/span>University of Silesia in Katowice)<\/strong><br \/><a href=\"http:\/\/internacional.ufpr.br\/portal\/2018\/07\/04\/erasmus-university-of-silesia-in-katowice-data-das-entrevistas-2018-2\/\" target=\"_blank\" rel=\"noopener\">Edital e Resultado Final para Gradua\u00e7\u00e3o (2018\/2)<\/a> &#8211; <strong>ENCERRADO<\/strong><\/p>\n<p>\u00a0<\/p>\n<p><strong>Mobilidade Docente<\/strong><\/p>\n<p>Universit\u00e0 degli Studi Internazionali di Roma (UNINT)<br \/><a href=\"https:\/\/internacional.ufpr.br\/portal\/2025\/11\/24\/%f0%9f%93%a2-edital-selecao-docente-erasmus-para-a-unint-universita-degli-studi-internazionali-di-roma\/\" target=\"_blank\" rel=\"noopener\">Edital 2025\/2026<\/a> &#8211;\u00a0<br \/><br \/><span class=\"im\">Eesti Maa\u00fclikool (Estonian University of Life Sciences)<\/span><\/p>\n<p><span class=\"st\">Sveu\u010dili\u0161te u Zagrebu (University of Zagreb<br \/><span class=\"im\"><a href=\"https:\/\/internacional.ufpr.br\/portal\/2021\/09\/30\/erasmus-edital-de-mobilidade-docente-221-university-of-zagreb\/\" target=\"_blank\" rel=\"noopener\">Edital 2021\/2022 <\/a>\u00a0&#8211; <strong>ENCERRADO<\/strong><\/span><br \/><\/span><span class=\"im\"><a href=\"https:\/\/drive.google.com\/file\/d\/1gD-HzHVXKMGPW3z7GAymTJWtF3kO52d7\/view?usp=sharing\" target=\"_blank\" rel=\"noopener\">Edital 2019\/2020 <\/a>\u00a0&#8211; <strong>ENCERRADO<\/strong><\/span><\/p>\n<hr \/>\n<p><span style=\"color: #000000;\"><strong>Projetos de Capacita\u00e7\u00e3o Institucional<\/strong><\/span><\/p>\n<p><img loading=\"lazy\" decoding=\"async\" class=\"wp-image-3156 alignleft\" src=\"http:\/\/internacional.ufpr.br\/portal\/wp-content\/uploads\/2018\/04\/poncho.png\" alt=\"\" width=\"429\" height=\"100\" \/><\/p>\n<p><a href=\"https:\/\/poncho.ulpgc.es\/\" target=\"_blank\" rel=\"noopener\">PONCHO |\u00a0<em>Internationalization of Latin American peripheral<\/em>\u00a0Universities<\/a><br \/><br \/><a href=\"https:\/\/internacional.ufpr.br\/portal\/2019\/02\/21\/erasmus-edital-de-selecao-de-alunos-para-a-international-week-em-assuncao\/\" target=\"_blank\" rel=\"noopener\">Poncho International Week: Edital de Sele\u00e7\u00e3o Discente<\/a>\u00a0&#8211; <strong>ENCERRADO<\/strong><\/p>\n<p><a href=\"https:\/\/internacional.ufpr.br\/portal\/2019\/02\/19\/erasmus-curso-de-capacitacao-sobre-internacionalizacao-para-professores\/\" target=\"_blank\" rel=\"noopener\">Poncho Academic Capacity Building Course: Inscri\u00e7\u00f5es<\/a>\u00a0&#8211; <strong>ENCERRADO<br \/><br \/><\/strong><\/p>\n<p>\u00a0<\/p>\n<p>\u00a0<\/p>\n<p><a href=\"https:\/\/eduder.org\/pt-pt\/\" target=\"_blank\" rel=\"noopener\"><strong><img loading=\"lazy\" decoding=\"async\" class=\"alignleft\" src=\"https:\/\/eduder.org\/wp-content\/uploads\/2024\/10\/logo_eduder_24_transp.png\" alt=\"Eduder \u2013 Derecho a la igualdad de estudios universitarios para los ...\" width=\"163\" height=\"167\" \/><\/strong><\/a><\/p>\n<p><br \/><strong><a href=\"https:\/\/eduder.org\/\" target=\"_blank\" rel=\"noopener\">EDUDER l Derecho a la igualdad de estudios universitarios para los grupos en condiciones m\u00e1s vulnerables<\/a><\/strong><br \/><br \/><a href=\"http:\/\/Sele\u00e7\u00e3o de Bolsista\" data-wplink-url-error=\"true\">Sele\u00e7\u00e3o de Bolsista<\/a> &#8211; <strong>ENCERRADO<\/strong><\/p>","protected":false},"excerpt":{"rendered":"<p>O programa Erasmus \u00e9 um programa de interc\u00e2mbio de estudantes da UE que existe desde o final dos anos 1980. Seu objetivo \u00e9 fornecer op\u00e7\u00f5es de interc\u00e2mbio para estudantes da Uni\u00e3o Europ\u00e9ia. Nos \u00faltimos anos, o Projeto Erasmus+ tem buscado parcerias fora do continente europeu e passou a desenvolver projetos em parcerias com Universidade das [&hellip;]<\/p>\n","protected":false},"author":12,"featured_media":0,"parent":0,"menu_order":0,"comment_status":"closed","ping_status":"closed","template":"","meta":{"_acf_changed":false,"footnotes":""},"class_list":["post-176","page","type-page","status-publish","hentry"],"acf":[],"_links":{"self":[{"href":"https:\/\/internacional.ufpr.br\/portal\/wp-json\/wp\/v2\/pages\/176","targetHints":{"allow":["GET"]}}],"collection":[{"href":"https:\/\/internacional.ufpr.br\/portal\/wp-json\/wp\/v2\/pages"}],"about":[{"href":"https:\/\/internacional.ufpr.br\/portal\/wp-json\/wp\/v2\/types\/page"}],"author":[{"embeddable":true,"href":"https:\/\/internacional.ufpr.br\/portal\/wp-json\/wp\/v2\/users\/12"}],"replies":[{"embeddable":true,"href":"https:\/\/internacional.ufpr.br\/portal\/wp-json\/wp\/v2\/comments?post=176"}],"version-history":[{"count":46,"href":"https:\/\/internacional.ufpr.br\/portal\/wp-json\/wp\/v2\/pages\/176\/revisions"}],"predecessor-version":[{"id":11816,"href":"https:\/\/internacional.ufpr.br\/portal\/wp-json\/wp\/v2\/pages\/176\/revisions\/11816"}],"wp:attachment":[{"href":"https:\/\/internacional.ufpr.br\/portal\/wp-json\/wp\/v2\/media?parent=176"}],"curies":[{"name":"wp","href":"https:\/\/api.w.org\/{rel}","templated":true}]}}