{"id":145,"date":"2020-06-09T10:32:45","date_gmt":"2020-06-09T13:32:45","guid":{"rendered":"http:\/\/internacional.ufpr.br\/portal\/?page_id=145"},"modified":"2026-03-31T09:07:10","modified_gmt":"2026-03-31T12:07:10","slug":"comissoes-setoriais","status":"publish","type":"page","link":"https:\/\/internacional.ufpr.br\/portal\/comissoes-setoriais\/","title":{"rendered":"Comiss\u00f5es Setoriais"},"content":{"rendered":"<p><strong>Representantes Setoriais de Rela\u00e7\u00f5es Internacionais<\/strong><\/p>\n<p><strong>SETOR PALOTINA<br \/>\n<\/strong><\/p>\n<p>Presidente: Vagner Gularte Cortez<\/p>\n<p>Membro 1: Leandro Portz<\/p>\n<p>Membro 2:\u00a0Rita de C\u00e1ssia dos Anjos<\/p>\n<p>Suplente: Roberta Paulert<\/p>\n<p><strong>SETOR <\/strong><strong> JANDAIA DO SUL<\/strong><\/p>\n<p>Presidente:\u00a0Rodrigo Thom Clemente de Souza<\/p>\n<p>Membro 1: Eduardo C\u00e9sar Meurer<\/p>\n<p>Membro 2: Selma dos Santos Rosa<\/p>\n<p><strong>SETOR <\/strong><strong> TOLEDO<\/strong><\/p>\n<p>Presidente: Kleber Fernando Pereira<\/p>\n<p>Membro 1: Marcelo Alves de Souza<\/p>\n<p>Membro 2: Mayara Ang\u00e9lica Bolson Salamanca<\/p>\n<p><strong>SETOR <\/strong><strong> PONTAL DO PARAN\u00c1 (CEM)<br \/>\n<\/strong><\/p>\n<p>Presidente: Eliane do Rocio Alberti<\/p>\n<p>Membro 1: Harumi Otaguro<\/p>\n<p>Membro 2: Luiz Laureno Mafra Junior<\/p>\n<p>Membro 3: Fabiano Bendhack<\/p>\n<p>Membro 4: C\u00edntia Miua Maruyama<\/p>\n<p><strong>SETOR DE ARTES, COMUNICA\u00c7\u00c3O E DESIGN<\/strong><\/p>\n<p>Presidente: Hugo de Souza Melo (DeArtes)<\/p>\n<p>Membro 1: Jo\u00e3o Damasceno Martins Ladeira (DECOM)<\/p>\n<p>Membro 2: Yasmin Fabris (DeDesign)<\/p>\n<p>Suplente: Valqu\u00edria Michela John (DECOM)<\/p>\n<p><strong>SETOR DE CI\u00caNCIAS AGR\u00c1RIAS<\/strong><\/p>\n<p>Presidente: Jo\u00e3o\u00a0Carlos Bespalhok Filho<\/p>\n<p>Membro 1: Alessandra Ferreira Ribas<\/p>\n<p>Membro 2: Carla Forte Maiolino Molento<\/p>\n<p>Membro 3: Fabiano Montiani-Ferreira<\/p>\n<p>Membro 4: Nelson Yoshihiro Nakajima<\/p>\n<p>Suplente: Jo\u00e3o Carlos Garzel Leodoro da Silva<\/p>\n<p><strong>SETOR DE CI\u00caNCIAS BIOL\u00d3GICAS<\/strong><\/p>\n<p>Presidente: Ang\u00e9lica Beate Winter Boldt\u00a0(Departamento de Gen\u00e9tica)<\/p>\n<p>Vice-Presidente: Rodrigo dos Santos Machado Feitosa\u00a0(Departamento de Zoologia)<\/p>\n<p>Membro 1: Amilton da Rocha Leal Junior (Departamento de Anatomia)<\/p>\n<p>Membro 2:\u00a0Maritana Mela Prodocimo\u00a0(Departamento de Biologia Celular)<\/p>\n<p>Membro 3: Carmen Lucia de Oliveira Petkowicz\u00a0(Departamento de Bioqu\u00edmica e Biologia Molecular)<\/p>\n<p>Membro 4: Andr\u00e9 Andran Padial\u00a0(Departamento de Bot\u00e2nica)<\/p>\n<p>Membro 5: Fabr\u00edcio Cieslak (Departamento de Educa\u00e7\u00e3o F\u00edsica)<\/p>\n<p>Membro 6: Anna Maria Siebel (Departamento de Farmacologia)<\/p>\n<p>Membro 7: Fernando Augusto Lavezzo Dias (Departamento de Fisiologia)<\/p>\n<p>Membro 8: Diego Averaldo Guiguet Leal (Departamento de Patologia B\u00e1sica)<\/p>\n<p>Membro 9: Ana M\u00e1rcia Delattre Zocolotti (Departamento de Preven\u00e7\u00e3o e Reabilita\u00e7\u00e3o em Fisioterapia)<\/p>\n<p><strong>SETOR DE CI\u00caNCIAS DA TERRA<\/strong><\/p>\n<p>Presidente: Cristina Valle Pinto Coelho<\/p>\n<p>Membro 1: Elias Fernando Berra<\/p>\n<p>Membro 2: Jorge Antonio Silva Centeno<\/p>\n<p>Suplente: Hideo Araki<\/p>\n<p>Suplente: Wolf Dietrich Gustav Johannes Sahr<\/p>\n<p>Suplente: Maria Cristina de Souza<\/p>\n<p><strong>SETOR DE CI\u00caNCIAS DA SA\u00daDE<\/strong><\/p>\n<p>Presidente:\u00a0Edison Luiz Almeida Tizzot<\/p>\n<p>Vice-Presidente: Thais Martins Guimar\u00e3es<\/p>\n<p>Membro 1: Maria Isabel Anast\u00e1cio Faria de Fran\u00e7a<\/p>\n<p>Membro 2: Miriam Ap. Nimtz<\/p>\n<p>Membro 3: Marcia Regina Messaggi Gomes Dias<\/p>\n<p>Membro 4: Taiuani Marquine Raymundo<\/p>\n<p><strong>SETOR DE CI\u00caNCIAS EXATAS<\/strong><\/p>\n<p>Presidente: Andrea Pinto de Oliveira (Qu\u00edmica)<\/p>\n<p>Membro 1: Eduardo Outeiral Correa Hoefel (Matem\u00e1tica)<\/p>\n<p>Membro 2: Eduardo Todt (Inform\u00e1tica)<\/p>\n<p>Membro 3: Luiz Antonio Ribeiro de Santana (Matem\u00e1tica)<\/p>\n<p>Membro 4: Saulo Pomponet Oliveira (Matem\u00e1tica)<\/p>\n<p>Membro 5: Sergio D&#8217;Almeida Sanchez (F\u00edsica)<\/p>\n<p><strong>SETOR DE CI\u00caNCIAS HUMANAS<\/strong><\/p>\n<p>Presidente: Karine Marielly Rocha da Cunha (DELEM)<\/p>\n<p>Membro 1: Carlos Eduardo Silveira (DETUR)<\/p>\n<p>Membro 2: Jefferson Diego de Jesus (DELI)<\/p>\n<p>Suplente: Martha J\u00falia Martins (DELEM)<\/p>\n<p>Suplente: M\u00e1rcia Namekata (DELEM)<\/p>\n<p><strong>SETOR DE CI\u00caNCIAS JUR\u00cdDICAS<\/strong><\/p>\n<p>Presidente: Estef\u00e2nia Maria de Queiroz Barbosa<\/p>\n<p>Membro 1:\u00a0 Marcos Wachowicz<\/p>\n<p>Membro 2: Taysa Schiocchet<\/p>\n<p>Membro 3: Walter Guandalini J\u00fanior<\/p>\n<p>Membro 4: Rafael Juli\u00e3o Evangelista<\/p>\n<p><strong>SETOR DE CI\u00caNCIAS SOCIAIS APLICADAS<\/strong><\/p>\n<p>Presidente: Farley Simon Mendes Nobre (Administra\u00e7\u00e3o Geral e Aplicada)<\/p>\n<p>Membro 1: Simone Bernardes Voese (Ci\u00eancias Cont\u00e1beis)<\/p>\n<p>Membro 2: Alexandre Alves Porsse (Economia)<\/p>\n<p>Membro 3: Luciano Heitor Gallegos Marin (Ci\u00eancia e Gest\u00e3o da Informa\u00e7\u00e3o)<\/p>\n<p><strong>SETOR DE EDUCA\u00c7\u00c3O\u00a0<\/strong><\/p>\n<p>Presidente: T\u00e2nia Stoltz (DTFE)<\/p>\n<p>Membro 1: Ana Lorena de Oliveira Bruel (DEPLAE)<\/p>\n<p>Membro 2: Jean Carlos Gon\u00e7alves (DTPEN)<\/p>\n<p><strong>SETOR DE TECNOLOGIA<br \/>\n<\/strong>Presidente: Nicolle Christine Sotsek Ramos<br \/>\nVice-Presidente: Vanessa dos Santos Negr\u00e3o Messias\u00a0 \u00a0 \u00a0 \u00a0 \u00a0 \u00a0 \u00a0 \u00a0 \u00a0 \u00a0 \u00a0 \u00a0 \u00a0 \u00a0 \u00a0 \u00a0 \u00a0 \u00a0 \u00a0 \u00a0 \u00a0 \u00a0 \u00a0 \u00a0 \u00a0 \u00a0 \u00a0 \u00a0 \u00a0 \u00a0 \u00a0 \u00a0 \u00a0 \u00a0 \u00a0 \u00a0 \u00a0 \u00a0 \u00a0 \u00a0 \u00a0 \u00a0 \u00a0 Membro 1: Stephan Hennings Och<br \/>\nMembro 2: Andr\u00e9 Augusto Mariano<br \/>\nMembro 3: Em\u00edlio Graciliano Ferreira Mercuri<br \/>\nMembro 4: Alexandre Ferreira Santos<br \/>\nMembro 5: Adriane Bianchi Pedroni Medeiros<br \/>\nMembro 6: Marcelo Rodrigues Bessa<br \/>\nMembro 7: Marina Milani Oba<\/p>\n<p><strong>SETOR DE EDUCA\u00c7\u00c3O PROFISSIONAL E TECNOL\u00d3GICA<br \/>\n<\/strong>Presidente: Iara Maria Bruz<br \/>\nMembro 1: Eliana Maria Ieger<br \/>\nMembro 2: Marion do Rocio Foerster<br \/>\nSuplente: Vanessa Gon\u00e7alves Curty<\/p>\n<p><strong>SETOR <\/strong><strong>UFPR LITORAL<br \/>\n<\/strong>Presidente: <span class=\"st\">Jos\u00e9 Lannes de Melo<br \/>\n<\/span>Membro 1: Edilene Beatriz Dhamer<br \/>\nMembro 2: Michele Louise Schiocchet<br \/>\nMembro 3: Paulo Rog\u00e9rio Lopes<\/p>\n","protected":false},"excerpt":{"rendered":"<p>Representantes Setoriais de Rela\u00e7\u00f5es Internacionais SETOR PALOTINA Presidente: Vagner Gularte Cortez Membro 1: Leandro Portz Membro 2:\u00a0Rita de C\u00e1ssia dos Anjos Suplente: Roberta Paulert SETOR JANDAIA DO SUL Presidente:\u00a0Rodrigo Thom Clemente de Souza Membro 1: Eduardo C\u00e9sar Meurer Membro 2: Selma dos Santos Rosa SETOR TOLEDO Presidente: Kleber Fernando Pereira Membro 1: Marcelo Alves de [&hellip;]<\/p>\n","protected":false},"author":12,"featured_media":0,"parent":0,"menu_order":0,"comment_status":"closed","ping_status":"closed","template":"","meta":{"_acf_changed":false,"footnotes":""},"class_list":["post-145","page","type-page","status-publish","hentry"],"acf":[],"_links":{"self":[{"href":"https:\/\/internacional.ufpr.br\/portal\/wp-json\/wp\/v2\/pages\/145","targetHints":{"allow":["GET"]}}],"collection":[{"href":"https:\/\/internacional.ufpr.br\/portal\/wp-json\/wp\/v2\/pages"}],"about":[{"href":"https:\/\/internacional.ufpr.br\/portal\/wp-json\/wp\/v2\/types\/page"}],"author":[{"embeddable":true,"href":"https:\/\/internacional.ufpr.br\/portal\/wp-json\/wp\/v2\/users\/12"}],"replies":[{"embeddable":true,"href":"https:\/\/internacional.ufpr.br\/portal\/wp-json\/wp\/v2\/comments?post=145"}],"version-history":[{"count":61,"href":"https:\/\/internacional.ufpr.br\/portal\/wp-json\/wp\/v2\/pages\/145\/revisions"}],"predecessor-version":[{"id":12851,"href":"https:\/\/internacional.ufpr.br\/portal\/wp-json\/wp\/v2\/pages\/145\/revisions\/12851"}],"wp:attachment":[{"href":"https:\/\/internacional.ufpr.br\/portal\/wp-json\/wp\/v2\/media?parent=145"}],"curies":[{"name":"wp","href":"https:\/\/api.w.org\/{rel}","templated":true}]}}