{"id":12562,"date":"2026-03-12T16:48:34","date_gmt":"2026-03-12T19:48:34","guid":{"rendered":"https:\/\/internacional.ufpr.br\/portal\/?page_id=12562"},"modified":"2026-03-12T17:14:39","modified_gmt":"2026-03-12T20:14:39","slug":"disciplinas-internacionais-2","status":"publish","type":"page","link":"https:\/\/internacional.ufpr.br\/portal\/disciplinas-internacionais-2\/","title":{"rendered":"Disciplinas Internacionais"},"content":{"rendered":"\n<p>Uma das iniciativas de <strong>Internacionaliza\u00e7\u00e3o em casa<\/strong> \u00e9 a oferta de <strong>disciplinas internacionais presenciais<\/strong>, ofertadas em outras l\u00ednguas (diferentes do portugu\u00eas). <\/p>\n\n\n\n<p>O ERI est\u00e1 fazendo um levantamento das disciplinas internacionais presenciais existentes na UFPR para come\u00e7ar a oferecer estas disciplinas aos alunos estrangeiros que escolhem a UFPR para fazer mobilidade <em>incoming<\/em>. <\/p>\n\n\n<p><div class=\"wp-block-image\"><\/p>\n<figure class=\"alignleft size-full is-resized\"><img loading=\"lazy\" decoding=\"async\" width=\"166\" height=\"148\" class=\"wp-image-12570\" src=\"https:\/\/internacional.ufpr.br\/portal\/wp-content\/uploads\/2026\/03\/download.jpg\" alt=\"\" srcset=\"https:\/\/internacional.ufpr.br\/portal\/wp-content\/uploads\/2026\/03\/download.jpg 166w, https:\/\/internacional.ufpr.br\/portal\/wp-content\/uploads\/2026\/03\/download-11x10.jpg 11w\" sizes=\"auto, (max-width: 166px) 100vw, 166px\" \/><\/figure>\n<p><\/div><\/p>\n\n\n<p><br>Se voc\u00ea \u00e9 docente da UFPR e oferta disciplinas internacionais, por favor, preencha o <em>forms<\/em> a seguir: <a href=\"https:\/\/forms.office.com\/Pages\/ResponsePage.aspx?id=ozd7w-Lp-UK8Z0ubc44d8K3ZoFQ7mjxMir0lYL4wiwpUMEdJNkxJMVBVTjFQWlBORTVDTjZPTjBaMC4u\" target=\"_blank\" rel=\"noreferrer noopener\">COLETA DE DADOS DE DISCIPLINAS INTERNACIONAIS<\/a><\/p>\n\n\n<p><br \/><br \/><br \/>A oferta destas disciplinas internacionais aos estudantes brasileiros da UFPR tamb\u00e9m proporciona aos nossos alunos experi\u00eancias internacionais \u00fanicas e auxiliam os estudantes a se preparar para uma posterior mobilidade internacional\/interc\u00e2mbio.<\/p>\n\n\n<p><\/p>\n","protected":false},"excerpt":{"rendered":"<p>Uma das iniciativas de Internacionaliza\u00e7\u00e3o em casa \u00e9 a oferta de disciplinas internacionais presenciais, ofertadas em outras l\u00ednguas (diferentes do portugu\u00eas). O ERI est\u00e1 fazendo um levantamento das disciplinas internacionais presenciais existentes na UFPR para come\u00e7ar a oferecer estas disciplinas aos alunos estrangeiros que escolhem a UFPR para fazer mobilidade incoming. Se voc\u00ea \u00e9 docente [&hellip;]<\/p>\n","protected":false},"author":15,"featured_media":0,"parent":0,"menu_order":0,"comment_status":"closed","ping_status":"closed","template":"","meta":{"_acf_changed":false,"footnotes":""},"class_list":["post-12562","page","type-page","status-publish","hentry"],"acf":[],"_links":{"self":[{"href":"https:\/\/internacional.ufpr.br\/portal\/wp-json\/wp\/v2\/pages\/12562","targetHints":{"allow":["GET"]}}],"collection":[{"href":"https:\/\/internacional.ufpr.br\/portal\/wp-json\/wp\/v2\/pages"}],"about":[{"href":"https:\/\/internacional.ufpr.br\/portal\/wp-json\/wp\/v2\/types\/page"}],"author":[{"embeddable":true,"href":"https:\/\/internacional.ufpr.br\/portal\/wp-json\/wp\/v2\/users\/15"}],"replies":[{"embeddable":true,"href":"https:\/\/internacional.ufpr.br\/portal\/wp-json\/wp\/v2\/comments?post=12562"}],"version-history":[{"count":3,"href":"https:\/\/internacional.ufpr.br\/portal\/wp-json\/wp\/v2\/pages\/12562\/revisions"}],"predecessor-version":[{"id":12572,"href":"https:\/\/internacional.ufpr.br\/portal\/wp-json\/wp\/v2\/pages\/12562\/revisions\/12572"}],"wp:attachment":[{"href":"https:\/\/internacional.ufpr.br\/portal\/wp-json\/wp\/v2\/media?parent=12562"}],"curies":[{"name":"wp","href":"https:\/\/api.w.org\/{rel}","templated":true}]}}