{"id":10214,"date":"2025-08-29T13:43:54","date_gmt":"2025-08-29T16:43:54","guid":{"rendered":"https:\/\/internacional.ufpr.br\/portal\/?page_id=10214"},"modified":"2025-08-29T13:48:50","modified_gmt":"2025-08-29T16:48:50","slug":"editais-2","status":"publish","type":"page","link":"https:\/\/internacional.ufpr.br\/portal\/editais-2\/","title":{"rendered":"Editais"},"content":{"rendered":"\n<div style=\"height:25px\" aria-hidden=\"true\" class=\"wp-block-spacer\"><\/div>\n\n\n\n<div class=\"wp-block-columns is-layout-flex wp-container-core-columns-is-layout-9d6595d7 wp-block-columns-is-layout-flex\" id=\"topo\">\n<div class=\"wp-block-column is-layout-flow wp-block-column-is-layout-flow\" style=\"flex-basis:10%\">\n<div style=\"height:25px\" aria-hidden=\"true\" class=\"wp-block-spacer\"><\/div>\n\n\n<div class=\"wp-block-image\">\n<figure class=\"aligncenter size-full is-resized\"><img loading=\"lazy\" decoding=\"async\" width=\"512\" height=\"512\" src=\"https:\/\/internacional.ufpr.br\/portal\/wp-content\/uploads\/2025\/08\/Icone_DocumentosMao_Verde_Eri.png\" alt=\"\" class=\"wp-image-9779\" style=\"object-fit:cover;width:100px;height:100px\" srcset=\"https:\/\/internacional.ufpr.br\/portal\/wp-content\/uploads\/2025\/08\/Icone_DocumentosMao_Verde_Eri.png 512w, https:\/\/internacional.ufpr.br\/portal\/wp-content\/uploads\/2025\/08\/Icone_DocumentosMao_Verde_Eri-300x300.png 300w, https:\/\/internacional.ufpr.br\/portal\/wp-content\/uploads\/2025\/08\/Icone_DocumentosMao_Verde_Eri-150x150.png 150w, https:\/\/internacional.ufpr.br\/portal\/wp-content\/uploads\/2025\/08\/Icone_DocumentosMao_Verde_Eri-10x10.png 10w\" sizes=\"auto, (max-width: 512px) 100vw, 512px\" \/><\/figure>\n<\/div><\/div>\n\n\n\n<div class=\"wp-block-column is-layout-flow wp-block-column-is-layout-flow\" style=\"flex-basis:89%\">\n<div class=\"wp-block-query is-layout-flow wp-block-query-is-layout-flow\"><ul class=\"columns-3 wp-block-post-template is-layout-grid wp-container-core-post-template-is-layout-2f3213d7 wp-block-post-template-is-layout-grid\"><li class=\"wp-block-post post-12979 post type-post status-publish format-standard hentry category-editais category-editais-2 category-noticias category-pec-g tag-editais tag-edital\">\n<h5 class=\"wp-block-post-title\"><a href=\"https:\/\/internacional.ufpr.br\/portal\/2026\/04\/30\/%f0%9f%93%a2edital-no8-2026-promisaes-resultado-preliminar\/\" target=\"_self\" >&#x1f4e2;EDITAL n\u00ba8\/2026 &#8211; PROMISAES. Resultado preliminar<\/a><\/h5>\n\n<div class=\"wp-block-post-date\"><time datetime=\"2026-04-30T15:46:00-03:00\">30 de abril de 2026<\/time><\/div>\n\n\n<hr class=\"wp-block-separator has-text-color has-alpha-channel-opacity has-background is-style-wide\" style=\"background-color:#e8ecf5;color:#e8ecf5\"\/>\n\n\n\n\n<div class=\"wp-block-post-excerpt\"><p class=\"wp-block-post-excerpt__excerpt\">O Escrit\u00f3rio de Rela\u00e7\u00f5es Internacionais (ERI), torna p\u00fablico o Resultado Preliminar do processo seletivo referente ao Edital n\u00ba 8\/2026 \u2013 ERI\/P4E \u2013 PROMISAES (Projeto Milton Santos de Acesso ao Ensino Superior).Acesse o resultado AQUI Conforme estabelecido no edital, est\u00e1 aberto o per\u00edodo para interposi\u00e7\u00e3o de recursos, que ocorrer\u00e1 das 8h do dia 30 de abril<\/p><p class=\"wp-block-post-excerpt__more-text\"><a class=\"wp-block-post-excerpt__more-link\" href=\"https:\/\/internacional.ufpr.br\/portal\/2026\/04\/30\/%f0%9f%93%a2edital-no8-2026-promisaes-resultado-preliminar\/\">Leia mais<\/a><\/p><\/div>\n\n\n<hr class=\"wp-block-separator has-text-color has-alpha-channel-opacity has-background is-style-wide\" style=\"background-color:#e8ecf5;color:#e8ecf5\"\/>\n\n<\/li><li class=\"wp-block-post post-12968 post type-post status-publish format-standard hentry category-editais category-destaques category-editais-2 category-noticias\">\n<h5 class=\"wp-block-post-title\"><a href=\"https:\/\/internacional.ufpr.br\/portal\/2026\/04\/24\/augm-edital-de-selecao-escala-docente-saida-2026-2o-semestre\/\" target=\"_self\" >AUGM: Edital de Sele\u00e7\u00e3o Escala Docente (Sa\u00edda 2026 \u2013 2\u00ba semestre)<\/a><\/h5>\n\n<div class=\"wp-block-post-date\"><time datetime=\"2026-04-24T22:27:04-03:00\">24 de abril de 2026<\/time><\/div>\n\n\n<hr class=\"wp-block-separator has-text-color has-alpha-channel-opacity has-background is-style-wide\" style=\"background-color:#e8ecf5;color:#e8ecf5\"\/>\n\n\n\n\n<div class=\"wp-block-post-excerpt\"><p class=\"wp-block-post-excerpt__excerpt\">O ERI torna p\u00fablico o edital de mobilidade acad\u00eamica no \u00e2mbito do Programa ESCALA DOCENTE \u2013 AUGM, com sa\u00edda prevista para o segundo semestre de 2026. S\u00e3o 14 vagas, com previs\u00e3o de fomento para deslocamento, estadia e alimenta\u00e7\u00e3o. Acesse\u00a0aqui\u00a0o edital na \u00edntegra, bem como o formul\u00e1rio de inscri\u00e7\u00e3o.<\/p><p class=\"wp-block-post-excerpt__more-text\"><a class=\"wp-block-post-excerpt__more-link\" href=\"https:\/\/internacional.ufpr.br\/portal\/2026\/04\/24\/augm-edital-de-selecao-escala-docente-saida-2026-2o-semestre\/\">Leia mais<\/a><\/p><\/div>\n\n\n<hr class=\"wp-block-separator has-text-color has-alpha-channel-opacity has-background is-style-wide\" style=\"background-color:#e8ecf5;color:#e8ecf5\"\/>\n\n<\/li><li class=\"wp-block-post post-12951 post type-post status-publish format-standard hentry category-editais category-destaques category-editais-2 category-noticias tag-discente tag-edital tag-mobilidade-academica-internacional\">\n<h5 class=\"wp-block-post-title\"><a href=\"https:\/\/internacional.ufpr.br\/portal\/2026\/04\/24\/edital-selecao-de-estudante-de-graduacao-do-curso-de-agronomia-campus-curitiba-para-o-programa-de-mobilidade-academica-regional-para-cursos-acreditados-marca\/\" target=\"_self\" >EDITAL: Sele\u00e7\u00e3o de estudante de gradua\u00e7\u00e3o do curso de Agronomia, Campus Curitiba para o programa de Mobilidade Acad\u00eamica Regional para Cursos Acreditados (MARCA)<\/a><\/h5>\n\n<div class=\"wp-block-post-date\"><time datetime=\"2026-04-24T14:36:52-03:00\">24 de abril de 2026<\/time><\/div>\n\n\n<hr class=\"wp-block-separator has-text-color has-alpha-channel-opacity has-background is-style-wide\" style=\"background-color:#e8ecf5;color:#e8ecf5\"\/>\n\n\n\n\n<div class=\"wp-block-post-excerpt\"><p class=\"wp-block-post-excerpt__excerpt\">O Escrit\u00f3rio de Rela\u00e7\u00f5es Internacionais (ERI\/UFPR) torna p\u00fablico aos estudantes de gradua\u00e7\u00e3o do curso de Agronomia, Campus Curitiba, as normas que regem o processo seletivo para o programa de Mobilidade Acad\u00eamica Regional para Cursos Acreditados (MARCA), com previs\u00e3o de sa\u00edda no segundo semestre de 2026. Edital aqui O Programa de Mobilidade Acad\u00eamica Regional para Cursos<\/p><p class=\"wp-block-post-excerpt__more-text\"><a class=\"wp-block-post-excerpt__more-link\" href=\"https:\/\/internacional.ufpr.br\/portal\/2026\/04\/24\/edital-selecao-de-estudante-de-graduacao-do-curso-de-agronomia-campus-curitiba-para-o-programa-de-mobilidade-academica-regional-para-cursos-acreditados-marca\/\">Leia mais<\/a><\/p><\/div>\n\n\n<hr class=\"wp-block-separator has-text-color has-alpha-channel-opacity has-background is-style-wide\" style=\"background-color:#e8ecf5;color:#e8ecf5\"\/>\n\n<\/li><li class=\"wp-block-post post-12934 post type-post status-publish format-standard hentry category-editais category-destaques category-editais-2 category-erasmus category-noticias tag-discente tag-editais tag-mobilidade\">\n<h5 class=\"wp-block-post-title\"><a href=\"https:\/\/internacional.ufpr.br\/portal\/2026\/04\/14\/edital-selecao-de-alunos-de-doutorado-do-ppg-letras-para-participacao-no-programa-erasmus-com-a-universita-degli-studi-internazionali-di-roma-unint\/\" target=\"_self\" >EDITAL: Sele\u00e7\u00e3o de doutorandos do PPG-Letras para participa\u00e7\u00e3o no Programa Erasmus + com a\u00a0Universit\u00e0 degli Studi Internazionali di Roma (UNINT)\u00a0<\/a><\/h5>\n\n<div class=\"wp-block-post-date\"><time datetime=\"2026-04-14T18:20:26-03:00\">14 de abril de 2026<\/time><\/div>\n\n\n<hr class=\"wp-block-separator has-text-color has-alpha-channel-opacity has-background is-style-wide\" style=\"background-color:#e8ecf5;color:#e8ecf5\"\/>\n\n\n\n\n<div class=\"wp-block-post-excerpt\"><p class=\"wp-block-post-excerpt__excerpt\">O Escrit\u00f3rio de Rela\u00e7\u00f5es Internacionais e o Programa de P\u00f3s-Gradua\u00e7\u00e3o em Letras (PPG-Letras) da UFPR publicam edital conjunto que estabelece as regras do processo de sele\u00e7\u00e3o de alunos de Doutorado do PPG-Letras para participa\u00e7\u00e3o no Programa Erasmus + com a\u00a0Universit\u00e0 degli Studi Internazionali di Roma (UNINT)\u00a0com sa\u00edda em 2026\/2. Consulte o Edital aqui<\/p><p class=\"wp-block-post-excerpt__more-text\"><a class=\"wp-block-post-excerpt__more-link\" href=\"https:\/\/internacional.ufpr.br\/portal\/2026\/04\/14\/edital-selecao-de-alunos-de-doutorado-do-ppg-letras-para-participacao-no-programa-erasmus-com-a-universita-degli-studi-internazionali-di-roma-unint\/\">Leia mais<\/a><\/p><\/div>\n\n\n<hr class=\"wp-block-separator has-text-color has-alpha-channel-opacity has-background is-style-wide\" style=\"background-color:#e8ecf5;color:#e8ecf5\"\/>\n\n<\/li><li class=\"wp-block-post post-12922 post type-post status-publish format-standard hentry category-editais category-destaques category-editais-2 category-noticias\">\n<h5 class=\"wp-block-post-title\"><a href=\"https:\/\/internacional.ufpr.br\/portal\/2026\/04\/13\/%f0%9f%93%a2edital-retificacao-do-edital-augm\/\" target=\"_self\" >&#x1f4e2;EDITAL: RETIFICA\u00c7\u00c3O DO EDITAL AUGM<\/a><\/h5>\n\n<div class=\"wp-block-post-date\"><time datetime=\"2026-04-13T16:35:47-03:00\">13 de abril de 2026<\/time><\/div>\n\n\n<hr class=\"wp-block-separator has-text-color has-alpha-channel-opacity has-background is-style-wide\" style=\"background-color:#e8ecf5;color:#e8ecf5\"\/>\n\n\n\n\n<div class=\"wp-block-post-excerpt\"><p class=\"wp-block-post-excerpt__excerpt\">O Escrit\u00f3rio de Rela\u00e7\u00f5es Internacionais (ERI) retifica o edital 06\/2026 para sele\u00e7\u00e3o de discentes da gradua\u00e7\u00e3o para participar do programa AUGM 2026. Mais informa\u00e7\u00f5es AQUI<\/p><p class=\"wp-block-post-excerpt__more-text\"><a class=\"wp-block-post-excerpt__more-link\" href=\"https:\/\/internacional.ufpr.br\/portal\/2026\/04\/13\/%f0%9f%93%a2edital-retificacao-do-edital-augm\/\">Leia mais<\/a><\/p><\/div>\n\n\n<hr class=\"wp-block-separator has-text-color has-alpha-channel-opacity has-background is-style-wide\" style=\"background-color:#e8ecf5;color:#e8ecf5\"\/>\n\n<\/li><li class=\"wp-block-post post-12886 post type-post status-publish format-standard hentry category-editais category-destaques category-editais-2 category-noticias\">\n<h5 class=\"wp-block-post-title\"><a href=\"https:\/\/internacional.ufpr.br\/portal\/2026\/04\/09\/ufpr-abre-processo-seletivo-para-ingresso-de-pessoas-refugiadas-e-portadoras-de-visto-de-acolhida-humanitaria-em-cursos-de-graduacao\/\" target=\"_self\" >&#x1f4e2;UFPR abre processo seletivo para ingresso de pessoas refugiadas e portadoras de visto de acolhida humanit\u00e1ria em cursos de gradua\u00e7\u00e3o<\/a><\/h5>\n\n<div class=\"wp-block-post-date\"><time datetime=\"2026-04-09T13:47:46-03:00\">9 de abril de 2026<\/time><\/div>\n\n\n<hr class=\"wp-block-separator has-text-color has-alpha-channel-opacity has-background is-style-wide\" style=\"background-color:#e8ecf5;color:#e8ecf5\"\/>\n\n\n\n\n<div class=\"wp-block-post-excerpt\"><p class=\"wp-block-post-excerpt__excerpt\">A Universidade Federal do Paran\u00e1 abriu o processo seletivo para ingresso de pessoas refugiadas, solicitantes de ref\u00fagio e portadoras de visto ou autoriza\u00e7\u00e3o de resid\u00eancia por acolhida humanit\u00e1ria em cursos de gradua\u00e7\u00e3o da institui\u00e7\u00e3o, com ingresso previsto para o ano letivo de 2027. A iniciativa integra as pol\u00edticas institucionais de promo\u00e7\u00e3o do acesso ao ensino<\/p><p class=\"wp-block-post-excerpt__more-text\"><a class=\"wp-block-post-excerpt__more-link\" href=\"https:\/\/internacional.ufpr.br\/portal\/2026\/04\/09\/ufpr-abre-processo-seletivo-para-ingresso-de-pessoas-refugiadas-e-portadoras-de-visto-de-acolhida-humanitaria-em-cursos-de-graduacao\/\">Leia mais<\/a><\/p><\/div>\n\n\n<hr class=\"wp-block-separator has-text-color has-alpha-channel-opacity has-background is-style-wide\" style=\"background-color:#e8ecf5;color:#e8ecf5\"\/>\n\n<\/li><li class=\"wp-block-post post-12890 post type-post status-publish format-standard hentry category-editais category-destaques category-editais-2 category-erasmus tag-editais\">\n<h5 class=\"wp-block-post-title\"><a href=\"https:\/\/internacional.ufpr.br\/portal\/2026\/04\/09\/chamada-aberta-edital-eri-no-10-2026-de-09-de-abril-de-2026-para-a-selecao-para-a-mobilidade-tecnica-para-a-wsb-university-polonia-na-catedra-do-programa-erasmus\/\" target=\"_self\" >EDITAL: Sele\u00e7\u00e3o de servidor ERASMUS+ para WSB University, Pol\u00f4nia<\/a><\/h5>\n\n<div class=\"wp-block-post-date\"><time datetime=\"2026-04-09T12:38:08-03:00\">9 de abril de 2026<\/time><\/div>\n\n\n<hr class=\"wp-block-separator has-text-color has-alpha-channel-opacity has-background is-style-wide\" style=\"background-color:#e8ecf5;color:#e8ecf5\"\/>\n\n\n\n\n<div class=\"wp-block-post-excerpt\"><p class=\"wp-block-post-excerpt__excerpt\">Est\u00e3o abertas as inscri\u00e7\u00f5es de 09\/04\/2026 a 14\/04\/2026 para o edital direcionado aos servidores do quadro permanente do Escrit\u00f3rio de Rela\u00e7\u00f5es Internacionais interessados em concorrer a 1 (uma) vaga para a mobilidade de curta dura\u00e7\u00e3o na WSB University na c\u00e1tedra do Programa ERASMUS+. A vaga ser\u00e1 para participa\u00e7\u00e3o na Semana Internacional da WSB University in<\/p><p class=\"wp-block-post-excerpt__more-text\"><a class=\"wp-block-post-excerpt__more-link\" href=\"https:\/\/internacional.ufpr.br\/portal\/2026\/04\/09\/chamada-aberta-edital-eri-no-10-2026-de-09-de-abril-de-2026-para-a-selecao-para-a-mobilidade-tecnica-para-a-wsb-university-polonia-na-catedra-do-programa-erasmus\/\">Leia mais<\/a><\/p><\/div>\n\n\n<hr class=\"wp-block-separator has-text-color has-alpha-channel-opacity has-background is-style-wide\" style=\"background-color:#e8ecf5;color:#e8ecf5\"\/>\n\n<\/li><li class=\"wp-block-post post-12876 post type-post status-publish format-standard hentry category-editais category-editais-2 category-noticias\">\n<h5 class=\"wp-block-post-title\"><a href=\"https:\/\/internacional.ufpr.br\/portal\/2026\/04\/02\/augm-edital-de-selecao-mobilidade-de-grado-saida-2026-2\/\" target=\"_self\" >AUGM: Edital de Sele\u00e7\u00e3o Mobilidade de Grado (Sa\u00edda 2026\/2)<\/a><\/h5>\n\n<div class=\"wp-block-post-date\"><time datetime=\"2026-04-02T17:57:33-03:00\">2 de abril de 2026<\/time><\/div>\n\n\n<hr class=\"wp-block-separator has-text-color has-alpha-channel-opacity has-background is-style-wide\" style=\"background-color:#e8ecf5;color:#e8ecf5\"\/>\n\n\n\n\n<div class=\"wp-block-post-excerpt\"><p class=\"wp-block-post-excerpt__excerpt\">O Escrit\u00f3rio de Rela\u00e7\u00f5es Internacionais torna p\u00fablico o edital para mobilidade acad\u00eamica no \u00e2mbito do Programa AUGM, com sa\u00edda prevista para o 2\u00ba semestre de 2026. S\u00e3o 11 vagas, com previs\u00e3o de fomento para deslocamento, moradia e alimenta\u00e7\u00e3o, para universidades do Uruguai, Bol\u00edvia, Argentina e Paraguai, sendo 20% destas, destinadas a alunos de ingresso cotista<\/p><p class=\"wp-block-post-excerpt__more-text\"><a class=\"wp-block-post-excerpt__more-link\" href=\"https:\/\/internacional.ufpr.br\/portal\/2026\/04\/02\/augm-edital-de-selecao-mobilidade-de-grado-saida-2026-2\/\">Leia mais<\/a><\/p><\/div>\n\n\n<hr class=\"wp-block-separator has-text-color has-alpha-channel-opacity has-background is-style-wide\" style=\"background-color:#e8ecf5;color:#e8ecf5\"\/>\n\n<\/li><li class=\"wp-block-post post-12807 post type-post status-publish format-standard hentry category-editais-2 category-noticias\">\n<h5 class=\"wp-block-post-title\"><a href=\"https:\/\/internacional.ufpr.br\/portal\/2026\/03\/27\/edital-resultado-selecao-de-professorases-bolsistas-do-isf-idiomas-sem-fronteiras\/\" target=\"_self\" >&#x1f4e2;EDITAL: RESULTADO SELE\u00c7\u00c3O DE PROFESSORAS(ES)-BOLSISTAS DO IsF (Idiomas Sem Fronteiras)<\/a><\/h5>\n\n<div class=\"wp-block-post-date\"><time datetime=\"2026-03-27T18:45:34-03:00\">27 de mar\u00e7o de 2026<\/time><\/div>\n\n\n<hr class=\"wp-block-separator has-text-color has-alpha-channel-opacity has-background is-style-wide\" style=\"background-color:#e8ecf5;color:#e8ecf5\"\/>\n\n\n\n\n<div class=\"wp-block-post-excerpt\"><p class=\"wp-block-post-excerpt__excerpt\">Confira o edital de resultado!<\/p><p class=\"wp-block-post-excerpt__more-text\"><a class=\"wp-block-post-excerpt__more-link\" href=\"https:\/\/internacional.ufpr.br\/portal\/2026\/03\/27\/edital-resultado-selecao-de-professorases-bolsistas-do-isf-idiomas-sem-fronteiras\/\">Leia mais<\/a><\/p><\/div>\n\n\n<hr class=\"wp-block-separator has-text-color has-alpha-channel-opacity has-background is-style-wide\" style=\"background-color:#e8ecf5;color:#e8ecf5\"\/>\n\n<\/li><\/ul>\n\n<nav class=\"wp-block-query-pagination is-layout-flex wp-block-query-pagination-is-layout-flex\" aria-label=\"Pagina\u00e7\u00e3o\">\n\n\n<div class=\"wp-block-query-pagination-numbers\"><span aria-current=\"page\" class=\"page-numbers current\">1<\/span>\n<a class=\"page-numbers\" href=\"?query-30-page=2\">2<\/a>\n<a class=\"page-numbers\" href=\"?query-30-page=3\">3<\/a>\n<span class=\"page-numbers dots\">&hellip;<\/span>\n<a class=\"page-numbers\" href=\"?query-30-page=11\">11<\/a><\/div>\n\n<a href=\"\/portal\/wp-json\/wp\/v2\/pages\/10214?query-30-page=2\" class=\"wp-block-query-pagination-next\">Pr\u00f3xima p\u00e1gina<\/a>\n<\/nav>\n\n\n<hr class=\"wp-block-separator has-text-color has-alpha-channel-opacity has-background is-style-wide\" style=\"background-color:#e8ecf5;color:#e8ecf5\"\/>\n<\/div>\n\n\n\n<p class=\"has-text-color has-link-color wp-elements-35347cca6bfe07bb2bf966001a1b447f\" style=\"color:#243673\"><strong><a href=\"#topo\" title=\"\">Voltar ao topo<\/a><\/strong><\/p>\n<\/div>\n\n\n\n<div class=\"wp-block-column is-layout-flow wp-block-column-is-layout-flow\" style=\"flex-basis:1%\"><\/div>\n<\/div>\n\n\n\n<p><\/p>\n","protected":false},"excerpt":{"rendered":"<p>Voltar ao topo<\/p>\n","protected":false},"author":24,"featured_media":0,"parent":0,"menu_order":0,"comment_status":"closed","ping_status":"closed","template":"","meta":{"_acf_changed":false,"footnotes":""},"class_list":["post-10214","page","type-page","status-publish","hentry"],"acf":[],"_links":{"self":[{"href":"https:\/\/internacional.ufpr.br\/portal\/wp-json\/wp\/v2\/pages\/10214","targetHints":{"allow":["GET"]}}],"collection":[{"href":"https:\/\/internacional.ufpr.br\/portal\/wp-json\/wp\/v2\/pages"}],"about":[{"href":"https:\/\/internacional.ufpr.br\/portal\/wp-json\/wp\/v2\/types\/page"}],"author":[{"embeddable":true,"href":"https:\/\/internacional.ufpr.br\/portal\/wp-json\/wp\/v2\/users\/24"}],"replies":[{"embeddable":true,"href":"https:\/\/internacional.ufpr.br\/portal\/wp-json\/wp\/v2\/comments?post=10214"}],"version-history":[{"count":5,"href":"https:\/\/internacional.ufpr.br\/portal\/wp-json\/wp\/v2\/pages\/10214\/revisions"}],"predecessor-version":[{"id":10219,"href":"https:\/\/internacional.ufpr.br\/portal\/wp-json\/wp\/v2\/pages\/10214\/revisions\/10219"}],"wp:attachment":[{"href":"https:\/\/internacional.ufpr.br\/portal\/wp-json\/wp\/v2\/media?parent=10214"}],"curies":[{"name":"wp","href":"https:\/\/api.w.org\/{rel}","templated":true}]}}